{"id":4167,"date":"2025-07-26T11:05:00","date_gmt":"2025-07-26T04:05:00","guid":{"rendered":"https:\/\/partvietnam.com\/?post_type=product&#038;p=4167"},"modified":"2025-07-31T07:42:28","modified_gmt":"2025-07-31T00:42:28","slug":"o-cung-hpe-1-2tb-sas-12g-mission-critical-10k-sff-bc-3-year-warranty-multi-vendor-hdd-p28586-b21","status":"publish","type":"product","link":"https:\/\/partvietnam.com\/en\/product\/o-cung-hpe-1-2tb-sas-12g-mission-critical-10k-sff-bc-3-year-warranty-multi-vendor-hdd-p28586-b21\/","title":{"rendered":"\u1ed4 c\u1ee9ng HPE 1.2TB SAS 12G Mission Critical 10K SFF BC 3-year Warranty Multi Vendor HDD P28586-B21"},"content":{"rendered":"<?xml encoding=\"utf-8\" ?><p>&#7892; c&#7913;ng SAS 1.2TB c&#7911;a HPE, l&yacute; t&#432;&#7903;ng cho c&aacute;c m&ocirc;i tr&#432;&#7901;ng doanh nghi&#7879;p y&ecirc;u c&#7847;u hi&#7879;u su&#7845;t cao, &#273;&#7897; tin c&#7853;y v&agrave; ho&#7841;t &#273;&#7897;ng li&ecirc;n t&#7909;c. D&ograve;ng s&#7843;n ph&#7849;m Mission Critical n&agrave;y &#273;&#7843;m b&#7843;o x&#7917; l&yacute; d&#7919; li&#7879;u quan tr&#7885;ng v&#7899;i hi&#7879;u n&#259;ng t&#7889;i &#432;u v&agrave; &#273;&#7897; b&#7873;n v&#432;&#7907;t tr&#7897;i.<\/p><h3>T&iacute;nh n&#259;ng n&#7893;i b&#7853;t <a href=\"https:\/\/partvietnam.com\/san-pham\/\">s&#7843;n ph&#7849;m<\/a>:<\/h3><ul>\n<li><strong>Dung l&#432;&#7907;ng 1.2TB<\/strong>&nbsp;&#273;&aacute;p &#7913;ng nhu c&#7847;u l&#432;u tr&#7919; d&#7919; li&#7879;u l&#7899;n c&#7911;a c&aacute;c h&#7879; th&#7889;ng doanh nghi&#7879;p.<\/li>\n<li><strong>T&#7889;c &#273;&#7897; quay 10,000 v&ograve;ng\/ph&uacute;t (10K RPM)<\/strong>&nbsp;cung c&#7845;p hi&#7879;u su&#7845;t truy c&#7853;p d&#7919; li&#7879;u nhanh ch&oacute;ng.<\/li>\n<li><strong>Giao di&#7879;n SAS 12Gb\/s<\/strong>&nbsp;gi&uacute;p truy&#7873;n t&#7843;i d&#7919; li&#7879;u nhanh v&agrave; &#7893;n &#273;&#7883;nh.<\/li>\n<li><strong>Thi&#7871;t k&#7871; SFF (Small Form Factor)<\/strong>&nbsp;ph&ugrave; h&#7907;p cho c&aacute;c h&#7879; th&#7889;ng ti&#7871;t ki&#7879;m kh&ocirc;ng gian, nh&#7887; g&#7885;n.<\/li>\n<li><strong>Chuy&ecirc;n d&#7909;ng cho m&ocirc;i tr&#432;&#7901;ng Mission Critical<\/strong>, &#273;&#7843;m b&#7843;o ho&#7841;t &#273;&#7897;ng li&ecirc;n t&#7909;c, &#273;&#7897; b&#7873;n cao v&agrave; tin c&#7853;y t&#7889;i &#273;a.<\/li>\n<li><strong>H&#7907;p t&aacute;c &#273;a nh&agrave; cung c&#7845;p (Multi Vendor)<\/strong>&nbsp;linh ho&#7841;t t&iacute;ch h&#7907;p trong nhi&#7873;u h&#7879; th&#7889;ng kh&aacute;c nhau.<\/li>\n<li><strong>B&#7843;o h&agrave;nh 3 n&#259;m<\/strong>&nbsp;nh&#7857;m &#273;&#7843;m b&#7843;o s&#7921; y&ecirc;n t&acirc;m v&#7853;n h&agrave;nh l&acirc;u d&agrave;i.<\/li>\n<\/ul>\n","protected":false},"excerpt":{"rendered":"<ul>\n<li>T\u00ean s\u1ea3n ph\u1ea9m: \u1ed4 c\u1ee9ng HPE 1.2TB SAS 12G Mission Critical 10K SFF BC<\/li>\n<li>Lo\u1ea1i \u1ed5 c\u1ee9ng: SAS (Serial Attached SCSI)<\/li>\n<li>Dung l\u01b0\u1ee3ng: 1.2TB<\/li>\n<li>Giao th\u1ee9c k\u1ebft n\u1ed1i: SAS 12G<\/li>\n<li>T\u1ed1c \u0111\u1ed9 v\u00f2ng quay: 10.000 v\u00f2ng\/ph\u00fat (10K RPM)<\/li>\n<li>H\u1ed7 tr\u1ee3 \u0111a nh\u00e0 cung c\u1ea5p: C\u00f3<\/li>\n<li>Chu\u1ea9n khe c\u1eafm: SFF (Small Form Factor)<\/li>\n<li>B\u1ea3o h\u00e0nh: 36 th\u00e1ng<\/li>\n<li>M\u1ee5c \u0111\u00edch s\u1eed d\u1ee5ng: H\u1ec7 th\u1ed1ng doanh nghi\u1ec7p, mission critical<\/li>\n<li>Ti\u00eau chu\u1ea9n v\u00e0 ch\u1ea5t l\u01b0\u1ee3ng: Ch\u00ednh h\u00e3ng, \u0111\u1ed9 b\u1ec1n cao, tin c\u1eady<\/li>\n<\/ul>\n","protected":false},"featured_media":4168,"comment_status":"open","ping_status":"closed","template":"","meta":{"_acf_changed":false,"_eb_attr":"","_bst_post_transparent":"default","_bst_post_title":"","_bst_post_layout":"default","_bst_post_sidebar_id":"","_bst_post_content_style":"default","_bst_post_vertical_padding":"default","_bst_post_feature":"","_bst_post_feature_position":"","_bst_post_header":false,"_bst_post_footer":false},"product_brand":[],"product_cat":[216],"product_tag":[],"product_brands":[],"class_list":{"0":"post-4167","1":"product","2":"type-product","3":"status-publish","4":"has-post-thumbnail","6":"product_cat-o-cung","8":"first","9":"instock","10":"shipping-taxable","11":"purchasable","12":"product-type-simple","13":"entry","14":"content-bg","15":"loop-entry"},"acf":[],"aioseo_notices":[],"_links":{"self":[{"href":"https:\/\/partvietnam.com\/en\/wp-json\/wp\/v2\/product\/4167","targetHints":{"allow":["GET"]}}],"collection":[{"href":"https:\/\/partvietnam.com\/en\/wp-json\/wp\/v2\/product"}],"about":[{"href":"https:\/\/partvietnam.com\/en\/wp-json\/wp\/v2\/types\/product"}],"replies":[{"embeddable":true,"href":"https:\/\/partvietnam.com\/en\/wp-json\/wp\/v2\/comments?post=4167"}],"wp:featuredmedia":[{"embeddable":true,"href":"https:\/\/partvietnam.com\/en\/wp-json\/wp\/v2\/media\/4168"}],"wp:attachment":[{"href":"https:\/\/partvietnam.com\/en\/wp-json\/wp\/v2\/media?parent=4167"}],"wp:term":[{"taxonomy":"product_brand","embeddable":true,"href":"https:\/\/partvietnam.com\/en\/wp-json\/wp\/v2\/product_brand?post=4167"},{"taxonomy":"product_cat","embeddable":true,"href":"https:\/\/partvietnam.com\/en\/wp-json\/wp\/v2\/product_cat?post=4167"},{"taxonomy":"product_tag","embeddable":true,"href":"https:\/\/partvietnam.com\/en\/wp-json\/wp\/v2\/product_tag?post=4167"},{"taxonomy":"product_brands","embeddable":true,"href":"https:\/\/partvietnam.com\/en\/wp-json\/wp\/v2\/product_brands?post=4167"}],"curies":[{"name":"wp","href":"https:\/\/api.w.org\/{rel}","templated":true}]}}