{"id":4231,"date":"2025-07-31T09:34:51","date_gmt":"2025-07-31T02:34:51","guid":{"rendered":"https:\/\/partvietnam.com\/?post_type=product&#038;p=4231"},"modified":"2026-04-23T08:42:31","modified_gmt":"2026-04-23T01:42:31","slug":"may-quay-camera-ip-hikvision-ds-2cd1p27g2-luf","status":"publish","type":"product","link":"https:\/\/partvietnam.com\/en\/product\/may-quay-camera-ip-hikvision-ds-2cd1p27g2-luf\/","title":{"rendered":"M\u00e1y quay CAMERA IP HIKVISION DS-2CD1P27G2-LUF"},"content":{"rendered":"<?xml encoding=\"utf-8\" ?><p style=\"text-align: justify\"><span style=\"font-size: 14pt\"><strong data-start=\"202\" data-end=\"232\">Hikvision DS-2CD1P27G2-LUF<\/strong> l&agrave; camera IP d&#7841;ng bullet c&oacute; kh&#7843; n&#259;ng quay qu&eacute;t (pan\/tilt), &#273;&#7897; ph&acirc;n gi&#7843;i Full HD 2MP, t&iacute;ch h&#7907;p c&ocirc;ng ngh&#7879; ColorVu cho h&igrave;nh &#7843;nh c&oacute; m&agrave;u 24\/7. Camera h&#7895; tr&#7907; &#273;&egrave;n &aacute;nh s&aacute;ng tr&#7855;ng gi&uacute;p quan s&aacute;t ban &#273;&ecirc;m r&otilde; r&agrave;ng, kh&#7843; n&#259;ng b&#7843;o v&#7879; ngo&agrave;i tr&#7901;i &#273;&#7841;t chu&#7849;n IP66, ph&ugrave; h&#7907;p cho c&#7843; m&ocirc;i tr&#432;&#7901;ng trong nh&agrave; l&#7851;n ngo&agrave;i tr&#7901;i.<\/span><\/p><h2 style=\"text-align: justify\" data-start=\"536\" data-end=\"562\"><span style=\"font-size: 14pt\"><strong data-start=\"541\" data-end=\"562\">T&iacute;nh n&#259;ng n&#7893;i b&#7853;t <a href=\"https:\/\/partvietnam.com\/san-pham\/\">s&#7843;n ph&#7849;m<\/a><\/strong><\/span><\/h2><ul data-start=\"563\" data-end=\"1300\">\n<li style=\"text-align: justify\" data-start=\"563\" data-end=\"694\">\n<p data-start=\"565\" data-end=\"694\"><span style=\"font-size: 14pt\"><strong data-start=\"565\" data-end=\"597\">&#272;&#7897; ph&acirc;n gi&#7843;i 2MP (1920&times;1080)<\/strong>, trang b&#7883; c&ocirc;ng ngh&#7879; <strong data-start=\"618\" data-end=\"629\">ColorVu<\/strong> ghi h&igrave;nh m&agrave;u s&#7855;c sinh &#273;&#7897;ng ngay c&#7843; trong &#273;i&#7873;u ki&#7879;n &aacute;nh s&aacute;ng y&#7871;u.<\/span><\/p>\n<\/li>\n<li style=\"text-align: justify\" data-start=\"695\" data-end=\"774\">\n<p data-start=\"697\" data-end=\"774\"><span style=\"font-size: 14pt\"><strong data-start=\"697\" data-end=\"720\">Quay qu&eacute;t linh ho&#7841;t<\/strong>: G&oacute;c quay ngang &plusmn;100&deg;, g&oacute;c quay d&#7885;c t&#7915; &minus;20&deg; &#273;&#7871;n +45&deg;.<\/span><\/p>\n<\/li>\n<li style=\"text-align: justify\" data-start=\"775\" data-end=\"871\">\n<p data-start=\"777\" data-end=\"871\"><span style=\"font-size: 14pt\"><strong data-start=\"777\" data-end=\"808\">&#272;&egrave;n &aacute;nh s&aacute;ng tr&#7855;ng t&iacute;ch h&#7907;p<\/strong> v&#7899;i t&#7847;m xa l&ecirc;n &#273;&#7871;n <strong data-start=\"828\" data-end=\"838\">30 m&eacute;t<\/strong>, h&#7895; tr&#7907; h&igrave;nh &#7843;nh c&oacute; m&agrave;u ban &#273;&ecirc;m.<\/span><\/p>\n<\/li>\n<li style=\"text-align: justify\" data-start=\"872\" data-end=\"958\">\n<p data-start=\"874\" data-end=\"958\"><span style=\"font-size: 14pt\"><strong data-start=\"874\" data-end=\"913\">Chu&#7849;n n&eacute;n H.265+\/H.265\/H.264+\/H.264<\/strong>, ti&#7871;t ki&#7879;m b&#259;ng th&ocirc;ng v&agrave; dung l&#432;&#7907;ng l&#432;u tr&#7919;.<\/span><\/p>\n<\/li>\n<li style=\"text-align: justify\" data-start=\"959\" data-end=\"1045\">\n<p data-start=\"961\" data-end=\"1045\"><span style=\"font-size: 14pt\"><strong data-start=\"961\" data-end=\"985\">Ph&acirc;n t&iacute;ch th&ocirc;ng minh<\/strong>: ph&aacute;t hi&#7879;n chuy&#7875;n &#273;&#7897;ng 2.0, ph&acirc;n bi&#7879;t ng&#432;&#7901;i v&agrave; ph&#432;&#417;ng ti&#7879;n.<\/span><\/p>\n<\/li>\n<li style=\"text-align: justify\" data-start=\"1046\" data-end=\"1136\">\n<p data-start=\"1048\" data-end=\"1136\"><span style=\"font-size: 14pt\"><strong data-start=\"1048\" data-end=\"1071\">C&ocirc;ng ngh&#7879; WDR 120dB<\/strong>, gi&#7843;m ng&#432;&#7907;c s&aacute;ng, t&#259;ng &#273;&#7897; r&otilde; trong m&ocirc;i tr&#432;&#7901;ng &aacute;nh s&aacute;ng ph&#7913;c t&#7841;p.<\/span><\/p>\n<\/li>\n<li style=\"text-align: justify\" data-start=\"1137\" data-end=\"1202\">\n<p data-start=\"1139\" data-end=\"1202\"><span style=\"font-size: 14pt\"><strong data-start=\"1139\" data-end=\"1175\">Ch&#7889;ng n&#432;&#7899;c, ch&#7889;ng b&#7909;i chu&#7849;n IP66<\/strong>, ho&#7841;t &#273;&#7897;ng t&#7889;t ngo&agrave;i tr&#7901;i.<\/span><\/p>\n<\/li>\n<li data-start=\"1203\" data-end=\"1300\">\n<p style=\"text-align: justify\" data-start=\"1205\" data-end=\"1300\"><span style=\"font-size: 14pt\"><strong data-start=\"1205\" data-end=\"1235\">H&#7895; tr&#7907; microSD v&agrave; &acirc;m thanh<\/strong>: phi&ecirc;n b&#7843;n LUF t&iacute;ch h&#7907;p micro v&agrave; khe c&#7855;m th&#7867; nh&#7899; (t&#7889;i &#273;a 256GB).<\/span><\/p>\n<\/li>\n<\/ul>\n","protected":false},"excerpt":{"rendered":"<p><span style=\"font-size: 14pt\">HIKVISION DS-2CD1P27G2-LUF l\u00e0 d\u00f2ng Camera IP th\u1ebf h\u1ec7 m\u1edbi hi\u1ec7n \u0111\u1ea1i v\u01b0\u1ee3t tr\u1ed9i c\u1ee7a Hikviison. V\u1edbi ch\u1ee9c n\u0103ng quay qu\u00e9t linh ho\u1ea1t cho g\u00f3c nh\u00ecn r\u1ed9ng h\u01a1n v\u00e0 bao qu\u00e1t t\u1ed1t h\u01a1n h\u01a1n so v\u1edbi d\u00f2ng camera th\u00e2n tr\u1ee5 c\u1ed1 \u0111\u1ecbnh tr\u01b0\u1edbc \u0111\u00f3. Kh\u00f4ng ch\u1ec9 v\u1eady, camera DS-2CD1P27G2-LUF c\u00f2n cho h\u00ecnh \u1ea3nh s\u1eafc n\u00e9t h\u01a1n c\u1ea3 v\u1edbi \u0111\u1ed9 ph\u00e2n gi\u1ea3i l\u00ean t\u1edbi Full HD1080P. D\u00f2ng s\u1ea3n ph\u1ea9m n\u00e0y ph\u00f9 h\u1ee3p l\u1eafp \u0111\u1eb7t t\u1ea1i nh\u00e0 ri\u00eang, v\u0103n ph\u00f2ng, c\u01a1 quan, ho\u1eb7c nh\u00e0 m\u00e1y v\u1edbi hi\u1ec7u qu\u1ea3 gi\u00e1m s\u00e1t cao.<\/span><\/p>\n<p><span style=\"font-size: 14pt\"><strong>\u2013 \u01afu \u0111i\u1ec3m:<\/strong>\u00a0H\u1ed7 tr\u1ee3 xoay, T\u00edch h\u1ee3p micro thu ti\u1ebfng, L\u01b0u video th\u1ebb nh\u1edb 256GB. H\u1ed3ng ngo\u1ea1i ban \u0111\u00eam c\u00f3 m\u00e0u 24\/7.<\/span><br \/>\n<span style=\"font-size: 14pt\"><strong>\u2013 V\u1ecb tr\u00ed l\u1eafp \u0111\u1eb7t:<\/strong>\u00a0Trong nh\u00e0 ho\u1eb7c tr\u1ef1c ti\u1ebfp ngo\u00e0i tr\u1eddi.<\/span><br \/>\n<span style=\"font-size: 14pt\"><strong>\u2013 C\u00e1ch xem tr\u00ean \u0111i\u1ec7n tho\u1ea1i:<\/strong>\u00a0Ph\u1ea7n m\u1ec1m Hik-connnet.<\/span><\/p>\n","protected":false},"featured_media":4239,"comment_status":"open","ping_status":"closed","template":"","meta":{"_acf_changed":false,"_eb_attr":"","_bst_post_transparent":"default","_bst_post_title":"","_bst_post_layout":"default","_bst_post_sidebar_id":"","_bst_post_content_style":"default","_bst_post_vertical_padding":"default","_bst_post_feature":"","_bst_post_feature_position":"","_bst_post_header":false,"_bst_post_footer":false},"product_brand":[],"product_cat":[397],"product_tag":[],"product_brands":[],"class_list":{"0":"post-4231","1":"product","2":"type-product","3":"status-publish","4":"has-post-thumbnail","6":"product_cat-camera","8":"first","9":"instock","10":"shipping-taxable","11":"product-type-simple","12":"entry","13":"content-bg","14":"loop-entry"},"acf":[],"aioseo_notices":[],"_links":{"self":[{"href":"https:\/\/partvietnam.com\/en\/wp-json\/wp\/v2\/product\/4231","targetHints":{"allow":["GET"]}}],"collection":[{"href":"https:\/\/partvietnam.com\/en\/wp-json\/wp\/v2\/product"}],"about":[{"href":"https:\/\/partvietnam.com\/en\/wp-json\/wp\/v2\/types\/product"}],"replies":[{"embeddable":true,"href":"https:\/\/partvietnam.com\/en\/wp-json\/wp\/v2\/comments?post=4231"}],"wp:featuredmedia":[{"embeddable":true,"href":"https:\/\/partvietnam.com\/en\/wp-json\/wp\/v2\/media\/4239"}],"wp:attachment":[{"href":"https:\/\/partvietnam.com\/en\/wp-json\/wp\/v2\/media?parent=4231"}],"wp:term":[{"taxonomy":"product_brand","embeddable":true,"href":"https:\/\/partvietnam.com\/en\/wp-json\/wp\/v2\/product_brand?post=4231"},{"taxonomy":"product_cat","embeddable":true,"href":"https:\/\/partvietnam.com\/en\/wp-json\/wp\/v2\/product_cat?post=4231"},{"taxonomy":"product_tag","embeddable":true,"href":"https:\/\/partvietnam.com\/en\/wp-json\/wp\/v2\/product_tag?post=4231"},{"taxonomy":"product_brands","embeddable":true,"href":"https:\/\/partvietnam.com\/en\/wp-json\/wp\/v2\/product_brands?post=4231"}],"curies":[{"name":"wp","href":"https:\/\/api.w.org\/{rel}","templated":true}]}}