{"id":4235,"date":"2025-07-31T09:17:39","date_gmt":"2025-07-31T02:17:39","guid":{"rendered":"https:\/\/partvietnam.com\/?post_type=product&#038;p=4235"},"modified":"2025-07-31T14:45:06","modified_gmt":"2025-07-31T07:45:06","slug":"bo-nguon-hpe-1600w-flex-slot-platinum-hot-plug-low-halogen-power-supply-kit-p38997-b21","status":"publish","type":"product","link":"https:\/\/partvietnam.com\/en\/product\/bo-nguon-hpe-1600w-flex-slot-platinum-hot-plug-low-halogen-power-supply-kit-p38997-b21\/","title":{"rendered":"B\u1ed9 ngu\u1ed3n HPE 1600W Flex Slot Platinum Hot Plug Low Halogen Power Supply Kit P38997-B21"},"content":{"rendered":"<?xml encoding=\"utf-8\" ?><p style=\"text-align: justify\">B&#7897; ngu&#7891;n HPE 1600W Flex Slot Platinum Hot Plug Low Halogen Power Supply Kit (P38997-B21) l&agrave; b&#7897; ngu&#7891;n c&ocirc;ng su&#7845;t l&#7899;n, hi&#7879;u su&#7845;t cao, &#273;&#432;&#7907;c thi&#7871;t k&#7871; d&agrave;nh cho c&aacute;c h&#7879; th&#7889;ng m&aacute;y ch&#7911; HPE y&ecirc;u c&#7847;u c&#7845;u h&igrave;nh ph&#7847;n c&#7913;ng m&#7841;nh m&#7869; v&agrave; kh&#7843; n&#259;ng m&#7903; r&#7897;ng cao. Thi&#7871;t k&#7871; Flex Slot nh&#7887; g&#7885;n v&agrave; c&oacute; th&#7875; ho&aacute;n &#273;&#7893;i n&oacute;ng gi&uacute;p d&#7877; d&agrave;ng thay th&#7871; m&agrave; kh&ocirc;ng l&agrave;m gi&aacute;n &#273;o&#7841;n ho&#7841;t &#273;&#7897;ng. B&#7897; ngu&#7891;n &#273;&#7841;t chu&#7849;n 80 PLUS Platinum, cho hi&#7879;u su&#7845;t chuy&#7875;n &#273;&#7893;i l&ecirc;n &#273;&#7871;n 94%, gi&uacute;p ti&#7871;t ki&#7879;m &#273;i&#7879;n n&#259;ng v&agrave; gi&#7843;m nhi&#7879;t l&#432;&#7907;ng t&#7887;a ra. Ngo&agrave;i ra, b&#7897; ngu&#7891;n &#273;&#7841;t chu&#7849;n Low Halogen, th&acirc;n thi&#7879;n v&#7899;i m&ocirc;i tr&#432;&#7901;ng.<\/p><h2><strong>T&iacute;nh n&#259;ng n&#7893;i b&#7853;t <a href=\"https:\/\/partvietnam.com\/san-pham\/\">s&#7843;n ph&#7849;m<\/a><\/strong><\/h2><ul>\n<li data-start=\"815\" data-end=\"903\">\n<p data-start=\"817\" data-end=\"903\"><strong data-start=\"819\" data-end=\"842\">C&ocirc;ng su&#7845;t cao 1600W<\/strong> &ndash; h&#7895; tr&#7907; c&aacute;c c&#7845;u h&igrave;nh m&aacute;y ch&#7911; c&oacute; nhi&#7873;u CPU, GPU ho&#7863;c &#7893; c&#7913;ng.<\/p>\n<\/li>\n<li data-start=\"904\" data-end=\"998\">\n<p data-start=\"906\" data-end=\"998\"><strong data-start=\"909\" data-end=\"931\">Thi&#7871;t k&#7871; Flex Slot<\/strong> &ndash; chu&#7849;n h&oacute;a k&iacute;ch th&#432;&#7899;c, d&#7877; d&agrave;ng thay th&#7871;, n&acirc;ng c&#7845;p v&agrave; t&#432;&#417;ng th&iacute;ch.<\/p>\n<\/li>\n<li data-start=\"999\" data-end=\"1095\">\n<p data-start=\"1001\" data-end=\"1095\"><strong data-start=\"1004\" data-end=\"1033\">Hot-Plug h&#7895; tr&#7907; thay n&oacute;ng<\/strong> &ndash; kh&ocirc;ng c&#7847;n t&#7855;t h&#7879; th&#7889;ng khi thay PSU, &#273;&#7843;m b&#7843;o uptime t&#7889;i &#273;a.<\/p>\n<\/li>\n<li data-start=\"1096\" data-end=\"1191\">\n<p data-start=\"1098\" data-end=\"1191\"><strong data-start=\"1101\" data-end=\"1129\">Hi&#7879;u su&#7845;t Platinum (94%)<\/strong> &ndash; gi&#7843;m &#273;i&#7879;n n&#259;ng ti&ecirc;u th&#7909;, t&#7889;i &#432;u v&#7853;n h&agrave;nh trung t&acirc;m d&#7919; li&#7879;u.<\/p>\n<\/li>\n<li data-start=\"1192\" data-end=\"1275\">\n<p data-start=\"1194\" data-end=\"1275\"><strong data-start=\"1197\" data-end=\"1221\">Thi&#7871;t k&#7871; Low Halogen<\/strong> &ndash; th&acirc;n thi&#7879;n m&ocirc;i tr&#432;&#7901;ng, gi&#7843;m thi&#7875;u c&aacute;c ch&#7845;t &#273;&#7897;c h&#7841;i.<\/p>\n<\/li>\n<li data-start=\"1276\" data-end=\"1357\">\n<p data-start=\"1278\" data-end=\"1357\"><strong data-start=\"1280\" data-end=\"1356\">T&#432;&#417;ng th&iacute;ch ho&agrave;n to&agrave;n v&#7899;i c&aacute;c d&ograve;ng m&aacute;y ch&#7911; HPE ProLiant Gen10\/Gen10 Plus<\/strong>.<\/p>\n<\/li>\n<\/ul>\n","protected":false},"excerpt":{"rendered":"<ul>\n<li data-start=\"3300\" data-end=\"3324\">\n<p data-start=\"3302\" data-end=\"3324\"><strong data-start=\"3302\" data-end=\"3316\">C\u00f4ng su\u1ea5t:<\/strong> 1600W<\/p>\n<\/li>\n<li data-start=\"3325\" data-end=\"3360\">\n<p data-start=\"3327\" data-end=\"3360\"><strong data-start=\"3327\" data-end=\"3341\">Hi\u1ec7u su\u1ea5t:<\/strong> 80 PLUS Platinum<\/p>\n<\/li>\n<li data-start=\"3361\" data-end=\"3388\">\n<p data-start=\"3363\" data-end=\"3388\"><strong data-start=\"3363\" data-end=\"3376\">Thi\u1ebft k\u1ebf:<\/strong> Flex Slot<\/p>\n<\/li>\n<li data-start=\"3389\" data-end=\"3409\">\n<p data-start=\"3391\" data-end=\"3409\"><strong data-start=\"3391\" data-end=\"3404\">Hot-Plug:<\/strong> C\u00f3<\/p>\n<\/li>\n<li data-start=\"3410\" data-end=\"3442\">\n<p data-start=\"3412\" data-end=\"3442\"><strong data-start=\"3412\" data-end=\"3428\">\u0110i\u1ec7n \u00e1p v\u00e0o:<\/strong> 200\u2013240V AC<\/p>\n<\/li>\n<li data-start=\"3443\" data-end=\"3466\">\n<p data-start=\"3445\" data-end=\"3466\"><strong data-start=\"3445\" data-end=\"3461\">Low Halogen:<\/strong> C\u00f3<\/p>\n<\/li>\n<li data-start=\"3467\" data-end=\"3519\">\n<p data-start=\"3469\" data-end=\"3519\"><strong data-start=\"3469\" data-end=\"3485\">T\u01b0\u01a1ng th\u00edch:<\/strong> HPE ProLiant Gen10 \/ Gen10 Plus<\/p>\n<\/li>\n<li data-start=\"3520\" data-end=\"3560\">\n<p data-start=\"3522\" data-end=\"3560\"><strong data-start=\"3522\" data-end=\"3535\">B\u1ea3o h\u00e0nh:<\/strong> Ch\u00ednh h\u00e3ng 1 n\u0103m ho\u1eb7c theo b\u1ea3o h\u00e0nh m\u00e1y ch\u1ee7<\/p>\n<\/li>\n<\/ul>\n","protected":false},"featured_media":4236,"comment_status":"open","ping_status":"closed","template":"","meta":{"_acf_changed":false,"_eb_attr":"","_bst_post_transparent":"default","_bst_post_title":"","_bst_post_layout":"default","_bst_post_sidebar_id":"","_bst_post_content_style":"default","_bst_post_vertical_padding":"default","_bst_post_feature":"","_bst_post_feature_position":"","_bst_post_header":false,"_bst_post_footer":false},"product_brand":[],"product_cat":[355],"product_tag":[],"product_brands":[],"class_list":{"0":"post-4235","1":"product","2":"type-product","3":"status-publish","4":"has-post-thumbnail","6":"product_cat-linh-kien-va-phu-kien-may-chu","8":"first","9":"instock","10":"shipping-taxable","11":"purchasable","12":"product-type-simple","13":"entry","14":"content-bg","15":"loop-entry"},"acf":[],"aioseo_notices":[],"_links":{"self":[{"href":"https:\/\/partvietnam.com\/en\/wp-json\/wp\/v2\/product\/4235","targetHints":{"allow":["GET"]}}],"collection":[{"href":"https:\/\/partvietnam.com\/en\/wp-json\/wp\/v2\/product"}],"about":[{"href":"https:\/\/partvietnam.com\/en\/wp-json\/wp\/v2\/types\/product"}],"replies":[{"embeddable":true,"href":"https:\/\/partvietnam.com\/en\/wp-json\/wp\/v2\/comments?post=4235"}],"wp:featuredmedia":[{"embeddable":true,"href":"https:\/\/partvietnam.com\/en\/wp-json\/wp\/v2\/media\/4236"}],"wp:attachment":[{"href":"https:\/\/partvietnam.com\/en\/wp-json\/wp\/v2\/media?parent=4235"}],"wp:term":[{"taxonomy":"product_brand","embeddable":true,"href":"https:\/\/partvietnam.com\/en\/wp-json\/wp\/v2\/product_brand?post=4235"},{"taxonomy":"product_cat","embeddable":true,"href":"https:\/\/partvietnam.com\/en\/wp-json\/wp\/v2\/product_cat?post=4235"},{"taxonomy":"product_tag","embeddable":true,"href":"https:\/\/partvietnam.com\/en\/wp-json\/wp\/v2\/product_tag?post=4235"},{"taxonomy":"product_brands","embeddable":true,"href":"https:\/\/partvietnam.com\/en\/wp-json\/wp\/v2\/product_brands?post=4235"}],"curies":[{"name":"wp","href":"https:\/\/api.w.org\/{rel}","templated":true}]}}