{"id":4238,"date":"2025-07-31T09:36:35","date_gmt":"2025-07-31T02:36:35","guid":{"rendered":"https:\/\/partvietnam.com\/?post_type=product&#038;p=4238"},"modified":"2025-07-31T14:46:37","modified_gmt":"2025-07-31T07:46:37","slug":"cac-boot-hpe-ns204i-u-gen11-nvme-hot-plug-boot-optimized-storage-device-p48183-b21","status":"publish","type":"product","link":"https:\/\/partvietnam.com\/en\/product\/cac-boot-hpe-ns204i-u-gen11-nvme-hot-plug-boot-optimized-storage-device-p48183-b21\/","title":{"rendered":"C\u1ea1c boot HPE NS204i-u Gen11 NVMe Hot Plug Boot Optimized Storage Device P48183-B21"},"content":{"rendered":"<?xml encoding=\"utf-8\" ?><p style=\"text-align: justify\">C&#7841;c boot HPE NS204i-u Gen11 NVMe Hot Plug Boot Optimized Storage Device (P48183-B21) l&agrave; thi&#7871;t b&#7883; l&#432;u tr&#7919; d&#7841;ng th&#7867; c&#7855;m &#273;&#432;&#7907;c thi&#7871;t k&#7871; chuy&ecirc;n d&#7909;ng &#273;&#7875; l&agrave;m thi&#7871;t b&#7883; kh&#7903;i &#273;&#7897;ng (boot device) cho c&aacute;c h&#7879; th&#7889;ng m&aacute;y ch&#7911; HPE ProLiant Gen11. Thi&#7871;t b&#7883; s&#7917; d&#7909;ng chu&#7849;n NVMe t&#7889;c &#273;&#7897; cao v&agrave; h&#7895; tr&#7907; hot-plug, gi&uacute;p c&#7843;i thi&#7879;n hi&#7879;u n&#259;ng kh&#7903;i &#273;&#7897;ng, &#273;&#7891;ng th&#7901;i ti&#7871;t ki&#7879;m khe c&#7855;m &#7893; &#273;&#297;a ch&iacute;nh cho c&aacute;c m&#7909;c &#273;&iacute;ch l&#432;u tr&#7919; kh&aacute;c. V&#7899;i thi&#7871;t k&#7871; t&iacute;ch h&#7907;p s&#7861;n 2 &#7893; SSD M.2 NVMe, c&#7841;c NS204i-u l&agrave; gi&#7843;i ph&aacute;p t&#7889;i &#432;u &#273;&#7875; kh&#7903;i &#273;&#7897;ng h&#7879; &#273;i&#7873;u h&agrave;nh tr&ecirc;n c&aacute;c server hi&#7879;n &#273;&#7841;i v&#7899;i hi&#7879;u su&#7845;t v&#432;&#7907;t tr&#7897;i v&agrave; &#273;&#7897; tin c&#7853;y cao.<\/p><h2><strong>T&iacute;nh n&#259;ng n&#7893;i b&#7853;t <a href=\"https:\/\/partvietnam.com\/san-pham\/\">s&#7843;n ph&#7849;m<\/a><\/strong><\/h2><ul>\n<li data-start=\"838\" data-end=\"932\">\n<p data-start=\"840\" data-end=\"932\"><strong data-start=\"842\" data-end=\"871\">T&iacute;ch h&#7907;p 2 &#7893; M.2 NVMe SSD<\/strong> &ndash; s&#7861;n s&agrave;ng c&#7845;u h&igrave;nh RAID 1 &#273;&#7875; kh&#7903;i &#273;&#7897;ng an to&agrave;n, t&#7889;c &#273;&#7897; cao.<\/p>\n<\/li>\n<li data-start=\"933\" data-end=\"1012\">\n<p data-start=\"935\" data-end=\"1012\"><strong data-start=\"938\" data-end=\"967\">Hot-Plug h&#7895; tr&#7907; thay n&oacute;ng<\/strong> &ndash; n&acirc;ng c&#7845;p\/thay th&#7871; m&agrave; kh&ocirc;ng c&#7847;n t&#7855;t server.<\/p>\n<\/li>\n<li data-start=\"1013\" data-end=\"1092\">\n<p data-start=\"1015\" data-end=\"1092\"><strong data-start=\"1018\" data-end=\"1042\">Chu&#7849;n giao ti&#7871;p NVMe<\/strong> &ndash; hi&#7879;u su&#7845;t cao h&#417;n h&#7859;n so v&#7899;i SATA truy&#7873;n th&#7889;ng.<\/p>\n<\/li>\n<li data-start=\"1093\" data-end=\"1184\">\n<p data-start=\"1095\" data-end=\"1184\"><strong data-start=\"1097\" data-end=\"1125\">Thi&#7871;t k&#7871; t&#7889;i &#432;u cho boot<\/strong> &ndash; gi&uacute;p gi&#7843;i ph&oacute;ng c&aacute;c khe &#7893; &#273;&#297;a ch&iacute;nh cho l&#432;u tr&#7919; d&#7919; li&#7879;u.<\/p>\n<\/li>\n<li data-start=\"1185\" data-end=\"1264\">\n<p data-start=\"1187\" data-end=\"1264\"><strong data-start=\"1190\" data-end=\"1219\">T&#432;&#417;ng th&iacute;ch v&#7899;i HPE Gen11<\/strong> &ndash; h&#7895; tr&#7907; qu&#7843;n l&yacute;, c&#7845;u h&igrave;nh qua h&#7879; th&#7889;ng iLO.<\/p>\n<\/li>\n<li data-start=\"1265\" data-end=\"1342\">\n<p data-start=\"1267\" data-end=\"1342\"><strong data-start=\"1270\" data-end=\"1287\">H&#7895; tr&#7907; RAID 1<\/strong> &ndash; &#273;&#7843;m b&#7843;o &#273;&#7897; tin c&#7853;y, t&#259;ng t&iacute;nh s&#7861;n s&agrave;ng h&#7879; &#273;i&#7873;u h&agrave;nh.<\/p>\n<\/li>\n<\/ul>\n","protected":false},"excerpt":{"rendered":"<ul>\n<li data-start=\"3459\" data-end=\"3497\">\n<p data-start=\"3461\" data-end=\"3497\"><strong data-start=\"3461\" data-end=\"3476\">Dung l\u01b0\u1ee3ng:<\/strong> 2 x 480GB NVMe M.2<\/p>\n<\/li>\n<li data-start=\"3498\" data-end=\"3531\">\n<p data-start=\"3500\" data-end=\"3531\"><strong data-start=\"3500\" data-end=\"3514\">Giao ti\u1ebfp:<\/strong> NVMe PCIe Gen4<\/p>\n<\/li>\n<li data-start=\"3532\" data-end=\"3574\">\n<p data-start=\"3534\" data-end=\"3574\"><strong data-start=\"3534\" data-end=\"3548\">T\u00ednh n\u0103ng:<\/strong> Hot-Plug, RAID 1 h\u1ed7 tr\u1ee3<\/p>\n<\/li>\n<li data-start=\"3575\" data-end=\"3610\">\n<p data-start=\"3577\" data-end=\"3610\"><strong data-start=\"3577\" data-end=\"3595\">D\u1ea1ng thi\u1ebft k\u1ebf:<\/strong> U.2 2.5&#8243; bay<\/p>\n<\/li>\n<li data-start=\"3611\" data-end=\"3666\">\n<p data-start=\"3613\" data-end=\"3666\"><strong data-start=\"3613\" data-end=\"3626\">\u1ee8ng d\u1ee5ng:<\/strong> Thi\u1ebft b\u1ecb boot t\u1ed1i \u01b0u cho server Gen11<\/p>\n<\/li>\n<li data-start=\"3667\" data-end=\"3706\">\n<p data-start=\"3669\" data-end=\"3706\"><strong data-start=\"3669\" data-end=\"3685\">T\u01b0\u01a1ng th\u00edch:<\/strong> HPE ProLiant Gen11<\/p>\n<\/li>\n<li data-start=\"3707\" data-end=\"3747\">\n<p data-start=\"3709\" data-end=\"3747\"><strong data-start=\"3709\" data-end=\"3722\">B\u1ea3o h\u00e0nh:<\/strong> \u00a0Ch\u00ednh h\u00e3ng 1 n\u0103m<\/p>\n<\/li>\n<\/ul>\n","protected":false},"featured_media":4241,"comment_status":"open","ping_status":"closed","template":"","meta":{"_acf_changed":false,"_eb_attr":"","_bst_post_transparent":"default","_bst_post_title":"","_bst_post_layout":"default","_bst_post_sidebar_id":"","_bst_post_content_style":"default","_bst_post_vertical_padding":"default","_bst_post_feature":"","_bst_post_feature_position":"","_bst_post_header":false,"_bst_post_footer":false},"product_brand":[],"product_cat":[396,216],"product_tag":[],"product_brands":[],"class_list":{"0":"post-4238","1":"product","2":"type-product","3":"status-publish","4":"has-post-thumbnail","6":"product_cat-o-cung-hpe","7":"product_cat-o-cung","9":"first","10":"instock","11":"shipping-taxable","12":"purchasable","13":"product-type-simple","14":"entry","15":"content-bg","16":"loop-entry"},"acf":[],"aioseo_notices":[],"_links":{"self":[{"href":"https:\/\/partvietnam.com\/en\/wp-json\/wp\/v2\/product\/4238","targetHints":{"allow":["GET"]}}],"collection":[{"href":"https:\/\/partvietnam.com\/en\/wp-json\/wp\/v2\/product"}],"about":[{"href":"https:\/\/partvietnam.com\/en\/wp-json\/wp\/v2\/types\/product"}],"replies":[{"embeddable":true,"href":"https:\/\/partvietnam.com\/en\/wp-json\/wp\/v2\/comments?post=4238"}],"wp:featuredmedia":[{"embeddable":true,"href":"https:\/\/partvietnam.com\/en\/wp-json\/wp\/v2\/media\/4241"}],"wp:attachment":[{"href":"https:\/\/partvietnam.com\/en\/wp-json\/wp\/v2\/media?parent=4238"}],"wp:term":[{"taxonomy":"product_brand","embeddable":true,"href":"https:\/\/partvietnam.com\/en\/wp-json\/wp\/v2\/product_brand?post=4238"},{"taxonomy":"product_cat","embeddable":true,"href":"https:\/\/partvietnam.com\/en\/wp-json\/wp\/v2\/product_cat?post=4238"},{"taxonomy":"product_tag","embeddable":true,"href":"https:\/\/partvietnam.com\/en\/wp-json\/wp\/v2\/product_tag?post=4238"},{"taxonomy":"product_brands","embeddable":true,"href":"https:\/\/partvietnam.com\/en\/wp-json\/wp\/v2\/product_brands?post=4238"}],"curies":[{"name":"wp","href":"https:\/\/api.w.org\/{rel}","templated":true}]}}