{"id":4248,"date":"2025-07-31T09:44:48","date_gmt":"2025-07-31T02:44:48","guid":{"rendered":"https:\/\/partvietnam.com\/?post_type=product&#038;p=4248"},"modified":"2026-04-23T08:42:22","modified_gmt":"2026-04-23T01:42:22","slug":"may-quay-camera-ip-hikvision-ds-2cd1p47g2-luf","status":"publish","type":"product","link":"https:\/\/partvietnam.com\/en\/product\/may-quay-camera-ip-hikvision-ds-2cd1p47g2-luf\/","title":{"rendered":"M\u00e1y quay CAMERA IP HIKVISION DS-2CD1P47G2-LUF"},"content":{"rendered":"<?xml encoding=\"utf-8\" ?><p style=\"text-align: justify\"><span style=\"font-size: 14pt\">HIKVISION DS-2CD1P47G2-LUF l&agrave; m&#7897;t trong nh&#7919;ng s&#7843;n ph&#7849;m camera IP PT ch&#7845;t l&#432;&#7907;ng h&agrave;ng &#273;&#7847;u c&#7911;a Hikvision. Camera DS-2CD1P47G2-L cung c&#7845;p gi&#7843;i ph&aacute;p gi&aacute;m s&aacute;t t&#7889;i &#432;u cho c&aacute;c h&#7879; th&#7889;ng an ninh, &#273;&#7863;c bi&#7879;t d&agrave;nh cho &#273;&#7889;i t&#432;&#7907;ng l&agrave; doanh nghi&#7879;p. Camera HIKVISION DS-2CD1P47G2-LUF c&oacute; kh&#7843; n&#259;ng ch&#7889;ng b&#7909;i v&agrave; n&#432;&#7899;c theo ti&ecirc;u chu&#7849;n IP66 c&oacute; th&#7875; ho&#7841;t &#273;&#7897;ng t&#7889;t trong c&aacute;c &#273;i&#7873;u ki&#7879;n kh&#7855;c nghi&#7879;t m&agrave; kh&ocirc;ng c&#7847;n lo l&#7855;ng v&#7873; vi&#7879;c camera b&#7883; h&#432; h&#7887;ng ho&#7863;c ng&#7915;ng ho&#7841;t &#273;&#7897;ng.Camera ColorVu HIKVISION DS-2CD1P47G2-LUF l&agrave; m&#7897;t s&#7843;n ph&#7849;m ch&#7845;t l&#432;&#7907;ng cao, gi&uacute;p &#273;&#7843;m b&#7843;o an ninh, an to&agrave;n cho ng&#432;&#7901;i d&ugrave;ng v&#7899;i nh&#7919;ng t&iacute;nh n&#259;ng ti&ecirc;n ti&#7871;n b&#7853;c nh&#7845;t.<\/span><\/p><h2 style=\"text-align: justify\" data-start=\"2176\" data-end=\"2201\"><span style=\"font-size: 14pt\"><strong data-start=\"2182\" data-end=\"2201\">&#431;u &#273;i&#7875;m n&#7893;i b&#7853;t<a href=\"https:\/\/partvietnam.com\/san-pham\/\"> s&#7843;n ph&#7849;m<\/a><\/strong><\/span><\/h2><ul data-start=\"2202\" data-end=\"2511\">\n<li style=\"text-align: justify\" data-start=\"2202\" data-end=\"2248\">\n<p data-start=\"2204\" data-end=\"2248\"><span style=\"font-size: 14pt\">Ghi h&igrave;nh m&agrave;u 24\/7 v&#7899;i &#273;&#7897; nh&#7841;y s&aacute;ng c&#7921;c th&#7845;p.<\/span><\/p>\n<\/li>\n<li style=\"text-align: justify\" data-start=\"2249\" data-end=\"2292\">\n<p data-start=\"2251\" data-end=\"2292\"><span style=\"font-size: 14pt\">T&iacute;ch h&#7907;p micro thu &acirc;m v&agrave; khe c&#7855;m th&#7867; nh&#7899;.<\/span><\/p>\n<\/li>\n<li style=\"text-align: justify\" data-start=\"2293\" data-end=\"2348\">\n<p data-start=\"2295\" data-end=\"2348\"><span style=\"font-size: 14pt\">G&oacute;c quay linh ho&#7841;t, ph&ugrave; h&#7907;p gi&aacute;m s&aacute;t kh&ocirc;ng gian r&#7897;ng.<\/span><\/p>\n<\/li>\n<li style=\"text-align: justify\" data-start=\"2349\" data-end=\"2411\">\n<p data-start=\"2351\" data-end=\"2411\"><span style=\"font-size: 14pt\">H&#7895; tr&#7907; ph&acirc;n bi&#7879;t ng&#432;&#7901;i v&agrave; ph&#432;&#417;ng ti&#7879;n &#273;&#7875; c&#7843;nh b&aacute;o ch&iacute;nh x&aacute;c.<\/span><\/p>\n<\/li>\n<li style=\"text-align: justify\" data-start=\"2412\" data-end=\"2470\">\n<p data-start=\"2414\" data-end=\"2470\"><span style=\"font-size: 14pt\">Chu&#7849;n IP66 ho&#7841;t &#273;&#7897;ng b&#7873;n b&#7881; trong m&ocirc;i tr&#432;&#7901;ng ngo&agrave;i tr&#7901;i.<\/span><\/p>\n<\/li>\n<li data-start=\"2471\" data-end=\"2511\">\n<p style=\"text-align: justify\" data-start=\"2473\" data-end=\"2511\"><span style=\"font-size: 14pt\">D&#7877; d&agrave;ng l&#7855;p &#273;&#7863;t v&#7899;i c&#7845;p ngu&#7891;n qua PoE.<\/span><\/p>\n<\/li>\n<\/ul>\n","protected":false},"excerpt":{"rendered":"<p><span style=\"font-size: 14pt\">Camera IP HIKVISION DS-2CD1P47G2-LUF l\u00e0 d\u00f2ng camera quay qu\u00e9t th\u00f4ng minh 4MP, ghi h\u00ecnh m\u00e0u 24\/7 v\u1edbi c\u00f4ng ngh\u1ec7 ColorVu. T\u00edch h\u1ee3p micro, \u0111\u00e8n tr\u1ee3 s\u00e1ng 30m, chu\u1ea9n IP66 v\u00e0 h\u1ed7 tr\u1ee3 ph\u00e1t hi\u1ec7n ng\u01b0\u1eddi\/ph\u01b0\u01a1ng ti\u1ec7n, ph\u00f9 h\u1ee3p cho c\u1ea3 trong nh\u00e0 l\u1eabn ngo\u00e0i tr\u1eddi.<\/span><br \/>\n<span style=\"font-size: 14pt\">Camera IP PT 4M m\u00e0u 24\/7<\/span><br \/>\n<span style=\"font-size: 14pt\">+ C\u1ea3m bi\u1ebfn 1\/3&#8243; Progressive Scan CMOS<\/span><br \/>\n<span style=\"font-size: 14pt\">+ Chu\u1ea9n n\u00e9n H.265+\/H.265\/H.264+\/H.264<\/span><br \/>\n<span style=\"font-size: 14pt\">+ \u0110\u1ed9 nh\u1ea1y s\u00e1ng 0.001 Lux @F1.0, 0 Lux v\u1edbi \u0111\u00e8n tr\u1ee3 s\u00e1ng<\/span><br \/>\n<span style=\"font-size: 14pt\">+ \u0110\u1ed9 ph\u00e2n gi\u1ea3i t\u1ed1i \u0111a: 4M (2560 \u00d7 1440)20fps<\/span><br \/>\n<span style=\"font-size: 14pt\">+ T\u1ea7m xa \u0111\u00e8n tr\u1ee3 s\u00e1ng ban \u0111\u00eam l\u00ean \u0111\u1ebfn 30m<\/span><br \/>\n<span style=\"font-size: 14pt\">+ \u1ed0ng k\u00ednh 2.8mm \/ 4mm<\/span><br \/>\n<span style=\"font-size: 14pt\">+ G\u00f3c quay ngang: -100\u00b0 \u0111\u1ebfn 100\u00b0, g\u00f3c quay d\u1ecdc: -20\u00b0 to 45\u00b0<\/span><br \/>\n<span style=\"font-size: 14pt\">+ Ch\u1ed1ng ng\u01b0\u1ee3c s\u00e1ng WDR 120dB, BLC, HLC, 3D DNR<\/span><br \/>\n<span style=\"font-size: 14pt\">+ (-U) H\u1ed7 tr\u1ee3 micro thu \u00e2m<\/span><br \/>\n<span style=\"font-size: 14pt\">+ (-F) H\u1ed7 tr\u1ee3 n\u00fat reset c\u1ee9ng v\u00e0 khe c\u1eafm th\u1ebb nh\u1edb (256GB)<\/span><br \/>\n<span style=\"font-size: 14pt\">+ H\u1ed7 tr\u1ee3 s\u1ef1 ki\u1ec7n: ph\u00e1t hi\u1ec7n chuy\u1ec3n \u0111\u1ed9ng ng\u01b0\u1eddi \/ ph\u01b0\u01a1ng ti\u1ec7n, video gi\u1ea3 m\u1ea1o,&#8230;<\/span><br \/>\n<span style=\"font-size: 14pt\">+ Chu\u1ea9n IP66<\/span><br \/>\n<span style=\"font-size: 14pt\">\u2022 Ngu\u1ed3n 12V\/PoE<\/span><\/p>\n","protected":false},"featured_media":4239,"comment_status":"open","ping_status":"closed","template":"","meta":{"_acf_changed":false,"_eb_attr":"","_bst_post_transparent":"default","_bst_post_title":"","_bst_post_layout":"default","_bst_post_sidebar_id":"","_bst_post_content_style":"default","_bst_post_vertical_padding":"default","_bst_post_feature":"","_bst_post_feature_position":"","_bst_post_header":false,"_bst_post_footer":false},"product_brand":[],"product_cat":[397],"product_tag":[],"product_brands":[],"class_list":{"0":"post-4248","1":"product","2":"type-product","3":"status-publish","4":"has-post-thumbnail","6":"product_cat-camera","8":"first","9":"instock","10":"shipping-taxable","11":"product-type-simple","12":"entry","13":"content-bg","14":"loop-entry"},"acf":[],"aioseo_notices":[],"_links":{"self":[{"href":"https:\/\/partvietnam.com\/en\/wp-json\/wp\/v2\/product\/4248","targetHints":{"allow":["GET"]}}],"collection":[{"href":"https:\/\/partvietnam.com\/en\/wp-json\/wp\/v2\/product"}],"about":[{"href":"https:\/\/partvietnam.com\/en\/wp-json\/wp\/v2\/types\/product"}],"replies":[{"embeddable":true,"href":"https:\/\/partvietnam.com\/en\/wp-json\/wp\/v2\/comments?post=4248"}],"wp:featuredmedia":[{"embeddable":true,"href":"https:\/\/partvietnam.com\/en\/wp-json\/wp\/v2\/media\/4239"}],"wp:attachment":[{"href":"https:\/\/partvietnam.com\/en\/wp-json\/wp\/v2\/media?parent=4248"}],"wp:term":[{"taxonomy":"product_brand","embeddable":true,"href":"https:\/\/partvietnam.com\/en\/wp-json\/wp\/v2\/product_brand?post=4248"},{"taxonomy":"product_cat","embeddable":true,"href":"https:\/\/partvietnam.com\/en\/wp-json\/wp\/v2\/product_cat?post=4248"},{"taxonomy":"product_tag","embeddable":true,"href":"https:\/\/partvietnam.com\/en\/wp-json\/wp\/v2\/product_tag?post=4248"},{"taxonomy":"product_brands","embeddable":true,"href":"https:\/\/partvietnam.com\/en\/wp-json\/wp\/v2\/product_brands?post=4248"}],"curies":[{"name":"wp","href":"https:\/\/api.w.org\/{rel}","templated":true}]}}