{"id":4254,"date":"2025-07-31T10:10:53","date_gmt":"2025-07-31T03:10:53","guid":{"rendered":"https:\/\/partvietnam.com\/?post_type=product&#038;p=4254"},"modified":"2025-07-31T10:10:53","modified_gmt":"2025-07-31T03:10:53","slug":"may-quay-camera-ip-hikvision-ds-2cd1p47g2-l","status":"publish","type":"product","link":"https:\/\/partvietnam.com\/en\/product\/may-quay-camera-ip-hikvision-ds-2cd1p47g2-l\/","title":{"rendered":"M\u00e1y quay CAMERA IP HIKVISION DS-2CD1P47G2-L"},"content":{"rendered":"<?xml encoding=\"utf-8\" ?><p><span style=\"font-size: 14pt\">HIKVISION DS-2CD1P47G2-L l&agrave; m&#7897;t trong nh&#7919;ng s&#7843;n ph&#7849;m camera IP PT ch&#7845;t l&#432;&#7907;ng h&agrave;ng &#273;&#7847;u c&#7911;a Hikvision. Camera DS-2CD1P47G2-L cung c&#7845;p gi&#7843;i ph&aacute;p gi&aacute;m s&aacute;t t&#7889;i &#432;u cho c&aacute;c h&#7879; th&#7889;ng an ninh, &#273;&#7863;c bi&#7879;t d&agrave;nh cho &#273;&#7889;i t&#432;&#7907;ng l&agrave; doanh nghi&#7879;p.<\/span><\/p><h2 data-start=\"2178\" data-end=\"2203\"><span style=\"font-size: 14pt\"><strong data-start=\"2184\" data-end=\"2203\">&#431;u &#273;i&#7875;m n&#7893;i b&#7853;t <a href=\"https:\/\/partvietnam.com\/san-pham\/\">s&#7843;n ph&#7849;m<\/a><\/strong><\/span><\/h2><ul data-start=\"2204\" data-end=\"2506\">\n<li data-start=\"2204\" data-end=\"2266\">\n<p data-start=\"2206\" data-end=\"2266\"><span style=\"font-size: 14pt\">Ghi h&igrave;nh m&agrave;u 24\/7 v&#7899;i c&ocirc;ng ngh&#7879; <strong data-start=\"2238\" data-end=\"2249\">ColorVu<\/strong> v&agrave; &#273;&egrave;n tr&#7907; s&aacute;ng.<\/span><\/p>\n<\/li>\n<li data-start=\"2267\" data-end=\"2333\">\n<p data-start=\"2269\" data-end=\"2333\"><span style=\"font-size: 14pt\">&#272;&#7897; ph&acirc;n gi&#7843;i 4MP s&#7855;c n&eacute;t, x&#7917; l&yacute; h&igrave;nh &#7843;nh r&otilde; r&agrave;ng c&#7843; ng&agrave;y v&agrave; &#273;&ecirc;m.<\/span><\/p>\n<\/li>\n<li data-start=\"2334\" data-end=\"2395\">\n<p data-start=\"2336\" data-end=\"2395\"><span style=\"font-size: 14pt\">H&#7895; tr&#7907; nh&#7853;n di&#7879;n ng&#432;&#7901;i v&agrave; ph&#432;&#417;ng ti&#7879;n &#273;&#7875; gi&#7843;m c&#7843;nh b&aacute;o gi&#7843;.<\/span><\/p>\n<\/li>\n<li data-start=\"2396\" data-end=\"2455\">\n<p data-start=\"2398\" data-end=\"2455\"><span style=\"font-size: 14pt\">Thi&#7871;t k&#7871; b&#7873;n b&#7881;, ch&#7889;ng ch&#7883;u th&#7901;i ti&#7871;t v&#7899;i chu&#7849;n <strong data-start=\"2446\" data-end=\"2454\">IP66<\/strong>.<\/span><\/p>\n<\/li>\n<li data-start=\"2456\" data-end=\"2506\">\n<p data-start=\"2458\" data-end=\"2506\"><span style=\"font-size: 14pt\">L&#7855;p &#273;&#7863;t d&#7877; d&agrave;ng, c&#7845;p ngu&#7891;n qua <strong data-start=\"2489\" data-end=\"2496\">PoE<\/strong> ti&#7879;n l&#7907;i.<\/span><\/p>\n<\/li>\n<\/ul>\n","protected":false},"excerpt":{"rendered":"<p><span style=\"font-size: 14pt\">HIKVISION DS-2CD1P47G2-L l\u00e0 m\u1ed9t trong nh\u1eefng s\u1ea3n ph\u1ea9m camera IP PT ch\u1ea5t l\u01b0\u1ee3ng h\u00e0ng \u0111\u1ea7u c\u1ee7a Hikvision. Camera DS-2CD1P47G2-L cung c\u1ea5p gi\u1ea3i ph\u00e1p gi\u00e1m s\u00e1t t\u1ed1i \u01b0u cho c\u00e1c h\u1ec7 th\u1ed1ng an ninh, \u0111\u1eb7c bi\u1ec7t d\u00e0nh cho \u0111\u1ed1i t\u01b0\u1ee3ng l\u00e0 doanh nghi\u1ec7p.<br \/>\n\u2013 C\u1ea3m bi\u1ebfn \u1ea3nh 1\/3\u2033 Progressive Scan CMOS<br \/>\n\u2013 Chu\u1ea9n n\u00e9n H.265+\/H.265\/H.264+\/H.264<br \/>\n\u2013 \u0110\u1ed9 nh\u1ea1y s\u00e1ng Color: 0.001 Lux @ (F1.0, AGC ON),0 Lux with light<br \/>\n\u2013 \u0110\u1ed9 ph\u00e2n gi\u1ea3i t\u1ed1i \u0111a: 4M (2560 \u00d7 1440) 25fps<br \/>\n\u2013 \u1ed0ng k\u00ednh 2.8m\/ 4mm<br \/>\n\u2013 T\u1ea7m xa \u0111\u00e8n s\u00e1ng tr\u1eafng l\u00ean \u0111\u1ebfn 30m<br \/>\n\u2013 Ch\u1ed1ng ng\u01b0\u1ee3c s\u00e1ng WDR 120dB, BLC, HLC, 3D DNR<br \/>\n\u2013 H\u1ed7 tr\u1ee3 khe c\u1eafm th\u1ebb nh\u1edb l\u00ean \u0111\u1ebfn 256GB<br \/>\n\u2013 H\u1ed7 tr\u1ee3 s\u1ef1 ki\u1ec7n: ph\u00e1t hi\u1ec7n chuy\u1ec3n \u0111\u1ed9ng ng\u01b0\u1eddi \/ ph\u01b0\u01a1ng ti\u1ec7n, video gi\u1ea3 m\u1ea1o,\u2026<br \/>\n\u2013 Chu\u1ea9n ch\u1ed1ng n\u01b0\u1edbc IP67<br \/>\n\u2013 Ngu\u1ed3n c\u1ea5p: DC 12V\/PoE chu\u1ea9n 802.03af<br \/>\n\u2013 K\u00edch th\u01b0\u1edbc: 197.1 mm \u00d7 105 mm \u00d7 225.4 mm<br \/>\n\u2013 Tr\u1ecdng l\u01b0\u1ee3ng: 900g<br \/>\n\u2013 Xu\u1ea5t x\u1ee9: Trung Qu\u1ed1c<br \/>\n\u2013 B\u1ea3o h\u00e0nh: 24 th\u00e1ng<br \/>\n<\/span><\/p>\n","protected":false},"featured_media":4239,"comment_status":"open","ping_status":"closed","template":"","meta":{"_acf_changed":false,"_eb_attr":"","_bst_post_transparent":"default","_bst_post_title":"","_bst_post_layout":"default","_bst_post_sidebar_id":"","_bst_post_content_style":"default","_bst_post_vertical_padding":"default","_bst_post_feature":"","_bst_post_feature_position":"","_bst_post_header":false,"_bst_post_footer":false},"product_brand":[],"product_cat":[397],"product_tag":[],"product_brands":[],"class_list":{"0":"post-4254","1":"product","2":"type-product","3":"status-publish","4":"has-post-thumbnail","6":"product_cat-camera","8":"first","9":"instock","10":"shipping-taxable","11":"purchasable","12":"product-type-simple","13":"entry","14":"content-bg","15":"loop-entry"},"acf":[],"aioseo_notices":[],"_links":{"self":[{"href":"https:\/\/partvietnam.com\/en\/wp-json\/wp\/v2\/product\/4254","targetHints":{"allow":["GET"]}}],"collection":[{"href":"https:\/\/partvietnam.com\/en\/wp-json\/wp\/v2\/product"}],"about":[{"href":"https:\/\/partvietnam.com\/en\/wp-json\/wp\/v2\/types\/product"}],"replies":[{"embeddable":true,"href":"https:\/\/partvietnam.com\/en\/wp-json\/wp\/v2\/comments?post=4254"}],"wp:featuredmedia":[{"embeddable":true,"href":"https:\/\/partvietnam.com\/en\/wp-json\/wp\/v2\/media\/4239"}],"wp:attachment":[{"href":"https:\/\/partvietnam.com\/en\/wp-json\/wp\/v2\/media?parent=4254"}],"wp:term":[{"taxonomy":"product_brand","embeddable":true,"href":"https:\/\/partvietnam.com\/en\/wp-json\/wp\/v2\/product_brand?post=4254"},{"taxonomy":"product_cat","embeddable":true,"href":"https:\/\/partvietnam.com\/en\/wp-json\/wp\/v2\/product_cat?post=4254"},{"taxonomy":"product_tag","embeddable":true,"href":"https:\/\/partvietnam.com\/en\/wp-json\/wp\/v2\/product_tag?post=4254"},{"taxonomy":"product_brands","embeddable":true,"href":"https:\/\/partvietnam.com\/en\/wp-json\/wp\/v2\/product_brands?post=4254"}],"curies":[{"name":"wp","href":"https:\/\/api.w.org\/{rel}","templated":true}]}}