{"id":4258,"date":"2025-07-31T10:24:38","date_gmt":"2025-07-31T03:24:38","guid":{"rendered":"https:\/\/partvietnam.com\/?post_type=product&#038;p=4258"},"modified":"2025-07-31T10:24:39","modified_gmt":"2025-07-31T03:24:39","slug":"may-quay-camera-ip-hikvision-ds-2cd1p43g2-iuf","status":"publish","type":"product","link":"https:\/\/partvietnam.com\/en\/product\/may-quay-camera-ip-hikvision-ds-2cd1p43g2-iuf\/","title":{"rendered":"M\u00e1y quay CAMERA IP HIKVISION DS-2CD1P43G2-IUF"},"content":{"rendered":"<?xml encoding=\"utf-8\" ?><p>Camera IP Hikvision ngo&agrave;i tr&#7901;i 4MP DS-2CD1P43G2-IUF c&oacute; th&#7875; quay qu&eacute;t c&oacute; th&#7875; xoay ngang d&#7885;c, h&#7895; &#273;&egrave;n s&aacute;ng c&oacute; khe c&#7855;m th&#7867; nh&#7899; l&#432;u tr&#7919; v&agrave; c&oacute; th&#7875; ghi &acirc;m. V&#7899;i vi&#7879;c s&#7917; d&#7909;ng c&#7843;m bi&#7871;n h&igrave;nh &#7843;nh 1\/3 inch Progressive Scan CMOS, camera n&agrave;y kh&ocirc;ng ch&#7881; ch&#7909;p &#7843;nh ch&#7845;t l&#432;&#7907;ng cao m&agrave; c&ograve;n c&oacute; kh&#7843; n&#259;ng x&#7917; l&yacute; h&igrave;nh &#7843;nh m&#432;&#7907;t m&agrave;, &#273;&#7843;m b&#7843;o b&#7841;n lu&ocirc;n c&oacute; &#273;&#432;&#7907;c h&igrave;nh &#7843;nh r&otilde; n&eacute;t v&agrave; chi ti&#7871;t. &#272;&#7897; ph&acirc;n gi&#7843;i 4.0 Megapixel mang l&#7841;i kh&#7843; n&#259;ng zoom m&agrave; kh&ocirc;ng m&#7845;t &#273;i s&#7921; r&otilde; r&agrave;ng, cho ph&eacute;p b&#7841;n d&#7877; d&agrave;ng quan s&aacute;t c&aacute;c chi ti&#7871;t quan tr&#7885;ng.<\/p><h2 data-start=\"1953\" data-end=\"1978\"><strong data-start=\"1959\" data-end=\"1978\">&#431;u &#273;i&#7875;m n&#7893;i b&#7853;t <a href=\"https:\/\/partvietnam.com\/san-pham\/\">s&#7843;n ph&#7849;m<\/a><\/strong><\/h2><ul data-start=\"1979\" data-end=\"2278\">\n<li data-start=\"1979\" data-end=\"2016\">\n<p data-start=\"1981\" data-end=\"2016\">&#272;&#7897; ph&acirc;n gi&#7843;i 4MP, h&igrave;nh &#7843;nh s&#7855;c n&eacute;t.<\/p>\n<\/li>\n<li data-start=\"2017\" data-end=\"2072\">\n<p data-start=\"2019\" data-end=\"2072\">T&iacute;ch h&#7907;p <strong data-start=\"2028\" data-end=\"2044\">micro thu &acirc;m<\/strong> &ndash; h&#7895; tr&#7907; gi&aacute;m s&aacute;t &acirc;m thanh.<\/p>\n<\/li>\n<li data-start=\"2073\" data-end=\"2124\">\n<p data-start=\"2075\" data-end=\"2124\">Chu&#7849;n n&eacute;n H.265+ ti&#7871;t ki&#7879;m b&#259;ng th&ocirc;ng v&agrave; l&#432;u tr&#7919;.<\/p>\n<\/li>\n<li data-start=\"2125\" data-end=\"2186\">\n<p data-start=\"2127\" data-end=\"2186\">Nh&#7853;n di&#7879;n ng&#432;&#7901;i\/ph&#432;&#417;ng ti&#7879;n th&ocirc;ng minh &ndash; gi&#7843;m c&#7843;nh b&aacute;o gi&#7843;.<\/p>\n<\/li>\n<li data-start=\"2187\" data-end=\"2245\">\n<p data-start=\"2189\" data-end=\"2245\">Chu&#7849;n IP67 &ndash; ho&#7841;t &#273;&#7897;ng t&#7889;t trong m&ocirc;i tr&#432;&#7901;ng kh&#7855;c nghi&#7879;t.<\/p>\n<\/li>\n<li data-start=\"2246\" data-end=\"2278\">\n<p data-start=\"2248\" data-end=\"2278\">H&#7891;ng ngo&#7841;i ban &#273;&ecirc;m xa t&#7899;i 30m.<\/p>\n<\/li>\n<\/ul>\n","protected":false},"excerpt":{"rendered":"<p><span style=\"font-size: 14pt\"><strong data-start=\"119\" data-end=\"149\">HIKVISION DS-2CD1P43G2-IUF<\/strong> l\u00e0 camera IP 4MP t\u00edch h\u1ee3p micro thu \u00e2m, chu\u1ea9n n\u00e9n H.265+, h\u1ed7 tr\u1ee3 ph\u00e1t hi\u1ec7n ng\u01b0\u1eddi v\u00e0 ph\u01b0\u01a1ng ti\u1ec7n, ghi h\u00ecnh ban \u0111\u00eam v\u1edbi h\u1ed3ng ngo\u1ea1i t\u1ea7m xa 30m. Ph\u00f9 h\u1ee3p l\u1eafp \u0111\u1eb7t gi\u00e1m s\u00e1t cho v\u0103n ph\u00f2ng, nh\u00e0 x\u01b0\u1edfng, c\u1eeda h\u00e0ng, nh\u00e0 ri\u00eang.Kh\u00f4ng ch\u1ec9 \u0111\u00e1ng tin c\u1eady v\u1ec1 hi\u1ec7u su\u1ea5t,\u00a0<a href=\"https:\/\/vuhoangtelecom.vn\/camera-quan-sat-hikvision\/\" target=\"_blank\" rel=\"noopener\">camera quan s\u00e1t Hikvision<\/a>\u00a0DS-2CD1P43G2-IUF c\u00f2n c\u00f3 ti\u00eau chu\u1ea9n ch\u1ed1ng b\u1ee5i v\u00e0 n\u01b0\u1edbc IP66, cho ph\u00e9p b\u1ea1n s\u1eed d\u1ee5ng n\u00f3 c\u1ea3 trong nh\u1eefng \u0111i\u1ec1u ki\u1ec7n kh\u1eafc nghi\u1ec7t c\u1ee7a m\u00f4i tr\u01b0\u1eddng trong nh\u00e0 v\u00e0 ngo\u00e0i tr\u1eddi. V\u1edbi cam k\u1ebft b\u1ea3o h\u00e0nh 24 th\u00e1ng, b\u1ea1n ho\u00e0n to\u00e0n y\u00ean t\u00e2m v\u1ec1 s\u1ef1 h\u1ed7 tr\u1ee3 v\u00e0 s\u1ef1 b\u1ea3o v\u1ec7 cho s\u1ea3n ph\u1ea9m trong th\u1eddi gian d\u00e0i.<\/span><\/p>\n<p><span style=\"font-size: 14pt\">\u2013 C\u1ea3m bi\u1ebfn \u1ea3nh 1\/3\u2033 Progressive Scan CMOS<\/span><br \/>\n<span style=\"font-size: 14pt\">\u2013 Chu\u1ea9n n\u00e9n H.265+\/H.265\/H.264+\/H.264<\/span><br \/>\n<span style=\"font-size: 14pt\">\u2013 \u0110\u1ed9 nh\u1ea1y s\u00e1ng Color: 0.01 Lux @ (F2.0, AGC ON),B\/W: 0 Lux with IR<\/span><br \/>\n<span style=\"font-size: 14pt\">\u2013 \u0110\u1ed9 ph\u00e2n gi\u1ea3i t\u1ed1i \u0111a: 4M (2560 \u00d7 1440) 25fps<\/span><br \/>\n<span style=\"font-size: 14pt\">\u2013 \u1ed0ng k\u00ednh 2.8mm\/ 4mm<\/span><br \/>\n<span style=\"font-size: 14pt\">\u2013 T\u1ea7m xa \u0111\u00e8n h\u1ed3ng ngo\u1ea1i l\u00ean \u0111\u1ebfn 30m<\/span><br \/>\n<span style=\"font-size: 14pt\">\u2013 G\u00f3c quay ngang: -100\u00b0 \u0111\u1ebfn 100\u00b0, g\u00f3c quay d\u1ecdc: -20\u00b0 to 45\u00b0<\/span><br \/>\n<span style=\"font-size: 14pt\">\u2013 Ch\u1ed1ng ng\u01b0\u1ee3c s\u00e1ng WDR 120dB, BLC, HLC, 3D DNR<\/span><br \/>\n<span style=\"font-size: 14pt\">\u2013 (-U) H\u1ed7 tr\u1ee3 micro thu \u00e2m<\/span><br \/>\n<span style=\"font-size: 14pt\">\u2013 (-F) H\u1ed7 tr\u1ee3 n\u00fat reset c\u1ee9ng v\u00e0 khe c\u1eafm th\u1ebb nh\u1edb (256GB)<\/span><br \/>\n<span style=\"font-size: 14pt\">\u2013 H\u1ed7 tr\u1ee3 s\u1ef1 ki\u1ec7n: ph\u00e1t hi\u1ec7n chuy\u1ec3n \u0111\u1ed9ng ng\u01b0\u1eddi \/ ph\u01b0\u01a1ng ti\u1ec7n, video gi\u1ea3 m\u1ea1o,\u2026<\/span><br \/>\n<span style=\"font-size: 14pt\">\u2013 Chu\u1ea9n ch\u1ed1ng n\u01b0\u1edbc IP66<\/span><br \/>\n<span style=\"font-size: 14pt\">\u2013 Ngu\u1ed3n c\u1ea5p: DC 12V\/PoE chu\u1ea9n 802.03af<\/span><br \/>\n<span style=\"font-size: 14pt\">\u2013 K\u00edch th\u01b0\u1edbc: 197.1 mm \u00d7 105 mm \u00d7 225.4 mm<\/span><br \/>\n<span style=\"font-size: 14pt\">\u2013 Tr\u1ecdng l\u01b0\u1ee3ng: 900g<\/span><br \/>\n<span style=\"font-size: 14pt\">\u2013 Xu\u1ea5t x\u1ee9: Trung Qu\u1ed1c<\/span><br \/>\n<span style=\"font-size: 14pt\">\u2013 B\u1ea3o h\u00e0nh: 24 th\u00e1ng<\/span><\/p>\n","protected":false},"featured_media":4239,"comment_status":"open","ping_status":"closed","template":"","meta":{"_acf_changed":false,"_eb_attr":"","_bst_post_transparent":"default","_bst_post_title":"","_bst_post_layout":"default","_bst_post_sidebar_id":"","_bst_post_content_style":"default","_bst_post_vertical_padding":"default","_bst_post_feature":"","_bst_post_feature_position":"","_bst_post_header":false,"_bst_post_footer":false},"product_brand":[],"product_cat":[397],"product_tag":[],"product_brands":[],"class_list":{"0":"post-4258","1":"product","2":"type-product","3":"status-publish","4":"has-post-thumbnail","6":"product_cat-camera","8":"first","9":"instock","10":"shipping-taxable","11":"purchasable","12":"product-type-simple","13":"entry","14":"content-bg","15":"loop-entry"},"acf":[],"aioseo_notices":[],"_links":{"self":[{"href":"https:\/\/partvietnam.com\/en\/wp-json\/wp\/v2\/product\/4258","targetHints":{"allow":["GET"]}}],"collection":[{"href":"https:\/\/partvietnam.com\/en\/wp-json\/wp\/v2\/product"}],"about":[{"href":"https:\/\/partvietnam.com\/en\/wp-json\/wp\/v2\/types\/product"}],"replies":[{"embeddable":true,"href":"https:\/\/partvietnam.com\/en\/wp-json\/wp\/v2\/comments?post=4258"}],"wp:featuredmedia":[{"embeddable":true,"href":"https:\/\/partvietnam.com\/en\/wp-json\/wp\/v2\/media\/4239"}],"wp:attachment":[{"href":"https:\/\/partvietnam.com\/en\/wp-json\/wp\/v2\/media?parent=4258"}],"wp:term":[{"taxonomy":"product_brand","embeddable":true,"href":"https:\/\/partvietnam.com\/en\/wp-json\/wp\/v2\/product_brand?post=4258"},{"taxonomy":"product_cat","embeddable":true,"href":"https:\/\/partvietnam.com\/en\/wp-json\/wp\/v2\/product_cat?post=4258"},{"taxonomy":"product_tag","embeddable":true,"href":"https:\/\/partvietnam.com\/en\/wp-json\/wp\/v2\/product_tag?post=4258"},{"taxonomy":"product_brands","embeddable":true,"href":"https:\/\/partvietnam.com\/en\/wp-json\/wp\/v2\/product_brands?post=4258"}],"curies":[{"name":"wp","href":"https:\/\/api.w.org\/{rel}","templated":true}]}}