{"id":4260,"date":"2025-07-31T10:50:32","date_gmt":"2025-07-31T03:50:32","guid":{"rendered":"https:\/\/partvietnam.com\/?post_type=product&#038;p=4260"},"modified":"2025-07-31T10:50:32","modified_gmt":"2025-07-31T03:50:32","slug":"may-quay-camera-ip-hikvision-ds-2cd1p43g2-i","status":"publish","type":"product","link":"https:\/\/partvietnam.com\/en\/product\/may-quay-camera-ip-hikvision-ds-2cd1p43g2-i\/","title":{"rendered":"M\u00e1y quay CAMERA IP HIKVISION DS-2CD1P43G2-I"},"content":{"rendered":"<?xml encoding=\"utf-8\" ?><p><strong data-start=\"119\" data-end=\"147\">HIKVISION DS-2CD1P43G2-I<\/strong> l&agrave; camera IP 4MP ghi h&igrave;nh s&#7855;c n&eacute;t, h&#7895; tr&#7907; chu&#7849;n n&eacute;n H.265+, h&#7891;ng ngo&#7841;i ban &#273;&ecirc;m 30 m&eacute;t, kh&#7843; n&#259;ng ph&aacute;t hi&#7879;n ng&#432;&#7901;i\/ph&#432;&#417;ng ti&#7879;n th&ocirc;ng minh. Ph&ugrave; h&#7907;p cho nhu c&#7847;u gi&aacute;m s&aacute;t gia &#273;&igrave;nh, v&#259;n ph&ograve;ng, c&#7917;a h&agrave;ng v&#7899;i chi ph&iacute; t&#7889;i &#432;u.<\/p><h2 data-start=\"1955\" data-end=\"1980\"><strong data-start=\"1961\" data-end=\"1980\">&#431;u &#273;i&#7875;m n&#7893;i b&#7853;t <a href=\"https:\/\/partvietnam.com\/san-pham\/\">s&#7843;n ph&#7849;m<\/a><\/strong><\/h2><ul data-start=\"1981\" data-end=\"2209\">\n<li data-start=\"1981\" data-end=\"2016\">\n<p data-start=\"1983\" data-end=\"2016\">H&igrave;nh &#7843;nh r&otilde; n&eacute;t v&#7899;i c&#7843;m bi&#7871;n 4MP.<\/p>\n<\/li>\n<li data-start=\"2017\" data-end=\"2055\">\n<p data-start=\"2019\" data-end=\"2055\">T&#7889;i &#432;u l&#432;u tr&#7919; v&#7899;i chu&#7849;n n&eacute;n H.265+.<\/p>\n<\/li>\n<li data-start=\"2056\" data-end=\"2097\">\n<p data-start=\"2058\" data-end=\"2097\">H&#7891;ng ngo&#7841;i 30m h&#7895; tr&#7907; quan s&aacute;t &#273;&ecirc;m t&#7889;t.<\/p>\n<\/li>\n<li data-start=\"2098\" data-end=\"2145\">\n<p data-start=\"2100\" data-end=\"2145\">Ph&aacute;t hi&#7879;n ng&#432;&#7901;i v&agrave; ph&#432;&#417;ng ti&#7879;n, gi&#7843;m b&aacute;o gi&#7843;.<\/p>\n<\/li>\n<li data-start=\"2146\" data-end=\"2209\">\n<p data-start=\"2148\" data-end=\"2209\">Thi&#7871;t k&#7871; b&#7873;n b&#7881;, ch&#7889;ng n&#432;&#7899;c IP67, ph&ugrave; h&#7907;p l&#7855;p &#273;&#7863;t ngo&agrave;i tr&#7901;i.<\/p>\n<\/li>\n<\/ul>\n","protected":false},"excerpt":{"rendered":"<p>Camera IP Hikvision ngo\u00e0i tr\u1eddi 4MP DS-2CD1P43G2-I c\u00f3 th\u1ec3 quay qu\u00e9t c\u00f3 th\u1ec3 xoay ngang d\u1ecdc, h\u1ed7 \u0111\u00e8n s\u00e1ng c\u00f3 khe c\u1eafm th\u1ebb nh\u1edb l\u01b0u tr\u1eef v\u00e0 c\u00f3 th\u1ec3 ghi \u00e2m. V\u1edbi vi\u1ec7c s\u1eed d\u1ee5ng c\u1ea3m bi\u1ebfn h\u00ecnh \u1ea3nh 1\/3 inch Progressive Scan CMOS, camera n\u00e0y kh\u00f4ng ch\u1ec9 ch\u1ee5p \u1ea3nh ch\u1ea5t l\u01b0\u1ee3ng cao m\u00e0 c\u00f2n c\u00f3 kh\u1ea3 n\u0103ng x\u1eed l\u00fd h\u00ecnh \u1ea3nh m\u01b0\u1ee3t m\u00e0, \u0111\u1ea3m b\u1ea3o b\u1ea1n lu\u00f4n c\u00f3 \u0111\u01b0\u1ee3c h\u00ecnh \u1ea3nh r\u00f5 n\u00e9t v\u00e0 chi ti\u1ebft. \u0110\u1ed9 ph\u00e2n gi\u1ea3i 4.0 Megapixel mang l\u1ea1i kh\u1ea3 n\u0103ng zoom m\u00e0 kh\u00f4ng m\u1ea5t \u0111i s\u1ef1 r\u00f5 r\u00e0ng, cho ph\u00e9p b\u1ea1n d\u1ec5 d\u00e0ng quan s\u00e1t c\u00e1c chi ti\u1ebft quan tr\u1ecdng.<\/p>\n","protected":false},"featured_media":4239,"comment_status":"open","ping_status":"closed","template":"","meta":{"_acf_changed":false,"_eb_attr":"","_bst_post_transparent":"default","_bst_post_title":"","_bst_post_layout":"default","_bst_post_sidebar_id":"","_bst_post_content_style":"default","_bst_post_vertical_padding":"default","_bst_post_feature":"","_bst_post_feature_position":"","_bst_post_header":false,"_bst_post_footer":false},"product_brand":[],"product_cat":[397],"product_tag":[],"product_brands":[],"class_list":{"0":"post-4260","1":"product","2":"type-product","3":"status-publish","4":"has-post-thumbnail","6":"product_cat-camera","8":"first","9":"instock","10":"shipping-taxable","11":"purchasable","12":"product-type-simple","13":"entry","14":"content-bg","15":"loop-entry"},"acf":[],"aioseo_notices":[],"_links":{"self":[{"href":"https:\/\/partvietnam.com\/en\/wp-json\/wp\/v2\/product\/4260","targetHints":{"allow":["GET"]}}],"collection":[{"href":"https:\/\/partvietnam.com\/en\/wp-json\/wp\/v2\/product"}],"about":[{"href":"https:\/\/partvietnam.com\/en\/wp-json\/wp\/v2\/types\/product"}],"replies":[{"embeddable":true,"href":"https:\/\/partvietnam.com\/en\/wp-json\/wp\/v2\/comments?post=4260"}],"wp:featuredmedia":[{"embeddable":true,"href":"https:\/\/partvietnam.com\/en\/wp-json\/wp\/v2\/media\/4239"}],"wp:attachment":[{"href":"https:\/\/partvietnam.com\/en\/wp-json\/wp\/v2\/media?parent=4260"}],"wp:term":[{"taxonomy":"product_brand","embeddable":true,"href":"https:\/\/partvietnam.com\/en\/wp-json\/wp\/v2\/product_brand?post=4260"},{"taxonomy":"product_cat","embeddable":true,"href":"https:\/\/partvietnam.com\/en\/wp-json\/wp\/v2\/product_cat?post=4260"},{"taxonomy":"product_tag","embeddable":true,"href":"https:\/\/partvietnam.com\/en\/wp-json\/wp\/v2\/product_tag?post=4260"},{"taxonomy":"product_brands","embeddable":true,"href":"https:\/\/partvietnam.com\/en\/wp-json\/wp\/v2\/product_brands?post=4260"}],"curies":[{"name":"wp","href":"https:\/\/api.w.org\/{rel}","templated":true}]}}