{"id":4265,"date":"2025-07-31T10:49:34","date_gmt":"2025-07-31T03:49:34","guid":{"rendered":"https:\/\/partvietnam.com\/?post_type=product&#038;p=4265"},"modified":"2025-07-31T10:49:34","modified_gmt":"2025-07-31T03:49:34","slug":"o-cung-hpe-3-84tb-nvme-gen4-high-performance-read-intensive-sff-bc-u-2-p5520-ssd-p51455-b21","status":"publish","type":"product","link":"https:\/\/partvietnam.com\/en\/product\/o-cung-hpe-3-84tb-nvme-gen4-high-performance-read-intensive-sff-bc-u-2-p5520-ssd-p51455-b21\/","title":{"rendered":"\u1ed4 c\u1ee9ng HPE 3.84TB NVMe Gen4 High Performance Read Intensive SFF BC U.2 P5520 SSD P51455-B21"},"content":{"rendered":"<?xml encoding=\"utf-8\" ?><p style=\"text-align: justify\" data-start=\"271\" data-end=\"732\">&#7892; c&#7913;ng HPE 3.84TB NVMe Gen4 High Performance Read Intensive SFF BC U.2 P5520 SSD (P51455-B21) l&agrave; &#7893; c&#7913;ng th&#7875; r&#7855;n hi&#7879;u n&#259;ng cao, s&#7917; d&#7909;ng giao ti&#7871;p NVMe Gen4 x4, &#273;&#432;&#7907;c t&#7889;i &#432;u cho c&aacute;c t&aacute;c v&#7909; &#273;&#7885;c nhi&#7873;u, ghi &iacute;t trong m&ocirc;i tr&#432;&#7901;ng trung t&acirc;m d&#7919; li&#7879;u hi&#7879;n &#273;&#7841;i. S&#7843;n ph&#7849;m t&iacute;ch h&#7907;p n&#7873;n t&#7843;ng Intel SSD D7-P5520, thu&#7897;c d&ograve;ng Read Intensive (RI), cung c&#7845;p hi&#7879;u su&#7845;t v&#432;&#7907;t tr&#7897;i, &#273;&#7897; tr&#7877; th&#7845;p v&agrave; &#273;&#7897; tin c&#7853;y cao trong c&aacute;c h&#7879; th&#7889;ng m&aacute;y ch&#7911; HPE ProLiant Gen10 Plus v&agrave; Gen11. &#7892; c&oacute; thi&#7871;t k&#7871; SFF 2.5 inch, chu&#7849;n U.2, d&#7877; d&agrave;ng t&iacute;ch h&#7907;p v&agrave;o h&#7841; t&#7847;ng hi&#7879;n t&#7841;i, v&agrave; thu&#7897;c ph&acirc;n kh&uacute;c BC (Business Critical) Multi Vendor, c&acirc;n b&#7857;ng hi&#7879;u n&#259;ng, &#273;&#7897; tin c&#7853;y v&agrave; chi ph&iacute;.<\/p><h2 data-start=\"271\" data-end=\"732\"><strong>T&iacute;nh n&#259;ng n&#7893;i b&#7853;t <a href=\"https:\/\/partvietnam.com\/san-pham\/\">s&#7843;n ph&#7849;m<\/a><\/strong><\/h2><ul>\n<li data-start=\"947\" data-end=\"1037\">\n<p data-start=\"949\" data-end=\"1037\">Chu&#7849;n giao ti&#7871;p NVMe Gen4 x4 t&#7889;c &#273;&#7897; cao, b&#259;ng th&ocirc;ng l&#7899;n, gi&#7843;m thi&#7875;u &#273;&#7897; tr&#7877; cho h&#7879; th&#7889;ng.<\/p>\n<\/li>\n<li data-start=\"1038\" data-end=\"1142\">\n<p data-start=\"1040\" data-end=\"1142\">Dung l&#432;&#7907;ng 3.84TB &#273;&aacute;p &#7913;ng nhu c&#7847;u l&#432;u tr&#7919; l&#7899;n cho &#7913;ng d&#7909;ng &#7843;o h&oacute;a, ph&acirc;n t&iacute;ch, c&#417; s&#7903; d&#7919; li&#7879;u &#273;&#7885;c nhi&#7873;u.<\/p>\n<\/li>\n<li data-start=\"1143\" data-end=\"1251\">\n<p data-start=\"1145\" data-end=\"1251\">D&ograve;ng Read Intensive ph&ugrave; h&#7907;p v&#7899;i workload c&oacute; t&#7847;n su&#7845;t truy xu&#7845;t cao nh&#432;ng ghi th&#7845;p, k&eacute;o d&agrave;i tu&#7893;i th&#7885; &#7893; &#273;&#297;a.<\/p>\n<\/li>\n<li data-start=\"1252\" data-end=\"1343\">\n<p data-start=\"1254\" data-end=\"1343\">Thi&#7871;t k&#7871; SFF &ndash; U.2 gi&uacute;p tri&#7875;n khai linh ho&#7841;t trong c&aacute;c khay &#7893; chu&#7849;n 2.5 inch h&#7895; tr&#7907; NVMe.<\/p>\n<\/li>\n<li data-start=\"1344\" data-end=\"1444\">\n<p data-start=\"1346\" data-end=\"1444\">D&ograve;ng Business Critical Multi Vendor &#273;&#432;&#7907;c ch&#7913;ng nh&#7853;n b&#7903;i HPE, &#273;&#7843;m b&#7843;o ch&#7845;t l&#432;&#7907;ng v&agrave; &#273;&#7897; tin c&#7853;y cao.<\/p>\n<\/li>\n<li data-start=\"1445\" data-end=\"1548\">\n<p data-start=\"1447\" data-end=\"1548\">H&#7895; tr&#7907; c&aacute;c t&iacute;nh n&#259;ng doanh nghi&#7879;p nh&#432; hot-plug, b&#7843;o v&#7879; d&#7919; li&#7879;u &#273;&#7847;u-cu&#7889;i (End-to-End Data Protection).<\/p>\n<\/li>\n<\/ul>\n","protected":false},"excerpt":{"rendered":"<ul>\n<li data-start=\"3847\" data-end=\"3869\">\n<p data-start=\"3849\" data-end=\"3869\">Dung l\u01b0\u1ee3ng: 3.84TB<\/p>\n<\/li>\n<li data-start=\"3870\" data-end=\"3897\">\n<p data-start=\"3872\" data-end=\"3897\">Giao ti\u1ebfp: NVMe Gen4 x4<\/p>\n<\/li>\n<li data-start=\"3898\" data-end=\"3927\">\n<p data-start=\"3900\" data-end=\"3927\">\u0110\u1ecbnh d\u1ea1ng: U.2 \u2013 2.5&#8243; SFF<\/p>\n<\/li>\n<li data-start=\"3928\" data-end=\"3956\">\n<p data-start=\"3930\" data-end=\"3956\">D\u00f2ng SSD: Read Intensive<\/p>\n<\/li>\n<li data-start=\"3957\" data-end=\"3987\">\n<p data-start=\"3959\" data-end=\"3987\">Hi\u1ec7u su\u1ea5t \u0111\u1ecdc: ~7.100 MB\/s<\/p>\n<\/li>\n<li data-start=\"3988\" data-end=\"4036\">\n<p data-start=\"3990\" data-end=\"4036\">T\u01b0\u01a1ng th\u00edch: HPE ProLiant Gen10 Plus \/ Gen11<\/p>\n<\/li>\n<li data-start=\"4037\" data-end=\"4067\">\n<p data-start=\"4039\" data-end=\"4067\">B\u1ea3o h\u00e0nh: 3 n\u0103m ch\u00ednh h\u00e3ng<\/p>\n<\/li>\n<\/ul>\n","protected":false},"featured_media":4174,"comment_status":"open","ping_status":"closed","template":"","meta":{"_acf_changed":false,"_eb_attr":"","_bst_post_transparent":"default","_bst_post_title":"","_bst_post_layout":"default","_bst_post_sidebar_id":"","_bst_post_content_style":"default","_bst_post_vertical_padding":"default","_bst_post_feature":"","_bst_post_feature_position":"","_bst_post_header":false,"_bst_post_footer":false},"product_brand":[],"product_cat":[396,216],"product_tag":[],"product_brands":[],"class_list":{"0":"post-4265","1":"product","2":"type-product","3":"status-publish","4":"has-post-thumbnail","6":"product_cat-o-cung-hpe","7":"product_cat-o-cung","9":"first","10":"instock","11":"shipping-taxable","12":"purchasable","13":"product-type-simple","14":"entry","15":"content-bg","16":"loop-entry"},"acf":[],"aioseo_notices":[],"_links":{"self":[{"href":"https:\/\/partvietnam.com\/en\/wp-json\/wp\/v2\/product\/4265","targetHints":{"allow":["GET"]}}],"collection":[{"href":"https:\/\/partvietnam.com\/en\/wp-json\/wp\/v2\/product"}],"about":[{"href":"https:\/\/partvietnam.com\/en\/wp-json\/wp\/v2\/types\/product"}],"replies":[{"embeddable":true,"href":"https:\/\/partvietnam.com\/en\/wp-json\/wp\/v2\/comments?post=4265"}],"wp:featuredmedia":[{"embeddable":true,"href":"https:\/\/partvietnam.com\/en\/wp-json\/wp\/v2\/media\/4174"}],"wp:attachment":[{"href":"https:\/\/partvietnam.com\/en\/wp-json\/wp\/v2\/media?parent=4265"}],"wp:term":[{"taxonomy":"product_brand","embeddable":true,"href":"https:\/\/partvietnam.com\/en\/wp-json\/wp\/v2\/product_brand?post=4265"},{"taxonomy":"product_cat","embeddable":true,"href":"https:\/\/partvietnam.com\/en\/wp-json\/wp\/v2\/product_cat?post=4265"},{"taxonomy":"product_tag","embeddable":true,"href":"https:\/\/partvietnam.com\/en\/wp-json\/wp\/v2\/product_tag?post=4265"},{"taxonomy":"product_brands","embeddable":true,"href":"https:\/\/partvietnam.com\/en\/wp-json\/wp\/v2\/product_brands?post=4265"}],"curies":[{"name":"wp","href":"https:\/\/api.w.org\/{rel}","templated":true}]}}