{"id":4267,"date":"2025-07-31T11:29:15","date_gmt":"2025-07-31T04:29:15","guid":{"rendered":"https:\/\/partvietnam.com\/?post_type=product&#038;p=4267"},"modified":"2025-07-31T11:29:43","modified_gmt":"2025-07-31T04:29:43","slug":"may-quyet-camera-ip-hikvision-ds-2cd1p23g0-i","status":"publish","type":"product","link":"https:\/\/partvietnam.com\/en\/product\/may-quyet-camera-ip-hikvision-ds-2cd1p23g0-i\/","title":{"rendered":"M\u00e1y quy\u00e9t CAMERA IP HIKVISION DS-2CD1P23G0-I"},"content":{"rendered":"<?xml encoding=\"utf-8\" ?><p><span style=\"font-size: 14pt\">HIKVISION DS-2CD1P23G0-I l&agrave; d&ograve;ng camera IP c&#7889; &#273;&#7883;nh thu&#7897;c ph&acirc;n kh&uacute;c ph&#7893; th&ocirc;ng c&#7911;a Hikvision, &#273;&#432;&#7907;c thi&#7871;t k&#7871; t&#7889;i &#432;u cho nhu c&#7847;u gi&aacute;m s&aacute;t an ninh t&#7841;i gia &#273;&igrave;nh, c&#7917;a h&agrave;ng, v&#259;n ph&ograve;ng nh&#7887; v&agrave; c&aacute;c khu v&#7921;c c&#7847;n gi&aacute;m s&aacute;t c&#417; b&#7843;n v&#7899;i chi ph&iacute; h&#7907;p l&yacute;.Thi&#7871;t b&#7883; &#273;&#432;&#7907;c trang b&#7883; c&#7843;m bi&#7871;n &#7843;nh 1\/2.8&Prime; Progressive Scan CMOS v&#7899;i &#273;&#7897; ph&acirc;n gi&#7843;i 2MP (1920&times;1080) cho h&igrave;nh &#7843;nh r&otilde; n&eacute;t, trung th&#7921;c c&#7843; ban ng&agrave;y l&#7851;n ban &#273;&ecirc;m. Nh&#7901; t&iacute;ch h&#7907;p c&ocirc;ng ngh&#7879; h&#7891;ng ngo&#7841;i EXIR, camera c&oacute; th&#7875; quan s&aacute;t ban &#273;&ecirc;m v&#7899;i kho&#7843;ng c&aacute;ch l&ecirc;n t&#7899;i 30 m&eacute;t, &#273;&#7843;m b&#7843;o gi&aacute;m s&aacute;t li&ecirc;n t&#7909;c 24\/7.V&#7873; hi&#7879;u su&#7845;t h&igrave;nh &#7843;nh, DS-2CD1P23G0-I h&#7895; tr&#7907; c&aacute;c c&ocirc;ng ngh&#7879; x&#7917; l&yacute; ti&ecirc;n ti&#7871;n nh&#432; D-WDR (ch&#7889;ng ng&#432;&#7907;c s&aacute;ng k&#7929; thu&#7853;t s&#7889;), 3D DNR (gi&#7843;m nhi&#7877;u k&#7929; thu&#7853;t s&#7889;) v&agrave; BLC (b&ugrave; s&aacute;ng n&#7873;n) gi&uacute;p c&#7843;i thi&#7879;n ch&#7845;t l&#432;&#7907;ng h&igrave;nh &#7843;nh trong nhi&#7873;u &#273;i&#7873;u ki&#7879;n &aacute;nh s&aacute;ng kh&aacute;c nhau.Camera c&ograve;n h&#7895; tr&#7907; chu&#7849;n n&eacute;n H.265+, gi&uacute;p ti&#7871;t ki&#7879;m b&#259;ng th&ocirc;ng v&agrave; dung l&#432;&#7907;ng l&#432;u tr&#7919; nh&#432;ng v&#7851;n gi&#7919; &#273;&#432;&#7907;c ch&#7845;t l&#432;&#7907;ng h&igrave;nh &#7843;nh cao. Ngo&agrave;i ra, v&#7899;i &#7889;ng k&iacute;nh 2.8mm ho&#7863;c 4mm t&ugrave;y ch&#7885;n, ng&#432;&#7901;i d&ugrave;ng c&oacute; th&#7875; linh ho&#7841;t ch&#7885;n g&oacute;c quan s&aacute;t ph&ugrave; h&#7907;p v&#7899;i nhu c&#7847;u th&#7921;c t&#7871;.Thi&#7871;t b&#7883; &#273;&#7841;t chu&#7849;n b&#7843;o v&#7879; IP67, ch&#7889;ng n&#432;&#7899;c v&agrave; b&#7909;i hi&#7879;u qu&#7843;, n&ecirc;n ho&agrave;n to&agrave;n ph&ugrave; h&#7907;p &#273;&#7875; l&#7855;p &#273;&#7863;t &#7903; c&#7843; m&ocirc;i tr&#432;&#7901;ng trong nh&agrave; l&#7851;n ngo&agrave;i tr&#7901;i. H&#7895; tr&#7907; c&#7845;p ngu&#7891;n qua 12V DC ho&#7863;c PoE, camera gi&uacute;p &#273;&#417;n gi&#7843;n h&oacute;a h&#7879; th&#7889;ng d&acirc;y &#273;i&#7879;n, thu&#7853;n ti&#7879;n cho vi&#7879;c tri&#7875;n khai v&agrave; m&#7903; r&#7897;ng.Tuy kh&ocirc;ng t&iacute;ch h&#7907;p micro, nh&#432;ng v&#7899;i t&iacute;nh n&#259;ng ph&aacute;t hi&#7879;n chuy&#7875;n &#273;&#7897;ng v&agrave; b&aacute;o &#273;&#7897;ng c&#417; b&#7843;n, HIKVISION DS-2CD1P23G0-I v&#7851;n &#273;&aacute;p &#7913;ng t&#7889;t y&ecirc;u c&#7847;u gi&aacute;m s&aacute;t c&#417; b&#7843;n v&#7899;i &#273;&#7897; &#7893;n &#273;&#7883;nh v&agrave; &#273;&#7897; tin c&#7853;y cao &ndash; m&#7897;t l&#7921;a ch&#7885;n kinh t&#7871; v&agrave; hi&#7879;u qu&#7843; cho c&aacute;c gi&#7843;i ph&aacute;p an ninh hi&#7879;n &#273;&#7841;i.<\/span><\/p><h2 data-start=\"1890\" data-end=\"1915\"><span style=\"font-size: 14pt\"><strong data-start=\"1896\" data-end=\"1915\">&#431;u &#273;i&#7875;m n&#7893;i b&#7853;t <a href=\"https:\/\/partvietnam.com\/san-pham\/\">s&#7843;n ph&#7849;m<\/a><\/strong><\/span><\/h2><ul data-start=\"1916\" data-end=\"2114\">\n<li data-start=\"1916\" data-end=\"1948\">\n<p data-start=\"1918\" data-end=\"1948\"><span style=\"font-size: 14pt\">Ghi h&igrave;nh Full HD s&#7855;c n&eacute;t 24\/7.<\/span><\/p>\n<\/li>\n<li data-start=\"1949\" data-end=\"2005\">\n<p data-start=\"1951\" data-end=\"2005\"><span style=\"font-size: 14pt\">Chu&#7849;n n&eacute;n H.265+ gi&uacute;p ti&#7871;t ki&#7879;m b&#259;ng th&ocirc;ng v&agrave; l&#432;u tr&#7919;.<\/span><\/p>\n<\/li>\n<li data-start=\"2006\" data-end=\"2056\">\n<p data-start=\"2008\" data-end=\"2056\"><span style=\"font-size: 14pt\">H&#7891;ng ngo&#7841;i 30m h&#7895; tr&#7907; quan s&aacute;t ban &#273;&ecirc;m hi&#7879;u qu&#7843;.<\/span><\/p>\n<\/li>\n<li data-start=\"2057\" data-end=\"2114\">\n<p data-start=\"2059\" data-end=\"2114\"><span style=\"font-size: 14pt\">Thi&#7871;t k&#7871; b&#7873;n, &#273;&#7841;t chu&#7849;n IP67, th&iacute;ch h&#7907;p l&#7855;p ngo&agrave;i tr&#7901;i.<\/span><\/p>\n<\/li>\n<\/ul>\n","protected":false},"excerpt":{"rendered":"<p><strong data-start=\"119\" data-end=\"147\">HIKVISION DS-2CD1P23G0-I<\/strong> l\u00e0 camera IP \u0111\u1ed9 ph\u00e2n gi\u1ea3i 2MP, h\u1ed7 tr\u1ee3 h\u1ed3ng ngo\u1ea1i ban \u0111\u00eam 30m, ghi h\u00ecnh s\u1eafc n\u00e9t ng\u00e0y \u0111\u00eam, th\u00edch h\u1ee3p l\u1eafp \u0111\u1eb7t cho gia \u0111\u00ecnh, v\u0103n ph\u00f2ng v\u00e0 c\u1eeda h\u00e0ng nh\u1ecf.<\/p>\n<p>Camera IP quay que\u0301t hi\u0300nh tru\u0323 2MP<br \/>\n\u2022 Ca\u0309m bi\u00ea\u0301n 1\/2.8&#8243; progressive scan CMOS<br \/>\n\u2022 Chu\u00e2\u0309n ne\u0301n H265+, H.265 , H.264+, H.264 \/ H\u1ed7 tr\u1ee3 3 lu\u1ed3ng d\u1eef li\u1ec7u<br \/>\n\u2022 \u0110\u1ed9 nh\u1ea1y s\u00e1ng Color: 0.002 Lux @ (F2.0, AGC ON)<br \/>\n\u2022 Ch\u1ed1ng ng\u01b0\u1ee3c s\u00e1ng WDR 120dB , HLC , BLC ; 3D DNR<br \/>\n\u2022 \u0110\u1ed9 ph\u00e2n gi\u1ea3i t\u1ed1i \u0111a 1920 x 1080 @ 25fps<br \/>\n\u2022 \u00d4\u0301ng ki\u0301nh 4\/6\/8\/12mm<br \/>\n\u2022 T\u1ea7m xa h\u1ed3ng ngo\u1ea1i 40m<br \/>\n\u2022 Ti\u0301ch h\u01a1\u0323p Micro<br \/>\n\u2022 Go\u0301c quay ngang 0\u00b0~200\u00b0, Go\u0301c quay do\u0323c : -10\u00b0~55\u00b0<br \/>\n\u2022 H\u1ed7 tr\u1ee3 d\u1ecbch v\u1ee5 Hik-connect, t\u00ean mi\u1ec1n CameraDDNS<br \/>\n\u2022 V\u1eadt li\u1ec7u : th\u00e2n Kim lo\u1ea1i , khung nh\u01b0\u0323a<br \/>\n\u2022 Ti\u00eau chu\u1ea9n ch\u1ed1ng b\u1ee5i n\u01b0\u1edbc IP66<br \/>\n\u2022 Ngu\u1ed3n 12V\/PoE<br \/>\nB\u1ea3o h\u00e0nh 24 th\u00e1ng<\/p>\n","protected":false},"featured_media":4273,"comment_status":"open","ping_status":"closed","template":"","meta":{"_acf_changed":false,"_eb_attr":"","_bst_post_transparent":"default","_bst_post_title":"","_bst_post_layout":"default","_bst_post_sidebar_id":"","_bst_post_content_style":"default","_bst_post_vertical_padding":"default","_bst_post_feature":"","_bst_post_feature_position":"","_bst_post_header":false,"_bst_post_footer":false},"product_brand":[],"product_cat":[397],"product_tag":[],"product_brands":[],"class_list":{"0":"post-4267","1":"product","2":"type-product","3":"status-publish","4":"has-post-thumbnail","6":"product_cat-camera","8":"first","9":"instock","10":"shipping-taxable","11":"purchasable","12":"product-type-simple","13":"entry","14":"content-bg","15":"loop-entry"},"acf":[],"aioseo_notices":[],"_links":{"self":[{"href":"https:\/\/partvietnam.com\/en\/wp-json\/wp\/v2\/product\/4267","targetHints":{"allow":["GET"]}}],"collection":[{"href":"https:\/\/partvietnam.com\/en\/wp-json\/wp\/v2\/product"}],"about":[{"href":"https:\/\/partvietnam.com\/en\/wp-json\/wp\/v2\/types\/product"}],"replies":[{"embeddable":true,"href":"https:\/\/partvietnam.com\/en\/wp-json\/wp\/v2\/comments?post=4267"}],"wp:featuredmedia":[{"embeddable":true,"href":"https:\/\/partvietnam.com\/en\/wp-json\/wp\/v2\/media\/4273"}],"wp:attachment":[{"href":"https:\/\/partvietnam.com\/en\/wp-json\/wp\/v2\/media?parent=4267"}],"wp:term":[{"taxonomy":"product_brand","embeddable":true,"href":"https:\/\/partvietnam.com\/en\/wp-json\/wp\/v2\/product_brand?post=4267"},{"taxonomy":"product_cat","embeddable":true,"href":"https:\/\/partvietnam.com\/en\/wp-json\/wp\/v2\/product_cat?post=4267"},{"taxonomy":"product_tag","embeddable":true,"href":"https:\/\/partvietnam.com\/en\/wp-json\/wp\/v2\/product_tag?post=4267"},{"taxonomy":"product_brands","embeddable":true,"href":"https:\/\/partvietnam.com\/en\/wp-json\/wp\/v2\/product_brands?post=4267"}],"curies":[{"name":"wp","href":"https:\/\/api.w.org\/{rel}","templated":true}]}}