{"id":4302,"date":"2025-07-31T14:04:35","date_gmt":"2025-07-31T07:04:35","guid":{"rendered":"https:\/\/partvietnam.com\/?post_type=product&#038;p=4302"},"modified":"2026-04-23T08:26:18","modified_gmt":"2026-04-23T01:26:18","slug":"bo-nho-ram-hpe-32gb-1x32gb-dual-rank-x4-ddr4-2666-cas-19-19-19-registered-smart-memory-kit-815100-b21","status":"publish","type":"product","link":"https:\/\/partvietnam.com\/en\/product\/bo-nho-ram-hpe-32gb-1x32gb-dual-rank-x4-ddr4-2666-cas-19-19-19-registered-smart-memory-kit-815100-b21\/","title":{"rendered":"B\u1ed9 nh\u1edb ram HPE 32GB (1x32GB) Dual Rank x4 DDR4-2666 CAS-19-19-19 Registered Smart Memory Kit 815100-B21"},"content":{"rendered":"<?xml encoding=\"utf-8\" ?><p style=\"text-align: justify\" data-start=\"246\" data-end=\"537\">B&#7897; nh&#7899; ram HPE 32GB (1x32GB) Dual Rank x4 DDR4-2666 CAS-19-19-19 Registered Smart Memory Kit (815100-B21) l&agrave; b&#7897; nh&#7899; RAM chu&#7849;n doanh nghi&#7879;p, &#273;&#432;&#7907;c thi&#7871;t k&#7871; ri&ecirc;ng cho c&aacute;c h&#7879; th&#7889;ng HPE ProLiant Gen10 nh&#7857;m cung c&#7845;p hi&#7879;u n&#259;ng b&#7897; nh&#7899; &#7893;n &#273;&#7883;nh, &#273;&aacute;ng tin c&#7853;y v&agrave; c&oacute; kh&#7843; n&#259;ng gi&aacute;m s&aacute;t ch&#7911; &#273;&#7897;ng khi k&#7871;t h&#7907;p v&#7899;i c&ocirc;ng ngh&#7879; Smart Memory c&#7911;a HPE. V&#7899;i t&#7889;c &#273;&#7897; DDR4-2666 MT\/s, c&#7845;u h&igrave;nh Dual Rank x4, c&ugrave;ng t&iacute;nh n&#259;ng ECC v&agrave; Registered DIMM, s&#7843;n ph&#7849;m ph&ugrave; h&#7907;p v&#7899;i c&aacute;c &#7913;ng d&#7909;ng &#7843;o h&oacute;a, x&#7917; l&yacute; d&#7919; li&#7879;u &#273;a nhi&#7879;m, c&#417; s&#7903; d&#7919; li&#7879;u, mang l&#7841;i hi&#7879;u su&#7845;t t&#7889;i &#432;u v&agrave; kh&#7843; n&#259;ng m&#7903; r&#7897;ng b&#7897; nh&#7899; m&#7841;nh m&#7869; trong m&ocirc;i tr&#432;&#7901;ng ho&#7841;t &#273;&#7897;ng li&ecirc;n t&#7909;c 24\/7.<\/p><h2 data-start=\"246\" data-end=\"537\"><strong>T&iacute;nh n&#259;ng n&#7893;i b&#7853;t <a href=\"https:\/\/partvietnam.com\/san-pham\/\">s&#7843;n ph&#7849;m<\/a><\/strong><\/h2><ul>\n<li data-start=\"863\" data-end=\"961\">\n<p data-start=\"865\" data-end=\"961\"><strong data-start=\"865\" data-end=\"884\">Dung l&#432;&#7907;ng 32GB<\/strong>, &#273;&aacute;p &#7913;ng t&#7889;t cho c&aacute;c h&#7879; th&#7889;ng ch&#7841;y &#273;a nhi&#7879;m, m&aacute;y &#7843;o, ho&#7863;c ph&acirc;n t&iacute;ch d&#7919; li&#7879;u.<\/p>\n<\/li>\n<li data-start=\"962\" data-end=\"1063\">\n<p data-start=\"964\" data-end=\"1063\"><strong data-start=\"964\" data-end=\"989\">T&#7889;c &#273;&#7897; DDR4-2666 MT\/s<\/strong>, cung c&#7845;p b&#259;ng th&ocirc;ng t&#7889;t cho h&#7879; th&#7889;ng CPU Intel&reg; Xeon&reg; Scalable th&#7871; h&#7879; 1.<\/p>\n<\/li>\n<li data-start=\"1064\" data-end=\"1159\">\n<p data-start=\"1066\" data-end=\"1159\"><strong data-start=\"1066\" data-end=\"1082\">Dual Rank x4<\/strong> &ndash; t&#7889;i &#432;u kh&#7843; n&#259;ng truy xu&#7845;t d&#7919; li&#7879;u &#273;a k&ecirc;nh v&agrave; c&#7843;i thi&#7879;n hi&#7879;u n&#259;ng t&#7893;ng th&#7875;.<\/p>\n<\/li>\n<li data-start=\"1160\" data-end=\"1238\">\n<p data-start=\"1162\" data-end=\"1238\"><strong data-start=\"1162\" data-end=\"1186\">CAS Latency 19-19-19<\/strong>, &#273;&#7897; tr&#7877; th&#7845;p ph&ugrave; h&#7907;p v&#7899;i t&#7889;c &#273;&#7897; ho&#7841;t &#273;&#7897;ng 2666MT\/s.<\/p>\n<\/li>\n<li data-start=\"1239\" data-end=\"1333\">\n<p data-start=\"1241\" data-end=\"1333\"><strong data-start=\"1241\" data-end=\"1268\">Registered DIMM (RDIMM)<\/strong> &ndash; gi&uacute;p t&#259;ng &#273;&#7897; &#7893;n &#273;&#7883;nh v&agrave; gi&#7843;m t&#7843;i cho b&#7897; &#273;i&#7873;u khi&#7875;n b&#7897; nh&#7899; CPU.<\/p>\n<\/li>\n<li data-start=\"1334\" data-end=\"1424\">\n<p data-start=\"1336\" data-end=\"1424\"><strong data-start=\"1336\" data-end=\"1384\">T&iacute;ch h&#7907;p ECC (Error Checking and Correction)<\/strong> &ndash; s&#7917;a l&#7895;i t&#7921; &#273;&#7897;ng gi&uacute;p t&#259;ng &#273;&#7897; tin c&#7853;y.<\/p>\n<\/li>\n<li data-start=\"1425\" data-end=\"1527\">\n<p data-start=\"1427\" data-end=\"1527\"><strong data-start=\"1427\" data-end=\"1447\">HPE Smart Memory<\/strong> &ndash; cho ph&eacute;p h&#7879; th&#7889;ng gi&aacute;m s&aacute;t, c&#7845;u h&igrave;nh t&#7889;i &#432;u v&agrave; c&#7843;nh b&aacute;o l&#7895;i b&#7897; nh&#7899; ch&iacute;nh x&aacute;c.<\/p>\n<\/li>\n<li data-start=\"1528\" data-end=\"1616\">\n<p data-start=\"1530\" data-end=\"1616\"><strong data-start=\"1530\" data-end=\"1595\">T&#432;&#417;ng th&iacute;ch tuy&#7879;t &#273;&#7889;i v&#7899;i c&aacute;c d&ograve;ng m&aacute;y ch&#7911; HPE ProLiant Gen10<\/strong> c&oacute; h&#7895; tr&#7907; DDR4-2666.<\/p>\n<\/li>\n<\/ul>\n","protected":false},"excerpt":{"rendered":"<ul>\n<li data-start=\"3487\" data-end=\"3511\">\n<p data-start=\"3489\" data-end=\"3511\"><strong data-start=\"3489\" data-end=\"3504\">Dung l\u01b0\u1ee3ng:<\/strong> 32GB<\/p>\n<\/li>\n<li data-start=\"3512\" data-end=\"3543\">\n<p data-start=\"3514\" data-end=\"3543\"><strong data-start=\"3514\" data-end=\"3531\">Chu\u1ea9n b\u1ed9 nh\u1edb:<\/strong> DDR4-2666<\/p>\n<\/li>\n<li data-start=\"3544\" data-end=\"3581\">\n<p data-start=\"3546\" data-end=\"3581\"><strong data-start=\"3546\" data-end=\"3560\">Lo\u1ea1i DIMM:<\/strong> RDIMM \u2013 Registered<\/p>\n<\/li>\n<li data-start=\"3582\" data-end=\"3612\">\n<p data-start=\"3584\" data-end=\"3612\"><strong data-start=\"3584\" data-end=\"3597\">C\u1ea5u h\u00ecnh:<\/strong> Dual Rank x4<\/p>\n<\/li>\n<li data-start=\"3613\" data-end=\"3636\">\n<p data-start=\"3615\" data-end=\"3636\"><strong data-start=\"3615\" data-end=\"3631\">CAS Latency:<\/strong> 19<\/p>\n<\/li>\n<li data-start=\"3637\" data-end=\"3652\">\n<p data-start=\"3639\" data-end=\"3652\"><strong data-start=\"3639\" data-end=\"3647\">ECC:<\/strong> C\u00f3<\/p>\n<\/li>\n<li data-start=\"3653\" data-end=\"3677\">\n<p data-start=\"3655\" data-end=\"3677\"><strong data-start=\"3655\" data-end=\"3672\">Smart Memory:<\/strong> C\u00f3<\/p>\n<\/li>\n<li data-start=\"3678\" data-end=\"3717\">\n<p data-start=\"3680\" data-end=\"3717\"><strong data-start=\"3680\" data-end=\"3696\">T\u01b0\u01a1ng th\u00edch:<\/strong> HPE ProLiant Gen10<\/p>\n<\/li>\n<li data-start=\"3718\" data-end=\"3749\">\n<p data-start=\"3720\" data-end=\"3749\"><strong data-start=\"3720\" data-end=\"3736\">M\u00e3 s\u1ea3n ph\u1ea9m:<\/strong> 815100-B21<\/p>\n<\/li>\n<li data-start=\"3750\" data-end=\"3820\">\n<p data-start=\"3752\" data-end=\"3820\"><strong data-start=\"3752\" data-end=\"3765\">B\u1ea3o h\u00e0nh:<\/strong> 1 n\u0103m ch\u00ednh h\u00e3ng<\/p>\n<\/li>\n<\/ul>\n","protected":false},"featured_media":4292,"comment_status":"open","ping_status":"closed","template":"","meta":{"_acf_changed":false,"_eb_attr":"","_bst_post_transparent":"default","_bst_post_title":"","_bst_post_layout":"default","_bst_post_sidebar_id":"","_bst_post_content_style":"default","_bst_post_vertical_padding":"default","_bst_post_feature":"","_bst_post_feature_position":"","_bst_post_header":false,"_bst_post_footer":false},"product_brand":[],"product_cat":[355],"product_tag":[],"product_brands":[],"class_list":{"0":"post-4302","1":"product","2":"type-product","3":"status-publish","4":"has-post-thumbnail","6":"product_cat-linh-kien-va-phu-kien-may-chu","8":"first","9":"instock","10":"shipping-taxable","11":"product-type-simple","12":"entry","13":"content-bg","14":"loop-entry"},"acf":[],"aioseo_notices":[],"_links":{"self":[{"href":"https:\/\/partvietnam.com\/en\/wp-json\/wp\/v2\/product\/4302","targetHints":{"allow":["GET"]}}],"collection":[{"href":"https:\/\/partvietnam.com\/en\/wp-json\/wp\/v2\/product"}],"about":[{"href":"https:\/\/partvietnam.com\/en\/wp-json\/wp\/v2\/types\/product"}],"replies":[{"embeddable":true,"href":"https:\/\/partvietnam.com\/en\/wp-json\/wp\/v2\/comments?post=4302"}],"wp:featuredmedia":[{"embeddable":true,"href":"https:\/\/partvietnam.com\/en\/wp-json\/wp\/v2\/media\/4292"}],"wp:attachment":[{"href":"https:\/\/partvietnam.com\/en\/wp-json\/wp\/v2\/media?parent=4302"}],"wp:term":[{"taxonomy":"product_brand","embeddable":true,"href":"https:\/\/partvietnam.com\/en\/wp-json\/wp\/v2\/product_brand?post=4302"},{"taxonomy":"product_cat","embeddable":true,"href":"https:\/\/partvietnam.com\/en\/wp-json\/wp\/v2\/product_cat?post=4302"},{"taxonomy":"product_tag","embeddable":true,"href":"https:\/\/partvietnam.com\/en\/wp-json\/wp\/v2\/product_tag?post=4302"},{"taxonomy":"product_brands","embeddable":true,"href":"https:\/\/partvietnam.com\/en\/wp-json\/wp\/v2\/product_brands?post=4302"}],"curies":[{"name":"wp","href":"https:\/\/api.w.org\/{rel}","templated":true}]}}