{"id":4303,"date":"2025-07-31T14:09:10","date_gmt":"2025-07-31T07:09:10","guid":{"rendered":"https:\/\/partvietnam.com\/?post_type=product&#038;p=4303"},"modified":"2026-04-23T08:26:12","modified_gmt":"2026-04-23T01:26:12","slug":"bo-nho-ram-hpe-32gb-1x32gb-dual-rank-x4-ddr4-2933-cas-21-21-21-registered-smart-memory-kit-p00924-b21","status":"publish","type":"product","link":"https:\/\/partvietnam.com\/en\/product\/bo-nho-ram-hpe-32gb-1x32gb-dual-rank-x4-ddr4-2933-cas-21-21-21-registered-smart-memory-kit-p00924-b21\/","title":{"rendered":"B\u1ed9 nh\u1edb ram HPE 32GB (1x32GB) Dual Rank x4 DDR4-2933 CAS-21-21-21 Registered Smart Memory Kit P00924-B21"},"content":{"rendered":"<?xml encoding=\"utf-8\" ?><p style=\"text-align: justify\" data-pm-slice=\"0 0 []\">B&#7897; nh&#7899; ram HPE 32GB (1x32GB) Dual Rank x4 DDR4-2933 CAS-21-21-21 Registered Smart Memory Kit (P00924-B21) l&agrave; b&#7897; nh&#7899; RAM chu&#7849;n doanh nghi&#7879;p &#273;&#432;&#7907;c thi&#7871;t k&#7871; &#273;&#7863;c bi&#7879;t &#273;&#7875; &#273;&#7843;m b&#7843;o hi&#7879;u n&#259;ng, &#273;&#7897; &#7893;n &#273;&#7883;nh v&agrave; &#273;&#7897; tin c&#7853;y cao cho c&aacute;c h&#7879; th&#7889;ng m&aacute;y ch&#7911; HPE ProLiant Gen10 v&agrave; Gen10 Plus. V&#7899;i t&#7889;c &#273;&#7897; truy&#7873;n t&#7843;i DDR4-2933 MT\/s, c&#7845;u h&igrave;nh Dual Rank x4, s&#7843;n ph&#7849;m n&agrave;y ph&ugrave; h&#7907;p cho c&aacute;c &#7913;ng d&#7909;ng doanh nghi&#7879;p nh&#432; &#7843;o h&oacute;a, &#273;i&#7879;n to&aacute;n &#273;&aacute;m m&acirc;y, c&#417; s&#7903; d&#7919; li&#7879;u, ph&acirc;n t&iacute;ch d&#7919; li&#7879;u l&#7899;n (big data). T&iacute;ch h&#7907;p c&ocirc;ng ngh&#7879; Smart Memory &#273;&#7897;c quy&#7873;n c&#7911;a HPE, m&ocirc;-&#273;un n&agrave;y kh&ocirc;ng ch&#7881; &#273;&#7843;m b&#7843;o kh&#7843; n&#259;ng t&#432;&#417;ng th&iacute;ch tuy&#7879;t &#273;&#7889;i v&#7899;i m&aacute;y ch&#7911; HPE, m&agrave; c&ograve;n cho ph&eacute;p qu&#7843;n l&yacute; b&#7897; nh&#7899; ch&#7911; &#273;&#7897;ng th&ocirc;ng qua iLO, gi&uacute;p ph&aacute;t hi&#7879;n l&#7895;i s&#7899;m v&agrave; t&#7889;i &#432;u h&#7879; th&#7889;ng.<\/p><h2 data-pm-slice=\"0 0 []\"><strong>T&iacute;nh n&#259;ng n&#7893;i b&#7853;t <a href=\"https:\/\/partvietnam.com\/san-pham\/\">s&#7843;n ph&#7849;m<\/a><\/strong><\/h2><ul>\n<li data-start=\"950\" data-end=\"1051\">\n<p data-start=\"952\" data-end=\"1051\"><strong data-start=\"952\" data-end=\"971\">Dung l&#432;&#7907;ng 32GB<\/strong>, ph&ugrave; h&#7907;p cho c&aacute;c h&#7879; th&#7889;ng c&oacute; nhu c&#7847;u b&#7897; nh&#7899; trung cao nh&#432; m&aacute;y &#7843;o ho&#7863;c CSDL l&#7899;n.<\/p>\n<\/li>\n<li data-start=\"1052\" data-end=\"1142\">\n<p data-start=\"1054\" data-end=\"1142\"><strong data-start=\"1054\" data-end=\"1079\">T&#7889;c &#273;&#7897; DDR4-2933 MT\/s<\/strong>, cung c&#7845;p b&#259;ng th&ocirc;ng t&#7889;t cho CPU Intel Xeon Scalable th&#7871; h&#7879; 2.<\/p>\n<\/li>\n<li data-start=\"1143\" data-end=\"1247\">\n<p data-start=\"1145\" data-end=\"1247\"><strong data-start=\"1145\" data-end=\"1170\">C&#7845;u h&igrave;nh Dual Rank x4<\/strong> &ndash; t&#259;ng hi&#7879;u su&#7845;t truy xu&#7845;t nh&#7901; kh&#7843; n&#259;ng truy&#7873;n song song nhi&#7873;u d&ograve;ng d&#7919; li&#7879;u.<\/p>\n<\/li>\n<li data-start=\"1248\" data-end=\"1338\">\n<p data-start=\"1250\" data-end=\"1338\"><strong data-start=\"1250\" data-end=\"1274\">CAS Latency 21-21-21<\/strong>, cho hi&#7879;u n&#259;ng b&#7897; nh&#7899; &#7893;n &#273;&#7883;nh v&agrave; &#273;&#7897; tr&#7877; ph&ugrave; h&#7907;p v&#7899;i t&#7889;c &#273;&#7897; cao.<\/p>\n<\/li>\n<li data-start=\"1339\" data-end=\"1429\">\n<p data-start=\"1341\" data-end=\"1429\"><strong data-start=\"1341\" data-end=\"1368\">Registered DIMM (RDIMM)<\/strong> &ndash; t&#7889;i &#432;u h&oacute;a kh&#7843; n&#259;ng m&#7903; r&#7897;ng b&#7897; nh&#7899; v&agrave; &#273;&#7897; &#7893;n &#273;&#7883;nh h&#7879; th&#7889;ng.<\/p>\n<\/li>\n<li data-start=\"1430\" data-end=\"1525\">\n<p data-start=\"1432\" data-end=\"1525\"><strong data-start=\"1432\" data-end=\"1480\">T&iacute;ch h&#7907;p ECC (Error Checking and Correction)<\/strong> &ndash; gi&uacute;p ph&aacute;t hi&#7879;n v&agrave; s&#7917;a l&#7895;i b&#7897; nh&#7899; t&#7913;c th&#7901;i.<\/p>\n<\/li>\n<li data-start=\"1526\" data-end=\"1616\">\n<p data-start=\"1528\" data-end=\"1616\"><strong data-start=\"1528\" data-end=\"1544\">Smart Memory<\/strong> &ndash; cho ph&eacute;p nh&#7853;n di&#7879;n, gi&aacute;m s&aacute;t v&agrave; t&#7921; &#273;&#7897;ng t&#7889;i &#432;u hi&#7879;u su&#7845;t qua HPE iLO.<\/p>\n<\/li>\n<li data-start=\"1617\" data-end=\"1706\">\n<p data-start=\"1619\" data-end=\"1706\"><strong data-start=\"1619\" data-end=\"1688\">T&#432;&#417;ng th&iacute;ch tuy&#7879;t &#273;&#7889;i v&#7899;i m&aacute;y ch&#7911; HPE ProLiant Gen10 \/ Gen10 Plus<\/strong> h&#7895; tr&#7907; DDR4-2933.<\/p>\n<\/li>\n<\/ul>\n","protected":false},"excerpt":{"rendered":"<ul>\n<li data-start=\"3576\" data-end=\"3600\">\n<p data-start=\"3578\" data-end=\"3600\"><strong data-start=\"3578\" data-end=\"3593\">Dung l\u01b0\u1ee3ng:<\/strong> 32GB<\/p>\n<\/li>\n<li data-start=\"3601\" data-end=\"3632\">\n<p data-start=\"3603\" data-end=\"3632\"><strong data-start=\"3603\" data-end=\"3620\">Chu\u1ea9n b\u1ed9 nh\u1edb:<\/strong> DDR4-2933<\/p>\n<\/li>\n<li data-start=\"3633\" data-end=\"3670\">\n<p data-start=\"3635\" data-end=\"3670\"><strong data-start=\"3635\" data-end=\"3649\">Lo\u1ea1i DIMM:<\/strong> RDIMM \u2013 Registered<\/p>\n<\/li>\n<li data-start=\"3671\" data-end=\"3701\">\n<p data-start=\"3673\" data-end=\"3701\"><strong data-start=\"3673\" data-end=\"3686\">C\u1ea5u h\u00ecnh:<\/strong> Dual Rank x4<\/p>\n<\/li>\n<li data-start=\"3702\" data-end=\"3725\">\n<p data-start=\"3704\" data-end=\"3725\"><strong data-start=\"3704\" data-end=\"3720\">CAS Latency:<\/strong> 21<\/p>\n<\/li>\n<li data-start=\"3726\" data-end=\"3741\">\n<p data-start=\"3728\" data-end=\"3741\"><strong data-start=\"3728\" data-end=\"3736\">ECC:<\/strong> C\u00f3<\/p>\n<\/li>\n<li data-start=\"3742\" data-end=\"3766\">\n<p data-start=\"3744\" data-end=\"3766\"><strong data-start=\"3744\" data-end=\"3761\">Smart Memory:<\/strong> C\u00f3<\/p>\n<\/li>\n<li data-start=\"3767\" data-end=\"3819\">\n<p data-start=\"3769\" data-end=\"3819\"><strong data-start=\"3769\" data-end=\"3785\">T\u01b0\u01a1ng th\u00edch:<\/strong> HPE ProLiant Gen10 \/ Gen10 Plus<\/p>\n<\/li>\n<li data-start=\"3820\" data-end=\"3851\">\n<p data-start=\"3822\" data-end=\"3851\"><strong data-start=\"3822\" data-end=\"3838\">M\u00e3 s\u1ea3n ph\u1ea9m:<\/strong> P00924-B21<\/p>\n<\/li>\n<li data-start=\"3852\" data-end=\"3922\">\n<p data-start=\"3854\" data-end=\"3922\"><strong data-start=\"3854\" data-end=\"3867\">B\u1ea3o h\u00e0nh:<\/strong> 1 n\u0103m ch\u00ednh h\u00e3ng<\/p>\n<\/li>\n<\/ul>\n","protected":false},"featured_media":4292,"comment_status":"open","ping_status":"closed","template":"","meta":{"_acf_changed":false,"_eb_attr":"","_bst_post_transparent":"default","_bst_post_title":"","_bst_post_layout":"default","_bst_post_sidebar_id":"","_bst_post_content_style":"default","_bst_post_vertical_padding":"default","_bst_post_feature":"","_bst_post_feature_position":"","_bst_post_header":false,"_bst_post_footer":false},"product_brand":[],"product_cat":[355],"product_tag":[],"product_brands":[],"class_list":{"0":"post-4303","1":"product","2":"type-product","3":"status-publish","4":"has-post-thumbnail","6":"product_cat-linh-kien-va-phu-kien-may-chu","8":"first","9":"instock","10":"shipping-taxable","11":"product-type-simple","12":"entry","13":"content-bg","14":"loop-entry"},"acf":[],"aioseo_notices":[],"_links":{"self":[{"href":"https:\/\/partvietnam.com\/en\/wp-json\/wp\/v2\/product\/4303","targetHints":{"allow":["GET"]}}],"collection":[{"href":"https:\/\/partvietnam.com\/en\/wp-json\/wp\/v2\/product"}],"about":[{"href":"https:\/\/partvietnam.com\/en\/wp-json\/wp\/v2\/types\/product"}],"replies":[{"embeddable":true,"href":"https:\/\/partvietnam.com\/en\/wp-json\/wp\/v2\/comments?post=4303"}],"wp:featuredmedia":[{"embeddable":true,"href":"https:\/\/partvietnam.com\/en\/wp-json\/wp\/v2\/media\/4292"}],"wp:attachment":[{"href":"https:\/\/partvietnam.com\/en\/wp-json\/wp\/v2\/media?parent=4303"}],"wp:term":[{"taxonomy":"product_brand","embeddable":true,"href":"https:\/\/partvietnam.com\/en\/wp-json\/wp\/v2\/product_brand?post=4303"},{"taxonomy":"product_cat","embeddable":true,"href":"https:\/\/partvietnam.com\/en\/wp-json\/wp\/v2\/product_cat?post=4303"},{"taxonomy":"product_tag","embeddable":true,"href":"https:\/\/partvietnam.com\/en\/wp-json\/wp\/v2\/product_tag?post=4303"},{"taxonomy":"product_brands","embeddable":true,"href":"https:\/\/partvietnam.com\/en\/wp-json\/wp\/v2\/product_brands?post=4303"}],"curies":[{"name":"wp","href":"https:\/\/api.w.org\/{rel}","templated":true}]}}