{"id":4304,"date":"2025-07-31T14:13:59","date_gmt":"2025-07-31T07:13:59","guid":{"rendered":"https:\/\/partvietnam.com\/?post_type=product&#038;p=4304"},"modified":"2026-04-23T08:26:08","modified_gmt":"2026-04-23T01:26:08","slug":"bo-nho-ram-hpe-64gb-1x64gb-dual-rank-x4-ddr4-2933-cas-21-21-21-registered-smart-memory-kit-p00930-b21","status":"publish","type":"product","link":"https:\/\/partvietnam.com\/en\/product\/bo-nho-ram-hpe-64gb-1x64gb-dual-rank-x4-ddr4-2933-cas-21-21-21-registered-smart-memory-kit-p00930-b21\/","title":{"rendered":"B\u1ed9 nh\u1edb ram HPE 64GB (1x64GB) Dual Rank x4 DDR4-2933 CAS-21-21-21 Registered Smart Memory Kit P00930-B21"},"content":{"rendered":"<?xml encoding=\"utf-8\" ?><p style=\"text-align: justify\" data-start=\"246\" data-end=\"616\">B&#7897; nh&#7899; ram HPE 64GB (1x64GB) Dual Rank x4 DDR4-2933 CAS-21-21-21 Registered Smart Memory Kit (P00930-B21) l&agrave; m&ocirc;-&#273;un b&#7897; nh&#7899; chu&#7849;n doanh nghi&#7879;p &#273;&#432;&#7907;c thi&#7871;t k&#7871; chuy&ecirc;n bi&#7879;t cho m&aacute;y ch&#7911; HPE ProLiant Gen10 \/ Gen10 Plus, cung c&#7845;p hi&#7879;u su&#7845;t cao, dung l&#432;&#7907;ng l&#7899;n, v&agrave; t&iacute;nh &#7893;n &#273;&#7883;nh v&#432;&#7907;t tr&#7897;i cho c&aacute;c m&ocirc;i tr&#432;&#7901;ng d&#7919; li&#7879;u &#273;&ograve;i h&#7887;i kh&#7855;t khe nh&#432; &#7843;o h&oacute;a, c&#417; s&#7903; d&#7919; li&#7879;u in-memory, ph&acirc;n t&iacute;ch d&#7919; li&#7879;u l&#7899;n (big data), AI\/ML. V&#7899;i t&#7889;c &#273;&#7897; DDR4-2933 MT\/s, c&#7845;u h&igrave;nh Dual Rank x4, c&ugrave;ng v&#7899;i c&ocirc;ng ngh&#7879; Smart Memory &#273;&#7897;c quy&#7873;n c&#7911;a HPE, m&ocirc;-&#273;un kh&ocirc;ng ch&#7881; &#273;&#7843;m b&#7843;o t&#432;&#417;ng th&iacute;ch tuy&#7879;t &#273;&#7889;i v&#7899;i m&aacute;y ch&#7911; HPE, m&agrave; c&ograve;n h&#7895; tr&#7907; gi&aacute;m s&aacute;t, t&#7889;i &#432;u v&agrave; t&#7921; &#273;&#7897;ng c&#7843;nh b&aacute;o l&#7895;i th&ocirc;ng qua h&#7879; th&#7889;ng qu&#7843;n tr&#7883; iLO.<\/p><h2 data-start=\"246\" data-end=\"616\"><strong>T&iacute;nh n&#259;ng n&#7893;i b&#7853;t <a href=\"https:\/\/partvietnam.com\/san-pham\/\">s&#7843;n ph&#7849;m<\/a><\/strong><\/h2><ul>\n<li data-start=\"922\" data-end=\"1024\">\n<p data-start=\"924\" data-end=\"1024\"><strong data-start=\"924\" data-end=\"947\">Dung l&#432;&#7907;ng l&#7899;n 64GB<\/strong> tr&ecirc;n m&#7897;t thanh gi&uacute;p t&#7889;i &#432;u h&oacute;a kh&ocirc;ng gian DIMM v&agrave; n&acirc;ng c&#7845;p h&#7879; th&#7889;ng d&#7877; d&agrave;ng.<\/p>\n<\/li>\n<li data-start=\"1025\" data-end=\"1112\">\n<p data-start=\"1027\" data-end=\"1112\"><strong data-start=\"1027\" data-end=\"1052\">T&#7889;c &#273;&#7897; DDR4-2933 MT\/s<\/strong>, &#273;&#7843;m b&#7843;o b&#259;ng th&ocirc;ng cao, gi&#7843;m &#273;&#7897; tr&#7877; khi truy xu&#7845;t d&#7919; li&#7879;u.<\/p>\n<\/li>\n<li data-start=\"1113\" data-end=\"1211\">\n<p data-start=\"1115\" data-end=\"1211\"><strong data-start=\"1115\" data-end=\"1140\">C&#7845;u h&igrave;nh Dual Rank x4<\/strong> &ndash; t&#259;ng c&#432;&#7901;ng kh&#7843; n&#259;ng x&#7917; l&yacute; song song v&agrave; c&#7843;i thi&#7879;n hi&#7879;u su&#7845;t h&#7879; th&#7889;ng.<\/p>\n<\/li>\n<li data-start=\"1212\" data-end=\"1285\">\n<p data-start=\"1214\" data-end=\"1285\"><strong data-start=\"1214\" data-end=\"1238\">CAS Latency 21-21-21<\/strong>, ph&ugrave; h&#7907;p v&#7899;i t&#7889;c &#273;&#7897; cao v&agrave; &#273;&#7843;m b&#7843;o &#273;&#7897; &#7893;n &#273;&#7883;nh.<\/p>\n<\/li>\n<li data-start=\"1286\" data-end=\"1392\">\n<p data-start=\"1288\" data-end=\"1392\"><strong data-start=\"1288\" data-end=\"1315\">Registered DIMM (RDIMM)<\/strong> &ndash; &#273;&#7843;m b&#7843;o &#273;&#7897; tin c&#7853;y, t&iacute;nh m&#7903; r&#7897;ng v&agrave; gi&#7843;m t&#7843;i b&#7897; &#273;i&#7873;u khi&#7875;n b&#7897; nh&#7899; c&#7911;a CPU.<\/p>\n<\/li>\n<li data-start=\"1393\" data-end=\"1482\">\n<p data-start=\"1395\" data-end=\"1482\"><strong data-start=\"1395\" data-end=\"1443\">ECC t&iacute;ch h&#7907;p (Error Checking and Correction)<\/strong> &ndash; t&#7921; &#273;&#7897;ng ph&aacute;t hi&#7879;n v&agrave; s&#7917;a l&#7895;i b&#7897; nh&#7899;.<\/p>\n<\/li>\n<li data-start=\"1483\" data-end=\"1576\">\n<p data-start=\"1485\" data-end=\"1576\"><strong data-start=\"1485\" data-end=\"1505\">HPE Smart Memory<\/strong> &ndash; h&#7895; tr&#7907; nh&#7853;n di&#7879;n ch&iacute;nh h&atilde;ng, gi&aacute;m s&aacute;t t&igrave;nh tr&#7841;ng b&#7897; nh&#7899; qua HPE iLO.<\/p>\n<\/li>\n<li data-start=\"1577\" data-end=\"1669\">\n<p data-start=\"1579\" data-end=\"1669\"><strong data-start=\"1579\" data-end=\"1648\">T&#432;&#417;ng th&iacute;ch tuy&#7879;t &#273;&#7889;i v&#7899;i m&aacute;y ch&#7911; HPE ProLiant Gen10 \/ Gen10 Plus<\/strong> c&oacute; h&#7895; tr&#7907; DDR4-2933.<\/p>\n<\/li>\n<\/ul>\n","protected":false},"excerpt":{"rendered":"<ul>\n<li data-start=\"3540\" data-end=\"3564\">\n<p data-start=\"3542\" data-end=\"3564\"><strong data-start=\"3542\" data-end=\"3557\">Dung l\u01b0\u1ee3ng:<\/strong> 64GB<\/p>\n<\/li>\n<li data-start=\"3565\" data-end=\"3596\">\n<p data-start=\"3567\" data-end=\"3596\"><strong data-start=\"3567\" data-end=\"3584\">Chu\u1ea9n b\u1ed9 nh\u1edb:<\/strong> DDR4-2933<\/p>\n<\/li>\n<li data-start=\"3597\" data-end=\"3634\">\n<p data-start=\"3599\" data-end=\"3634\"><strong data-start=\"3599\" data-end=\"3613\">Lo\u1ea1i DIMM:<\/strong> RDIMM \u2013 Registered<\/p>\n<\/li>\n<li data-start=\"3635\" data-end=\"3665\">\n<p data-start=\"3637\" data-end=\"3665\"><strong data-start=\"3637\" data-end=\"3650\">C\u1ea5u h\u00ecnh:<\/strong> Dual Rank x4<\/p>\n<\/li>\n<li data-start=\"3666\" data-end=\"3689\">\n<p data-start=\"3668\" data-end=\"3689\"><strong data-start=\"3668\" data-end=\"3684\">CAS Latency:<\/strong> 21<\/p>\n<\/li>\n<li data-start=\"3690\" data-end=\"3705\">\n<p data-start=\"3692\" data-end=\"3705\"><strong data-start=\"3692\" data-end=\"3700\">ECC:<\/strong> C\u00f3<\/p>\n<\/li>\n<li data-start=\"3706\" data-end=\"3730\">\n<p data-start=\"3708\" data-end=\"3730\"><strong data-start=\"3708\" data-end=\"3725\">Smart Memory:<\/strong> C\u00f3<\/p>\n<\/li>\n<li data-start=\"3731\" data-end=\"3783\">\n<p data-start=\"3733\" data-end=\"3783\"><strong data-start=\"3733\" data-end=\"3749\">T\u01b0\u01a1ng th\u00edch:<\/strong> HPE ProLiant Gen10 \/ Gen10 Plus<\/p>\n<\/li>\n<li data-start=\"3784\" data-end=\"3815\">\n<p data-start=\"3786\" data-end=\"3815\"><strong data-start=\"3786\" data-end=\"3802\">M\u00e3 s\u1ea3n ph\u1ea9m:<\/strong> P00930-B21<\/p>\n<\/li>\n<li data-start=\"3816\" data-end=\"3886\">\n<p data-start=\"3818\" data-end=\"3886\"><strong data-start=\"3818\" data-end=\"3831\">B\u1ea3o h\u00e0nh:<\/strong> 1 n\u0103m ch\u00ednh h\u00e3ng<\/p>\n<\/li>\n<\/ul>\n","protected":false},"featured_media":4292,"comment_status":"open","ping_status":"closed","template":"","meta":{"_acf_changed":false,"_eb_attr":"","_bst_post_transparent":"default","_bst_post_title":"","_bst_post_layout":"default","_bst_post_sidebar_id":"","_bst_post_content_style":"default","_bst_post_vertical_padding":"default","_bst_post_feature":"","_bst_post_feature_position":"","_bst_post_header":false,"_bst_post_footer":false},"product_brand":[],"product_cat":[355],"product_tag":[],"product_brands":[],"class_list":{"0":"post-4304","1":"product","2":"type-product","3":"status-publish","4":"has-post-thumbnail","6":"product_cat-linh-kien-va-phu-kien-may-chu","8":"first","9":"instock","10":"shipping-taxable","11":"product-type-simple","12":"entry","13":"content-bg","14":"loop-entry"},"acf":[],"aioseo_notices":[],"_links":{"self":[{"href":"https:\/\/partvietnam.com\/en\/wp-json\/wp\/v2\/product\/4304","targetHints":{"allow":["GET"]}}],"collection":[{"href":"https:\/\/partvietnam.com\/en\/wp-json\/wp\/v2\/product"}],"about":[{"href":"https:\/\/partvietnam.com\/en\/wp-json\/wp\/v2\/types\/product"}],"replies":[{"embeddable":true,"href":"https:\/\/partvietnam.com\/en\/wp-json\/wp\/v2\/comments?post=4304"}],"wp:featuredmedia":[{"embeddable":true,"href":"https:\/\/partvietnam.com\/en\/wp-json\/wp\/v2\/media\/4292"}],"wp:attachment":[{"href":"https:\/\/partvietnam.com\/en\/wp-json\/wp\/v2\/media?parent=4304"}],"wp:term":[{"taxonomy":"product_brand","embeddable":true,"href":"https:\/\/partvietnam.com\/en\/wp-json\/wp\/v2\/product_brand?post=4304"},{"taxonomy":"product_cat","embeddable":true,"href":"https:\/\/partvietnam.com\/en\/wp-json\/wp\/v2\/product_cat?post=4304"},{"taxonomy":"product_tag","embeddable":true,"href":"https:\/\/partvietnam.com\/en\/wp-json\/wp\/v2\/product_tag?post=4304"},{"taxonomy":"product_brands","embeddable":true,"href":"https:\/\/partvietnam.com\/en\/wp-json\/wp\/v2\/product_brands?post=4304"}],"curies":[{"name":"wp","href":"https:\/\/api.w.org\/{rel}","templated":true}]}}