{"id":4310,"date":"2025-07-31T14:40:11","date_gmt":"2025-07-31T07:40:11","guid":{"rendered":"https:\/\/partvietnam.com\/?post_type=product&#038;p=4310"},"modified":"2026-04-23T08:25:11","modified_gmt":"2026-04-23T01:25:11","slug":"bo-nho-ram-hpe-64gb-1x64gb-dual-rank-x4-ddr5-5600-cas-46-45-45-ec8-registered-smart-memory-kit-p64707-b21","status":"publish","type":"product","link":"https:\/\/partvietnam.com\/en\/product\/bo-nho-ram-hpe-64gb-1x64gb-dual-rank-x4-ddr5-5600-cas-46-45-45-ec8-registered-smart-memory-kit-p64707-b21\/","title":{"rendered":"B\u1ed9 nh\u1edb ram HPE 64GB (1x64GB) Dual Rank x4 DDR5-5600 CAS-46-45-45 EC8 Registered Smart Memory Kit P64707-B21"},"content":{"rendered":"<?xml encoding=\"utf-8\" ?><p style=\"text-align: justify\">B&#7897; nh&#7899; ram HPE 64GB (1x64GB) Dual Rank x4 DDR5-5600 CAS-46-45-45 EC8 Registered Smart Memory Kit (P64707-B21) l&agrave; m&ocirc;-&#273;un b&#7897; nh&#7899; th&#7871; h&#7879; m&#7899;i, dung l&#432;&#7907;ng cao, &#273;&#432;&#7907;c thi&#7871;t k&#7871; d&agrave;nh ri&ecirc;ng cho m&aacute;y ch&#7911; HPE ProLiant Gen11, mang &#273;&#7871;n b&#259;ng th&ocirc;ng v&#432;&#7907;t tr&#7897;i, hi&#7879;u n&#259;ng cao, v&agrave; &#273;&#7897; &#7893;n &#273;&#7883;nh t&#7889;i &#273;a. B&#7897; nh&#7899; s&#7917; d&#7909;ng c&ocirc;ng ngh&#7879; DDR5 m&#7899;i nh&#7845;t, c&#7845;u h&igrave;nh Dual Rank x4, k&#7871;t h&#7907;p v&#7899;i t&iacute;nh n&#259;ng ECC v&agrave; HPE Smart Memory gi&uacute;p h&#7879; th&#7889;ng v&#7853;n h&agrave;nh m&#7841;nh m&#7869;, ch&iacute;nh x&aacute;c v&agrave; &#273;&aacute;ng tin c&#7853;y trong m&ocirc;i tr&#432;&#7901;ng &#7843;o h&oacute;a, c&#417; s&#7903; d&#7919; li&#7879;u l&#7899;n, AI\/ML, HPC v&agrave; c&aacute;c t&aacute;c v&#7909; y&ecirc;u c&#7847;u cao kh&aacute;c.<\/p><h2><strong>T&iacute;nh n&#259;ng n&#7893;i b&#7853;t <a href=\"https:\/\/partvietnam.com\/san-pham\/\">s&#7843;n ph&#7849;m<\/a><\/strong><\/h2><ul>\n<li data-start=\"801\" data-end=\"901\">\n<p data-start=\"803\" data-end=\"901\"><strong data-start=\"803\" data-end=\"826\">Dung l&#432;&#7907;ng l&#7899;n 64GB<\/strong> &ndash; l&yacute; t&#432;&#7903;ng &#273;&#7875; t&#7889;i &#432;u t&agrave;i nguy&ecirc;n DIMM v&agrave; &#273;&aacute;p &#7913;ng kh&#7889;i l&#432;&#7907;ng c&ocirc;ng vi&#7879;c n&#7863;ng.<\/p>\n<\/li>\n<li data-start=\"902\" data-end=\"1001\">\n<p data-start=\"904\" data-end=\"1001\"><strong data-start=\"904\" data-end=\"929\">T&#7889;c &#273;&#7897; DDR5-5600 MT\/s<\/strong> &ndash; b&#259;ng th&ocirc;ng v&#432;&#7907;t tr&#7897;i so v&#7899;i DDR4, t&#259;ng t&#7889;c &#273;&#7897; x&#7917; l&yacute; h&#7879; th&#7889;ng &#273;&aacute;ng k&#7875;.<\/p>\n<\/li>\n<li data-start=\"1002\" data-end=\"1098\">\n<p data-start=\"1004\" data-end=\"1098\"><strong data-start=\"1004\" data-end=\"1036\">C&#7845;u h&igrave;nh Dual Rank x4 (2Rx4)<\/strong> &ndash; gi&uacute;p c&#7843;i thi&#7879;n hi&#7879;u n&#259;ng nh&#7901; kh&#7843; n&#259;ng truy&#7873;n t&#7843;i song song.<\/p>\n<\/li>\n<li data-start=\"1099\" data-end=\"1180\">\n<p data-start=\"1101\" data-end=\"1180\"><strong data-start=\"1101\" data-end=\"1125\">CAS Latency 46-45-45<\/strong>, &#273;&#7843;m b&#7843;o &#273;&#7897; tr&#7877; ph&ugrave; h&#7907;p v&#7899;i ki&#7871;n tr&uacute;c DDR5 t&#7889;c &#273;&#7897; cao.<\/p>\n<\/li>\n<li data-start=\"1181\" data-end=\"1270\">\n<p data-start=\"1183\" data-end=\"1270\"><strong data-start=\"1183\" data-end=\"1208\">ECC &ndash; s&#7917;a l&#7895;i t&#7921; &#273;&#7897;ng<\/strong>, gi&uacute;p t&#259;ng &#273;&#7897; tin c&#7853;y v&agrave; &#7893;n &#273;&#7883;nh cho c&aacute;c &#7913;ng d&#7909;ng quan tr&#7885;ng.<\/p>\n<\/li>\n<li data-start=\"1271\" data-end=\"1368\">\n<p data-start=\"1273\" data-end=\"1368\"><strong data-start=\"1273\" data-end=\"1300\">Registered DIMM (RDIMM)<\/strong> &ndash; t&#259;ng kh&#7843; n&#259;ng m&#7903; r&#7897;ng b&#7897; nh&#7899;, gi&#7843;m t&#7843;i &#273;i&#7873;u khi&#7875;n b&#7897; nh&#7899; c&#7911;a CPU.<\/p>\n<\/li>\n<li data-start=\"1369\" data-end=\"1471\">\n<p data-start=\"1371\" data-end=\"1471\"><strong data-start=\"1371\" data-end=\"1391\">HPE Smart Memory<\/strong> &ndash; nh&#7853;n di&#7879;n ch&iacute;nh h&atilde;ng, h&#7895; tr&#7907; gi&aacute;m s&aacute;t &amp; t&#7889;i &#432;u b&#7897; nh&#7899; th&ocirc;ng minh qua HPE iLO.<\/p>\n<\/li>\n<li data-start=\"1472\" data-end=\"1548\">\n<p data-start=\"1474\" data-end=\"1548\"><strong data-start=\"1474\" data-end=\"1547\">T&#432;&#417;ng th&iacute;ch tuy&#7879;t &#273;&#7889;i v&#7899;i d&ograve;ng m&aacute;y ch&#7911; HPE ProLiant Gen11 h&#7895; tr&#7907; DDR5<\/strong>.<\/p>\n<\/li>\n<\/ul>\n","protected":false},"excerpt":{"rendered":"<ul>\n<li data-start=\"3535\" data-end=\"3559\">\n<p data-start=\"3537\" data-end=\"3559\"><strong data-start=\"3537\" data-end=\"3552\">Dung l\u01b0\u1ee3ng:<\/strong> 64GB<\/p>\n<\/li>\n<li data-start=\"3560\" data-end=\"3591\">\n<p data-start=\"3562\" data-end=\"3591\"><strong data-start=\"3562\" data-end=\"3579\">Chu\u1ea9n b\u1ed9 nh\u1edb:<\/strong> DDR5-5600<\/p>\n<\/li>\n<li data-start=\"3592\" data-end=\"3629\">\n<p data-start=\"3594\" data-end=\"3629\"><strong data-start=\"3594\" data-end=\"3608\">Lo\u1ea1i DIMM:<\/strong> RDIMM \u2013 Registered<\/p>\n<\/li>\n<li data-start=\"3630\" data-end=\"3667\">\n<p data-start=\"3632\" data-end=\"3667\"><strong data-start=\"3632\" data-end=\"3645\">C\u1ea5u h\u00ecnh:<\/strong> Dual Rank x4 (2Rx4)<\/p>\n<\/li>\n<li data-start=\"3668\" data-end=\"3691\">\n<p data-start=\"3670\" data-end=\"3691\"><strong data-start=\"3670\" data-end=\"3686\">CAS Latency:<\/strong> 46-45-45<\/p>\n<\/li>\n<li data-start=\"3692\" data-end=\"3707\">\n<p data-start=\"3694\" data-end=\"3707\"><strong data-start=\"3694\" data-end=\"3702\">ECC:<\/strong> C\u00f3<\/p>\n<\/li>\n<li data-start=\"3708\" data-end=\"3732\">\n<p data-start=\"3710\" data-end=\"3732\"><strong data-start=\"3710\" data-end=\"3727\">Smart Memory:<\/strong> C\u00f3<\/p>\n<\/li>\n<li data-start=\"3733\" data-end=\"3772\">\n<p data-start=\"3735\" data-end=\"3772\"><strong data-start=\"3735\" data-end=\"3751\">T\u01b0\u01a1ng th\u00edch:<\/strong> HPE ProLiant Gen11<\/p>\n<\/li>\n<li data-start=\"3773\" data-end=\"3804\">\n<p data-start=\"3775\" data-end=\"3804\"><strong data-start=\"3775\" data-end=\"3791\">M\u00e3 s\u1ea3n ph\u1ea9m:<\/strong> P64707-B21<\/p>\n<\/li>\n<li data-start=\"3805\" data-end=\"3875\">\n<p data-start=\"3807\" data-end=\"3875\"><strong data-start=\"3807\" data-end=\"3820\">B\u1ea3o h\u00e0nh: <\/strong>1\u00a0n\u0103m ch\u00ednh h\u00e3ng<\/p>\n<\/li>\n<\/ul>\n","protected":false},"featured_media":4308,"comment_status":"open","ping_status":"closed","template":"","meta":{"_acf_changed":false,"_eb_attr":"","_bst_post_transparent":"default","_bst_post_title":"","_bst_post_layout":"default","_bst_post_sidebar_id":"","_bst_post_content_style":"default","_bst_post_vertical_padding":"default","_bst_post_feature":"","_bst_post_feature_position":"","_bst_post_header":false,"_bst_post_footer":false},"product_brand":[],"product_cat":[355],"product_tag":[],"product_brands":[],"class_list":{"0":"post-4310","1":"product","2":"type-product","3":"status-publish","4":"has-post-thumbnail","6":"product_cat-linh-kien-va-phu-kien-may-chu","8":"first","9":"instock","10":"shipping-taxable","11":"product-type-simple","12":"entry","13":"content-bg","14":"loop-entry"},"acf":[],"aioseo_notices":[],"_links":{"self":[{"href":"https:\/\/partvietnam.com\/en\/wp-json\/wp\/v2\/product\/4310","targetHints":{"allow":["GET"]}}],"collection":[{"href":"https:\/\/partvietnam.com\/en\/wp-json\/wp\/v2\/product"}],"about":[{"href":"https:\/\/partvietnam.com\/en\/wp-json\/wp\/v2\/types\/product"}],"replies":[{"embeddable":true,"href":"https:\/\/partvietnam.com\/en\/wp-json\/wp\/v2\/comments?post=4310"}],"wp:featuredmedia":[{"embeddable":true,"href":"https:\/\/partvietnam.com\/en\/wp-json\/wp\/v2\/media\/4308"}],"wp:attachment":[{"href":"https:\/\/partvietnam.com\/en\/wp-json\/wp\/v2\/media?parent=4310"}],"wp:term":[{"taxonomy":"product_brand","embeddable":true,"href":"https:\/\/partvietnam.com\/en\/wp-json\/wp\/v2\/product_brand?post=4310"},{"taxonomy":"product_cat","embeddable":true,"href":"https:\/\/partvietnam.com\/en\/wp-json\/wp\/v2\/product_cat?post=4310"},{"taxonomy":"product_tag","embeddable":true,"href":"https:\/\/partvietnam.com\/en\/wp-json\/wp\/v2\/product_tag?post=4310"},{"taxonomy":"product_brands","embeddable":true,"href":"https:\/\/partvietnam.com\/en\/wp-json\/wp\/v2\/product_brands?post=4310"}],"curies":[{"name":"wp","href":"https:\/\/api.w.org\/{rel}","templated":true}]}}