{"id":4324,"date":"2025-07-31T16:33:06","date_gmt":"2025-07-31T09:33:06","guid":{"rendered":"https:\/\/partvietnam.com\/?post_type=product&#038;p=4324"},"modified":"2025-07-31T16:33:06","modified_gmt":"2025-07-31T09:33:06","slug":"camera-than-tru-ngoai-troi-2mp-camera-colorvu-ds-2cd1027g2h-liuf","status":"publish","type":"product","link":"https:\/\/partvietnam.com\/en\/product\/camera-than-tru-ngoai-troi-2mp-camera-colorvu-ds-2cd1027g2h-liuf\/","title":{"rendered":"Camera th\u00e2n tr\u1ee5 ngo\u00e0i tr\u1eddi 2MP \u2013 Camera ColorVu DS-2CD1027G2H-LIUF"},"content":{"rendered":"<?xml encoding=\"utf-8\" ?><p style=\"text-align: justify\">Camera th&acirc;n tr&#7909; ngo&agrave;i tr&#7901;i 2MP &ndash; Camera ColorVu DS-2CD1027G2H-LIUF l&agrave; camera c&oacute; &#273;&#7897; ph&acirc;n gi&#7843;i 2MP, th&acirc;n tr&#7909; ph&aacute;t hi&#7879;n ng&#432;&#7901;i ph&#432;&#417;ng ti&#7879;n, ch&#7871; &#273;&#7897; &#273;&egrave;n th&ocirc;ng minh t&iacute;ch h&#7907;p c&ocirc;ng ngh&#7879; ColorVu th&#7871; h&#7879; m&#7899;i, cho ph&eacute;p ghi h&igrave;nh m&agrave;u s&#7855;c sinh &#273;&#7897;ng ngay c&#7843; trong &#273;i&#7873;u ki&#7879;n &aacute;nh s&aacute;ng y&#7871;u g&#7847;n nh&#432; tuy&#7879;t &#273;&#7889;i. V&#7899;i t&iacute;nh n&#259;ng ph&aacute;t hi&#7879;n ng&#432;&#7901;i v&agrave; ph&#432;&#417;ng ti&#7879;n th&ocirc;ng minh, c&ugrave;ng ch&#7871; &#273;&#7897; &#273;&egrave;n Hybrid th&ocirc;ng minh (h&#7891;ng ngo&#7841;i ho&#7863;c &aacute;nh s&aacute;ng tr&#7855;ng t&#7921; &#273;&#7897;ng), s&#7843;n ph&#7849;m &#273;&aacute;p &#7913;ng l&yacute; t&#432;&#7903;ng cho nhu c&#7847;u b&#7843;o v&#7879; nh&agrave; &#7903;, v&#259;n ph&ograve;ng, nh&agrave; x&#432;&#7903;ng, b&atilde;i xe, khu &#273;&ocirc; th&#7883; th&ocirc;ng minh, v.v&hellip;<\/p><h2><strong>T&iacute;nh n&#259;ng n&#7893;i b&#7853;t <a href=\"https:\/\/partvietnam.com\/san-pham\/\">s&#7843;n ph&#7849;m<\/a><\/strong><\/h2><ul>\n<li data-start=\"804\" data-end=\"889\">\n<p data-start=\"806\" data-end=\"889\"><strong data-start=\"806\" data-end=\"850\">ColorVu 24\/7 ghi h&igrave;nh m&agrave;u si&ecirc;u nh&#7841;y s&aacute;ng<\/strong> v&#7899;i &#273;&#7897; nh&#7841;y ch&#7881; <strong data-start=\"867\" data-end=\"888\">0.0005 Lux @ F1.0<\/strong>.<\/p>\n<\/li>\n<li data-start=\"890\" data-end=\"986\">\n<p data-start=\"892\" data-end=\"986\"><strong data-start=\"892\" data-end=\"925\">Ph&acirc;n t&iacute;ch h&igrave;nh &#7843;nh th&ocirc;ng minh<\/strong>: nh&#7853;n di&#7879;n ng&#432;&#7901;i v&agrave; ph&#432;&#417;ng ti&#7879;n gi&uacute;p l&#7885;c b&aacute;o &#273;&#7897;ng ch&iacute;nh x&aacute;c.<\/p>\n<\/li>\n<li data-start=\"987\" data-end=\"1106\">\n<p data-start=\"989\" data-end=\"1106\"><strong data-start=\"989\" data-end=\"1011\">Smart Hybrid Light<\/strong> &ndash; t&#7921; &#273;&#7897;ng chuy&#7875;n &#273;&#7893;i gi&#7919;a <strong data-start=\"1038\" data-end=\"1052\">h&#7891;ng ngo&#7841;i<\/strong> v&agrave; <strong data-start=\"1056\" data-end=\"1078\">&#273;&egrave;n &aacute;nh s&aacute;ng tr&#7855;ng<\/strong> &#273;&#7875; t&#7889;i &#432;u h&igrave;nh &#7843;nh ban &#273;&ecirc;m.<\/p>\n<\/li>\n<li data-start=\"1107\" data-end=\"1181\">\n<p data-start=\"1109\" data-end=\"1181\"><strong data-start=\"1109\" data-end=\"1136\">Chu&#7849;n n&eacute;n H.265+\/H.264+<\/strong>, ti&#7871;t ki&#7879;m b&#259;ng th&ocirc;ng v&agrave; dung l&#432;&#7907;ng l&#432;u tr&#7919;.<\/p>\n<\/li>\n<li data-start=\"1182\" data-end=\"1284\">\n<p data-start=\"1184\" data-end=\"1284\"><strong data-start=\"1184\" data-end=\"1219\">Ch&#7889;ng ng&#432;&#7907;c s&aacute;ng th&#7921;c WDR 120dB<\/strong>, BLC, 3D DNR &ndash; cho h&igrave;nh &#7843;nh r&otilde; n&eacute;t trong m&#7885;i &#273;i&#7873;u ki&#7879;n &aacute;nh s&aacute;ng.<\/p>\n<\/li>\n<li data-start=\"1285\" data-end=\"1342\">\n<p data-start=\"1287\" data-end=\"1342\"><strong data-start=\"1287\" data-end=\"1312\">T&iacute;ch h&#7907;p micro ghi &acirc;m<\/strong>, h&#7895; tr&#7907; gi&aacute;m s&aacute;t c&oacute; &acirc;m thanh.<\/p>\n<\/li>\n<li data-start=\"1343\" data-end=\"1412\">\n<p data-start=\"1345\" data-end=\"1412\"><strong data-start=\"1345\" data-end=\"1385\">H&#7895; tr&#7907; th&#7867; nh&#7899; microSD l&ecirc;n t&#7899;i 512GB<\/strong>, cho ph&eacute;p l&#432;u tr&#7919; &#273;&#7897;c l&#7853;p.<\/p>\n<\/li>\n<li data-start=\"1413\" data-end=\"1487\">\n<p data-start=\"1415\" data-end=\"1487\"><strong data-start=\"1415\" data-end=\"1463\">T&#432;&#417;ng th&iacute;ch Hik-Connect, t&ecirc;n mi&#7873;n CameraDDNS<\/strong>, d&#7877; d&agrave;ng qu&#7843;n l&yacute; t&#7915; xa.<\/p>\n<\/li>\n<li data-start=\"1488\" data-end=\"1558\">\n<p data-start=\"1490\" data-end=\"1558\"><strong data-start=\"1490\" data-end=\"1529\">Thi&#7871;t k&#7871; IP67 ch&#7889;ng b&#7909;i, ch&#7889;ng n&#432;&#7899;c<\/strong>, ph&ugrave; h&#7907;p l&#7855;p &#273;&#7863;t ngo&agrave;i tr&#7901;i.<\/p>\n<\/li>\n<li data-start=\"1559\" data-end=\"1611\">\n<p data-start=\"1561\" data-end=\"1611\"><strong data-start=\"1561\" data-end=\"1610\">Ngu&#7891;n c&#7845;p linh ho&#7841;t: 12VDC ho&#7863;c PoE (802.3af)<\/strong>.<\/p>\n<\/li>\n<\/ul>\n","protected":false},"excerpt":{"rendered":"<ul style=\"list-style-type: disc\">\n<li id=\"input_line_0\"><span id=\"input_part_0\" class=\"\" data-mention=\"Ca\u0309m bi\u00ea\u0301n 1\/28&quot; progressive scan CMOS\">Ca\u0309m bi\u00ea\u0301n 1\/28&#8243; progressive scan CMOS<\/span><\/li>\n<li id=\"input_line_1\"><span id=\"input_part_0\" class=\"\" data-mention=\"Chu\u00e2\u0309n ne\u0301n H.265 , H.265+ , H.264 , H.264+ ; H\u1ed7 tr\u1ee3 2 lu\u1ed3ng d\u1eef li\u1ec7u\">Chu\u00e2\u0309n ne\u0301n H.265 , H.265+ , H.264 , H.264+ ; H\u1ed7 tr\u1ee3 2 lu\u1ed3ng d\u1eef li\u1ec7u<\/span><\/li>\n<li id=\"input_line_2\"><span id=\"input_part_0\" class=\"\" data-mention=\"\u0110\u1ed9 nh\u1ea1y s\u00e1ng Color: 0.0005 Lux @ (F1.0, AGC ON)\">\u0110\u1ed9 nh\u1ea1y s\u00e1ng Color: 0.0005 Lux @ (F1.0, AGC ON)<\/span><\/li>\n<li id=\"input_line_3\"><span id=\"input_part_0\" class=\"\" data-mention=\"Ch\u1ed1ng ng\u01b0\u1ee3c s\u00e1ng WDR 120dB , BLC , 3D DNR\">Ch\u1ed1ng ng\u01b0\u1ee3c s\u00e1ng WDR 120dB , BLC , 3D DNR<\/span><\/li>\n<li id=\"input_line_4\"><span id=\"input_part_0\" class=\"\" data-mention=\"H\u1ed7 tr\u1ee3 ch\u1ebf \u0111\u1ed9 \u0111\u00e8n th\u00f4ng minh Smart Hybrid Light\">H\u1ed7 tr\u1ee3 ch\u1ebf \u0111\u1ed9 \u0111\u00e8n th\u00f4ng minh Smart Hybrid Light<\/span><\/li>\n<li id=\"input_line_5\"><span id=\"input_part_0\" class=\"\" data-mention=\"T\u00ednh n\u0103ng ph\u00e1t hi\u1ec7n ng\u01b0\u1eddi v\u00e0 ph\u01b0\u01a1ng ti\u1ec7n\">T\u00ednh n\u0103ng ph\u00e1t hi\u1ec7n ng\u01b0\u1eddi v\u00e0 ph\u01b0\u01a1ng ti\u1ec7n<\/span><\/li>\n<li id=\"input_line_6\"><span id=\"input_part_0\" class=\"\" data-mention=\"\u0110\u1ed9 ph\u00e2n gi\u1ea3i t\u1ed1i \u0111a 1920 \u00d7 1080\/25fps\">\u0110\u1ed9 ph\u00e2n gi\u1ea3i t\u1ed1i \u0111a 1920 \u00d7 1080\/25fps<\/span><\/li>\n<li id=\"input_line_7\"><span id=\"input_part_0\" class=\"\" data-mention=\"\u00d4\u0301ng ki\u0301nh 2.8\/4mm\">\u00d4\u0301ng ki\u0301nh 2.8\/4mm<\/span><\/li>\n<li id=\"input_line_8\"><span id=\"input_part_0\" class=\"\" data-mention=\"T\u1ea7m xa h\u1ed3ng ngo\u1ea1i\/ \u00c1nh s\u00e1ng tr\u1eafng 30m\">T\u1ea7m xa h\u1ed3ng ngo\u1ea1i\/ \u00c1nh s\u00e1ng tr\u1eafng 30m<\/span><\/li>\n<li id=\"input_line_9\"><span id=\"input_part_0\" class=\"\" data-mention=\"H\u1ed7 tr\u1ee3 th\u1ebb nh\u1edb t\u1ed1i \u0111a 512GB , cho ph\u00e9p ghi video\">H\u1ed7 tr\u1ee3 th\u1ebb nh\u1edb t\u1ed1i \u0111a 512GB , cho ph\u00e9p ghi video<\/span><\/li>\n<li id=\"input_line_10\"><span id=\"input_part_0\" class=\"\" data-mention=\"T\u00edch h\u1ee3p Micro.\">T\u00edch h\u1ee3p Micro.<\/span><\/li>\n<li id=\"input_line_11\"><span id=\"input_part_0\" class=\"\" data-mention=\"H\u1ed7 tr\u1ee3 d\u1ecbch v\u1ee5 Hik-connect, t\u00ean mi\u1ec1n CameraDDNS\">H\u1ed7 tr\u1ee3 d\u1ecbch v\u1ee5 Hik-connect, t\u00ean mi\u1ec1n CameraDDNS<\/span><\/li>\n<li id=\"input_line_12\"><span id=\"input_part_0\" class=\"\" data-mention=\"V\u1eadt li\u1ec7u : Kim lo\u1ea1i , Plastic\">V\u1eadt li\u1ec7u : Kim lo\u1ea1i , Plastic<\/span><\/li>\n<li id=\"input_line_13\"><span id=\"input_part_0\" class=\"\" data-mention=\"Ti\u00eau chu\u1ea9n ch\u1ed1ng b\u1ee5i n\u01b0\u1edbc IP67\">Ti\u00eau chu\u1ea9n ch\u1ed1ng b\u1ee5i n\u01b0\u1edbc IP67<\/span><\/li>\n<li id=\"input_line_14\"><span id=\"input_part_0\" class=\"\" data-mention=\"Ngu\u1ed3n 12V\/PoE chu\u1ea9n 802.03af\">Ngu\u1ed3n 12V\/PoE chu\u1ea9n 802.03af<\/span><\/li>\n<li>B\u1ea3o h\u00e0nh 24 th\u00e1ng ch\u00ednh h\u00e3ng<\/li>\n<\/ul>\n","protected":false},"featured_media":4325,"comment_status":"open","ping_status":"closed","template":"","meta":{"_acf_changed":false,"_eb_attr":"","_bst_post_transparent":"default","_bst_post_title":"","_bst_post_layout":"default","_bst_post_sidebar_id":"","_bst_post_content_style":"default","_bst_post_vertical_padding":"default","_bst_post_feature":"","_bst_post_feature_position":"","_bst_post_header":false,"_bst_post_footer":false},"product_brand":[],"product_cat":[397],"product_tag":[],"product_brands":[],"class_list":{"0":"post-4324","1":"product","2":"type-product","3":"status-publish","4":"has-post-thumbnail","6":"product_cat-camera","8":"first","9":"instock","10":"shipping-taxable","11":"purchasable","12":"product-type-simple","13":"entry","14":"content-bg","15":"loop-entry"},"acf":[],"aioseo_notices":[],"_links":{"self":[{"href":"https:\/\/partvietnam.com\/en\/wp-json\/wp\/v2\/product\/4324","targetHints":{"allow":["GET"]}}],"collection":[{"href":"https:\/\/partvietnam.com\/en\/wp-json\/wp\/v2\/product"}],"about":[{"href":"https:\/\/partvietnam.com\/en\/wp-json\/wp\/v2\/types\/product"}],"replies":[{"embeddable":true,"href":"https:\/\/partvietnam.com\/en\/wp-json\/wp\/v2\/comments?post=4324"}],"wp:featuredmedia":[{"embeddable":true,"href":"https:\/\/partvietnam.com\/en\/wp-json\/wp\/v2\/media\/4325"}],"wp:attachment":[{"href":"https:\/\/partvietnam.com\/en\/wp-json\/wp\/v2\/media?parent=4324"}],"wp:term":[{"taxonomy":"product_brand","embeddable":true,"href":"https:\/\/partvietnam.com\/en\/wp-json\/wp\/v2\/product_brand?post=4324"},{"taxonomy":"product_cat","embeddable":true,"href":"https:\/\/partvietnam.com\/en\/wp-json\/wp\/v2\/product_cat?post=4324"},{"taxonomy":"product_tag","embeddable":true,"href":"https:\/\/partvietnam.com\/en\/wp-json\/wp\/v2\/product_tag?post=4324"},{"taxonomy":"product_brands","embeddable":true,"href":"https:\/\/partvietnam.com\/en\/wp-json\/wp\/v2\/product_brands?post=4324"}],"curies":[{"name":"wp","href":"https:\/\/api.w.org\/{rel}","templated":true}]}}