{"id":4332,"date":"2025-08-01T09:05:28","date_gmt":"2025-08-01T02:05:28","guid":{"rendered":"https:\/\/partvietnam.com\/?post_type=product&#038;p=4332"},"modified":"2025-08-01T09:05:29","modified_gmt":"2025-08-01T02:05:29","slug":"camera-than-tru-ngoai-troi-ip-colorvu-ds-2cd1047g2h-liuf","status":"publish","type":"product","link":"https:\/\/partvietnam.com\/en\/product\/camera-than-tru-ngoai-troi-ip-colorvu-ds-2cd1047g2h-liuf\/","title":{"rendered":"CAMERA th\u00e2n tr\u1ee5 ngo\u00e0i tr\u1eddi IP COLORVU DS-2CD1047G2H-LIUF"},"content":{"rendered":"<?xml encoding=\"utf-8\" ?><p data-start=\"240\" data-end=\"647\"><span style=\"font-size: 14pt\">Camera DS-2CD1047G2H-LIUF l&agrave; d&ograve;ng camera IP ColorVu m&#7899;i nh&#7845;t c&#7911;a HIKVISION, n&#7893;i b&#7853;t v&#7899;i kh&#7843; n&#259;ng <strong data-start=\"337\" data-end=\"378\">ghi h&igrave;nh m&agrave;u li&ecirc;n t&#7909;c c&#7843; ng&agrave;y l&#7851;n &#273;&ecirc;m<\/strong>, nh&#7901; c&#7843;m bi&#7871;n CMOS ch&#7845;t l&#432;&#7907;ng cao v&agrave; &#7889;ng k&iacute;nh kh&#7849;u &#273;&#7897; l&#7899;n F1.0 c&ugrave;ng &#273;&egrave;n LED chi&#7871;u s&aacute;ng t&iacute;ch h&#7907;p. &#272;&acirc;y l&agrave; gi&#7843;i ph&aacute;p l&yacute; t&#432;&#7903;ng cho <strong data-start=\"506\" data-end=\"576\">gi&aacute;m s&aacute;t ngo&agrave;i tr&#7901;i t&#7841;i nh&agrave; ri&ecirc;ng, c&#7917;a h&agrave;ng, kho x&#432;&#7903;ng ho&#7863;c b&atilde;i xe<\/strong>, n&#417;i c&#7847;n h&igrave;nh &#7843;nh r&otilde; n&eacute;t, m&agrave;u s&#7855;c ch&acirc;n th&#7921;c b&#7845;t k&#7875; &#273;i&#7873;u ki&#7879;n &aacute;nh s&aacute;ng.<\/span><span style=\"font-size: 14pt\">Thi&#7871;t b&#7883; &#273;&#432;&#7907;c trang b&#7883; <strong data-start=\"672\" data-end=\"704\">&#273;&#7897; ph&acirc;n gi&#7843;i 4MP (2560&times;1440)<\/strong> cho h&igrave;nh &#7843;nh s&#7855;c n&eacute;t v&agrave; chi ti&#7871;t. Nh&#7901; h&#7895; tr&#7907; c&ocirc;ng ngh&#7879; n&eacute;n video <strong data-start=\"770\" data-end=\"787\">H.265+\/H.264+<\/strong>, DS-2CD1047G2H-LIUF gi&uacute;p ti&#7871;t ki&#7879;m b&#259;ng th&ocirc;ng v&agrave; dung l&#432;&#7907;ng l&#432;u tr&#7919; &#273;&aacute;ng k&#7875;.<\/span><span style=\"font-size: 14pt\">&#272;i&#7875;m n&#7893;i b&#7853;t c&#7911;a m&#7851;u camera n&agrave;y l&agrave; <strong data-start=\"901\" data-end=\"941\">t&iacute;ch h&#7907;p micro thu &acirc;m ch&#7845;t l&#432;&#7907;ng cao<\/strong>, h&#7895; tr&#7907; ghi l&#7841;i c&#7843; &acirc;m thanh v&agrave; h&igrave;nh &#7843;nh, n&acirc;ng cao hi&#7879;u qu&#7843; gi&aacute;m s&aacute;t v&agrave; b&#7857;ng ch&#7913;ng khi c&#7847;n thi&#7871;t.<\/span><span style=\"font-size: 14pt\">V&#7899;i thi&#7871;t k&#7871; &#273;&#7841;t chu&#7849;n <strong data-start=\"1063\" data-end=\"1071\">IP67<\/strong>, camera c&oacute; kh&#7843; n&#259;ng ch&#7889;ng b&#7909;i v&agrave; n&#432;&#7899;c, ho&#7841;t &#273;&#7897;ng b&#7873;n b&#7881; trong c&aacute;c &#273;i&#7873;u ki&#7879;n th&#7901;i ti&#7871;t kh&#7855;c nghi&#7879;t. Ngo&agrave;i ra, c&aacute;c t&iacute;nh n&#259;ng h&#7895; tr&#7907; th&ocirc;ng minh nh&#432; <strong data-start=\"1217\" data-end=\"1316\">ph&aacute;t hi&#7879;n chuy&#7875;n &#273;&#7897;ng, ph&aacute;t hi&#7879;n con ng&#432;&#7901;i\/ph&#432;&#417;ng ti&#7879;n, ch&#7889;ng ng&#432;&#7907;c s&aacute;ng WDR, gi&#7843;m nhi&#7877;u 3D DNR<\/strong> gi&uacute;p t&#259;ng &#273;&#7897; ch&iacute;nh x&aacute;c khi gi&aacute;m s&aacute;t th&#7921;c t&#7871;.<\/span><\/p><h3 data-start=\"118\" data-end=\"145\"><span style=\"font-size: 14pt\"><strong data-start=\"124\" data-end=\"145\">&#431;u &#273;i&#7875;m <a href=\"https:\/\/partvietnam.com\/san-pham\/\">s&#7843;n ph&#7849;m<\/a>:<\/strong><\/span><\/h3><ul data-start=\"147\" data-end=\"1038\">\n<li data-start=\"147\" data-end=\"297\">\n<p data-start=\"149\" data-end=\"297\"><span style=\"font-size: 14pt\"><strong data-start=\"152\" data-end=\"173\">Ghi h&igrave;nh m&agrave;u 24\/7<\/strong>: Nh&#7901; c&ocirc;ng ngh&#7879; ColorVu v&agrave; &#273;&egrave;n chi&#7871;u s&aacute;ng tr&#7907; s&aacute;ng t&iacute;ch h&#7907;p, camera hi&#7875;n th&#7883; h&igrave;nh &#7843;nh c&oacute; m&agrave;u s&#7855;c sinh &#273;&#7897;ng c&#7843; trong &#273;&ecirc;m t&#7889;i.<\/span><\/p>\n<\/li>\n<li data-start=\"299\" data-end=\"429\">\n<p data-start=\"301\" data-end=\"429\"><span style=\"font-size: 14pt\"><strong data-start=\"304\" data-end=\"329\">T&iacute;ch h&#7907;p micro thu &acirc;m<\/strong>: Ghi l&#7841;i &acirc;m thanh r&otilde; r&agrave;ng, h&#7895; tr&#7907; gi&aacute;m s&aacute;t tr&#7921;c quan v&agrave; t&#259;ng &#273;&#7897; tin c&#7853;y khi c&#7847;n tr&iacute;ch xu&#7845;t d&#7919; li&#7879;u.<\/span><\/p>\n<\/li>\n<li data-start=\"431\" data-end=\"605\">\n<p data-start=\"433\" data-end=\"605\"><span style=\"font-size: 14pt\"><strong data-start=\"436\" data-end=\"469\">Ph&acirc;n t&iacute;ch h&igrave;nh &#7843;nh th&ocirc;ng minh<\/strong>: H&#7895; tr&#7907; ph&aacute;t hi&#7879;n chuy&#7875;n &#273;&#7897;ng, ph&acirc;n bi&#7879;t ng&#432;&#7901;i v&agrave; ph&#432;&#417;ng ti&#7879;n, c&#7843;nh b&aacute;o video gi&#7843; m&#7841;o, gi&uacute;p n&acirc;ng cao &#273;&#7897; ch&iacute;nh x&aacute;c v&agrave; gi&#7843;m b&aacute;o &#273;&#7897;ng sai.<\/span><\/p>\n<\/li>\n<li data-start=\"607\" data-end=\"725\">\n<p data-start=\"609\" data-end=\"725\"><span style=\"font-size: 14pt\"><strong data-start=\"612\" data-end=\"632\">Chu&#7849;n n&eacute;n H.265+<\/strong>: Gi&#7843;m &#273;&aacute;ng k&#7875; dung l&#432;&#7907;ng l&#432;u tr&#7919; v&agrave; b&#259;ng th&ocirc;ng m&#7841;ng m&agrave; v&#7851;n gi&#7919; &#273;&#432;&#7907;c ch&#7845;t l&#432;&#7907;ng h&igrave;nh &#7843;nh cao.<\/span><\/p>\n<\/li>\n<li data-start=\"727\" data-end=\"858\">\n<p data-start=\"729\" data-end=\"858\"><span style=\"font-size: 14pt\"><strong data-start=\"732\" data-end=\"760\">B&#7873;n b&#7881; ngo&agrave;i tr&#7901;i &ndash; IP67<\/strong>: Kh&aacute;ng n&#432;&#7899;c, ch&#7889;ng b&#7909;i to&agrave;n di&#7879;n, ph&ugrave; h&#7907;p l&#7855;p &#273;&#7863;t &#7903; m&ocirc;i tr&#432;&#7901;ng kh&#7855;c nghi&#7879;t nh&#432; m&#432;a n&#7855;ng, b&#7909;i b&#7863;m.<\/span><\/p>\n<\/li>\n<li data-start=\"860\" data-end=\"945\">\n<p data-start=\"862\" data-end=\"945\"><span style=\"font-size: 14pt\"><strong data-start=\"865\" data-end=\"895\">L&#7855;p &#273;&#7863;t linh ho&#7841;t, d&#7877; d&agrave;ng<\/strong>: H&#7895; tr&#7907; PoE, gi&#7843;m d&acirc;y c&aacute;p, &#273;&#417;n gi&#7843;n h&oacute;a h&#7879; th&#7889;ng.<\/span><\/p>\n<\/li>\n<li data-start=\"947\" data-end=\"1038\">\n<p data-start=\"949\" data-end=\"1038\"><span style=\"font-size: 14pt\"><strong data-start=\"952\" data-end=\"984\">H&#7895; tr&#7907; khe c&#7855;m th&#7867; nh&#7899; 256GB<\/strong>: D&#7919; li&#7879;u c&oacute; th&#7875; l&#432;u tr&#7919; t&#7841;i ch&#7895; m&agrave; kh&ocirc;ng c&#7847;n &#273;&#7847;u ghi.<\/span><\/p>\n<\/li>\n<\/ul>\n","protected":false},"excerpt":{"rendered":"<p><strong data-start=\"3125\" data-end=\"3157\">HIKVISION DS-2CD1047G2H-LIUF<\/strong> l\u00e0 d\u00f2ng camera IP th\u00e2n tr\u1ee5 ngo\u00e0i tr\u1eddi cao c\u1ea5p, k\u1ebft h\u1ee3p kh\u1ea3 n\u0103ng ghi h\u00ecnh m\u00e0u 24\/7, thu \u00e2m ch\u1ea5t l\u01b0\u1ee3ng cao v\u00e0 nhi\u1ec1u t\u00ednh n\u0103ng th\u00f4ng minh. \u0110\u00e2y l\u00e0 l\u1ef1a ch\u1ecdn t\u1ed1i \u01b0u cho c\u00e1c h\u1ec7 th\u1ed1ng gi\u00e1m s\u00e1t an ninh chuy\u00ean nghi\u1ec7p, y\u00eau c\u1ea7u h\u00ecnh \u1ea3nh r\u00f5 n\u00e9t, hi\u1ec7u qu\u1ea3 trong m\u1ecdi \u0111i\u1ec1u ki\u1ec7n \u00e1nh s\u00e1ng.<\/p>\n<p>Camera th\u00e2n tr\u1ee5 ngo\u00e0i tr\u1eddi 4MP \u2013 Camera ColorVu ph\u00e1t hi\u1ec7n ng\u01b0\u1eddi ph\u01b0\u01a1ng ti\u1ec7n, c\u00f9ng Ch\u1ebf \u0111\u1ed9 \u0111\u00e8n th\u00f4ng minh<br \/>\n\u2022 Ca\u0309m bi\u00ea\u0301n 1\/3&#8243; progressive scan CMOS<br \/>\n\u2022 Chu\u00e2\u0309n ne\u0301n H.265 , H.265+ , H.264 , H.264+ ; H\u1ed7 tr\u1ee3 2 lu\u1ed3ng d\u1eef li\u1ec7u<br \/>\n\u2022 \u0110\u1ed9 nh\u1ea1y s\u00e1ng Color: 0.0005 Lux @ (F1.0, AGC ON)<br \/>\n\u2022 Ch\u1ed1ng ng\u01b0\u1ee3c s\u00e1ng WDR 120dB , BLC , 3D DNR<br \/>\n\u2022 H\u1ed7 tr\u1ee3 ch\u1ebf \u0111\u1ed9 \u0111\u00e8n th\u00f4ng minh Smart Hybrid Light<br \/>\n\u2022 T\u00ednh n\u0103ng ph\u00e1t hi\u1ec7n ng\u01b0\u1eddi v\u00e0 ph\u01b0\u01a1ng ti\u1ec7n<br \/>\n\u2022 \u0110\u1ed9 ph\u00e2n gi\u1ea3i t\u1ed1i \u0111a (2560 \u00d7 1440)\/20fps<br \/>\n\u2022 \u00d4\u0301ng ki\u0301nh 2.8\/4mm<br \/>\n\u2022 T\u1ea7m xa h\u1ed3ng ngo\u1ea1i\/ \u00c1nh s\u00e1ng tr\u1eafng 30m<br \/>\n\u2022 H\u1ed7 tr\u1ee3 th\u1ebb nh\u1edb t\u1ed1i \u0111a 512GB , cho ph\u00e9p ghi video<br \/>\n\u2022 T\u00edch h\u1ee3p Micro.<br \/>\n\u2022 H\u1ed7 tr\u1ee3 d\u1ecbch v\u1ee5 Hik-connect, t\u00ean mi\u1ec1n CameraDDNS<br \/>\n\u2022 V\u1eadt li\u1ec7u : Kim lo\u1ea1i , Plastic<br \/>\n\u2022 Ti\u00eau chu\u1ea9n ch\u1ed1ng b\u1ee5i n\u01b0\u1edbc IP67<br \/>\n\u2022 Ngu\u1ed3n 12V\/PoE chu\u1ea9n 802.03af<br \/>\nB\u1ea3o h\u00e0nh 24 th\u00e1ng<\/p>\n","protected":false},"featured_media":4325,"comment_status":"open","ping_status":"closed","template":"","meta":{"_acf_changed":false,"_eb_attr":"","_bst_post_transparent":"default","_bst_post_title":"","_bst_post_layout":"default","_bst_post_sidebar_id":"","_bst_post_content_style":"default","_bst_post_vertical_padding":"default","_bst_post_feature":"","_bst_post_feature_position":"","_bst_post_header":false,"_bst_post_footer":false},"product_brand":[],"product_cat":[397],"product_tag":[],"product_brands":[],"class_list":{"0":"post-4332","1":"product","2":"type-product","3":"status-publish","4":"has-post-thumbnail","6":"product_cat-camera","8":"first","9":"instock","10":"shipping-taxable","11":"purchasable","12":"product-type-simple","13":"entry","14":"content-bg","15":"loop-entry"},"acf":[],"aioseo_notices":[],"_links":{"self":[{"href":"https:\/\/partvietnam.com\/en\/wp-json\/wp\/v2\/product\/4332","targetHints":{"allow":["GET"]}}],"collection":[{"href":"https:\/\/partvietnam.com\/en\/wp-json\/wp\/v2\/product"}],"about":[{"href":"https:\/\/partvietnam.com\/en\/wp-json\/wp\/v2\/types\/product"}],"replies":[{"embeddable":true,"href":"https:\/\/partvietnam.com\/en\/wp-json\/wp\/v2\/comments?post=4332"}],"wp:featuredmedia":[{"embeddable":true,"href":"https:\/\/partvietnam.com\/en\/wp-json\/wp\/v2\/media\/4325"}],"wp:attachment":[{"href":"https:\/\/partvietnam.com\/en\/wp-json\/wp\/v2\/media?parent=4332"}],"wp:term":[{"taxonomy":"product_brand","embeddable":true,"href":"https:\/\/partvietnam.com\/en\/wp-json\/wp\/v2\/product_brand?post=4332"},{"taxonomy":"product_cat","embeddable":true,"href":"https:\/\/partvietnam.com\/en\/wp-json\/wp\/v2\/product_cat?post=4332"},{"taxonomy":"product_tag","embeddable":true,"href":"https:\/\/partvietnam.com\/en\/wp-json\/wp\/v2\/product_tag?post=4332"},{"taxonomy":"product_brands","embeddable":true,"href":"https:\/\/partvietnam.com\/en\/wp-json\/wp\/v2\/product_brands?post=4332"}],"curies":[{"name":"wp","href":"https:\/\/api.w.org\/{rel}","templated":true}]}}