{"id":4335,"date":"2025-08-01T09:51:10","date_gmt":"2025-08-01T02:51:10","guid":{"rendered":"https:\/\/partvietnam.com\/?post_type=product&#038;p=4335"},"modified":"2025-08-01T09:51:10","modified_gmt":"2025-08-01T02:51:10","slug":"camera-ban-cau-ngoai-troi-ds-2cd1127g2h-liuf","status":"publish","type":"product","link":"https:\/\/partvietnam.com\/en\/product\/camera-ban-cau-ngoai-troi-ds-2cd1127g2h-liuf\/","title":{"rendered":"CAMERA b\u00e1n c\u1ea7u ngo\u00e0i tr\u1eddi DS-2CD1127G2H-LIUF"},"content":{"rendered":"<?xml encoding=\"utf-8\" ?><p data-start=\"205\" data-end=\"569\">Camera IP b&aacute;n c&#7847;u HIKVISION DS-2CD1127G2H-LIUF l&agrave; thi&#7871;t b&#7883; gi&aacute;m s&aacute;t cao c&#7845;p thu&#7897;c d&ograve;ng ColorVu, &#273;&#432;&#7907;c thi&#7871;t k&#7871; &#273;&#7875; cung c&#7845;p h&igrave;nh &#7843;nh m&agrave;u s&#7855;c s&#7889;ng &#273;&#7897;ng su&#7889;t 24\/7, ngay c&#7843; trong &#273;i&#7873;u ki&#7879;n &aacute;nh s&aacute;ng y&#7871;u. V&#7899;i &#273;&#7897; ph&acirc;n gi&#7843;i 2MP Full HD c&ugrave;ng c&ocirc;ng ngh&#7879; c&#7843;m bi&#7871;n ti&ecirc;n ti&#7871;n, camera mang l&#7841;i ch&#7845;t l&#432;&#7907;ng h&igrave;nh &#7843;nh s&#7855;c n&eacute;t, chi ti&#7871;t, &#273;&#7843;m b&#7843;o gi&aacute;m s&aacute;t hi&#7879;u qu&#7843; trong m&#7885;i t&igrave;nh hu&#7889;ng.<\/p><p data-start=\"915\" data-end=\"1220\">Thi&#7871;t b&#7883; h&#7895; tr&#7907; c&aacute;c t&iacute;nh n&#259;ng th&ocirc;ng minh nh&#432; ph&aacute;t hi&#7879;n chuy&#7875;n &#273;&#7897;ng ng&#432;&#7901;i, ph&#432;&#417;ng ti&#7879;n, l&#7885;c c&#7843;nh b&aacute;o &#7843;o gi&uacute;p h&#7841;n ch&#7871; b&aacute;o &#273;&#7897;ng gi&#7843;. V&#7899;i ti&ecirc;u chu&#7849;n ch&#7889;ng n&#432;&#7899;c v&agrave; b&#7909;i IP67, camera ho&#7841;t &#273;&#7897;ng b&#7873;n b&#7881; trong &#273;i&#7873;u ki&#7879;n m&ocirc;i tr&#432;&#7901;ng ngo&agrave;i tr&#7901;i kh&#7855;c nghi&#7879;t. Chu&#7849;n n&eacute;n H.265+ gi&uacute;p t&#7889;i &#432;u l&#432;u tr&#7919; v&agrave; ti&#7871;t ki&#7879;m b&#259;ng th&ocirc;ng.<\/p><h3 data-start=\"436\" data-end=\"462\"><strong data-start=\"442\" data-end=\"462\">&#431;u &#273;i&#7875;m n&#7893;i b&#7853;t <a href=\"https:\/\/partvietnam.com\/san-pham\/\">s&#7843;n ph&#7849;m<\/a>:<\/strong><\/h3><ul data-start=\"463\" data-end=\"830\">\n<li data-start=\"463\" data-end=\"508\">\n<p data-start=\"465\" data-end=\"508\">Ghi h&igrave;nh m&agrave;u 24\/7 v&#7899;i c&ocirc;ng ngh&#7879; <strong data-start=\"497\" data-end=\"508\">ColorVu<\/strong><\/p>\n<\/li>\n<li data-start=\"509\" data-end=\"561\">\n<p data-start=\"511\" data-end=\"561\">&#272;&#7897; ph&acirc;n gi&#7843;i <strong data-start=\"524\" data-end=\"531\">2MP<\/strong> Full HD cho h&igrave;nh &#7843;nh chi ti&#7871;t<\/p>\n<\/li>\n<li data-start=\"562\" data-end=\"604\">\n<p data-start=\"564\" data-end=\"604\">T&iacute;ch h&#7907;p <strong data-start=\"573\" data-end=\"589\">micro thu &acirc;m<\/strong> ch&#7845;t l&#432;&#7907;ng cao<\/p>\n<\/li>\n<li data-start=\"605\" data-end=\"650\">\n<p data-start=\"607\" data-end=\"650\">H&#7895; tr&#7907; <strong data-start=\"614\" data-end=\"638\">&#273;&egrave;n tr&#7907; s&aacute;ng ban &#273;&ecirc;m<\/strong> t&#7847;m xa ~30m<\/p>\n<\/li>\n<li data-start=\"651\" data-end=\"703\">\n<p data-start=\"653\" data-end=\"703\">Ph&aacute;t hi&#7879;n chuy&#7875;n &#273;&#7897;ng ng&#432;&#7901;i\/ph&#432;&#417;ng ti&#7879;n th&ocirc;ng minh<\/p>\n<\/li>\n<li data-start=\"704\" data-end=\"772\">\n<p data-start=\"706\" data-end=\"772\">Chu&#7849;n b&#7843;o v&#7879; <strong data-start=\"719\" data-end=\"727\">IP67<\/strong> ch&#7889;ng n&#432;&#7899;c, b&#7909;i t&#7889;t &ndash; ph&ugrave; h&#7907;p l&#7855;p ngo&agrave;i tr&#7901;i<\/p>\n<\/li>\n<li data-start=\"773\" data-end=\"830\">\n<p data-start=\"775\" data-end=\"830\">H&#7895; tr&#7907; chu&#7849;n n&eacute;n H.265+ ti&#7871;t ki&#7879;m b&#259;ng th&ocirc;ng v&agrave; l&#432;u tr&#7919;<\/p>\n<\/li>\n<\/ul>\n","protected":false},"excerpt":{"rendered":"<p>Camera IP b\u00e1n c\u1ea7u HIKVISION DS-2CD1127G2H-LIUF s\u1edf h\u1eefu c\u00f4ng ngh\u1ec7 ColorVu ghi h\u00ecnh m\u00e0u 24\/7, \u0111\u1ed9 ph\u00e2n gi\u1ea3i 2MP, h\u1ed7 tr\u1ee3 micro thu \u00e2m, \u0111\u00e8n tr\u1ee3 s\u00e1ng ban \u0111\u00eam, v\u00e0 chu\u1ea9n ch\u1ed1ng n\u01b0\u1edbc IP67 \u2013 l\u00fd t\u01b0\u1edfng cho gi\u00e1m s\u00e1t ngo\u00e0i tr\u1eddi v\u1edbi h\u00ecnh \u1ea3nh s\u1eafc n\u00e9t, m\u00e0u s\u1eafc trung th\u1ef1c c\u1ea3 ng\u00e0y l\u1eabn \u0111\u00eam.<br \/>\nCamera b\u00e1n c\u1ea7u ngo\u00e0i tr\u1eddi 2MP \u2013 Camera ColorVu ph\u00e1t hi\u1ec7n ng\u01b0\u1eddi ph\u01b0\u01a1ng ti\u1ec7n, c\u00f9ng Ch\u1ebf \u0111\u1ed9 \u0111\u00e8n th\u00f4ng minh<br \/>\n\u2022 Ca\u0309m bi\u00ea\u0301n \u00bd.8&amp;quot; progressive scan CMOS<br \/>\n\u2022 Chu\u00e2\u0309n ne\u0301n H.265 , H.265+ , H.264 , H.264+ ; H\u1ed7 tr\u1ee3 2 lu\u1ed3ng d\u1eef li\u1ec7u<br \/>\n\u2022 \u0110\u1ed9 nh\u1ea1y s\u00e1ng Color: 0.001 Lux @ (F1.0, AGC ON)<br \/>\n\u2022 Ch\u1ed1ng ng\u01b0\u1ee3c s\u00e1ng DWD , BLC , 3D DNR<br \/>\n\u2022 H\u1ed7 tr\u1ee3 ch\u1ebf \u0111\u1ed9 \u0111\u00e8n th\u00f4ng minh Smart Hybrid Light<br \/>\n\u2022 T\u00ednh n\u0103ng ph\u00e1t hi\u1ec7n ng\u01b0\u1eddi v\u00e0 ph\u01b0\u01a1ng ti\u1ec7n<br \/>\n\u2022 \u0110\u1ed9 ph\u00e2n gi\u1ea3i t\u1ed1i \u0111a 1920 \u00d7 1080\/25fps<br \/>\n\u2022 \u00d4\u0301ng ki\u0301nh 2.8\/4mm<br \/>\n\u2022 T\u1ea7m xa h\u1ed3ng ngo\u1ea1i\/ \u00c1nh s\u00e1ng tr\u1eafng 30m<br \/>\n\u2022 H\u1ed7 tr\u1ee3 th\u1ebb nh\u1edb t\u1ed1i \u0111a 512GB , cho ph\u00e9p ghi video<br \/>\n\u2022 T\u00edch h\u1ee3p Micro.<br \/>\n\u2022 H\u1ed7 tr\u1ee3 d\u1ecbch v\u1ee5 Hik-connect, t\u00ean mi\u1ec1n CameraDDNS<br \/>\n\u2022 V\u1eadt li\u1ec7u : Kim lo\u1ea1i , Plastic<br \/>\n\u2022 Ti\u00eau chu\u1ea9n ch\u1ed1ng b\u1ee5i n\u01b0\u1edbc IP67<br \/>\n\u2022 Ngu\u1ed3n 12V\/PoE chu\u1ea9n 802.03af<\/p>\n","protected":false},"featured_media":4336,"comment_status":"open","ping_status":"closed","template":"","meta":{"_acf_changed":false,"_eb_attr":"","_bst_post_transparent":"default","_bst_post_title":"","_bst_post_layout":"default","_bst_post_sidebar_id":"","_bst_post_content_style":"default","_bst_post_vertical_padding":"default","_bst_post_feature":"","_bst_post_feature_position":"","_bst_post_header":false,"_bst_post_footer":false},"product_brand":[],"product_cat":[397],"product_tag":[],"product_brands":[],"class_list":{"0":"post-4335","1":"product","2":"type-product","3":"status-publish","4":"has-post-thumbnail","6":"product_cat-camera","8":"first","9":"instock","10":"shipping-taxable","11":"product-type-simple","12":"entry","13":"content-bg","14":"loop-entry"},"acf":[],"aioseo_notices":[],"_links":{"self":[{"href":"https:\/\/partvietnam.com\/en\/wp-json\/wp\/v2\/product\/4335","targetHints":{"allow":["GET"]}}],"collection":[{"href":"https:\/\/partvietnam.com\/en\/wp-json\/wp\/v2\/product"}],"about":[{"href":"https:\/\/partvietnam.com\/en\/wp-json\/wp\/v2\/types\/product"}],"replies":[{"embeddable":true,"href":"https:\/\/partvietnam.com\/en\/wp-json\/wp\/v2\/comments?post=4335"}],"wp:featuredmedia":[{"embeddable":true,"href":"https:\/\/partvietnam.com\/en\/wp-json\/wp\/v2\/media\/4336"}],"wp:attachment":[{"href":"https:\/\/partvietnam.com\/en\/wp-json\/wp\/v2\/media?parent=4335"}],"wp:term":[{"taxonomy":"product_brand","embeddable":true,"href":"https:\/\/partvietnam.com\/en\/wp-json\/wp\/v2\/product_brand?post=4335"},{"taxonomy":"product_cat","embeddable":true,"href":"https:\/\/partvietnam.com\/en\/wp-json\/wp\/v2\/product_cat?post=4335"},{"taxonomy":"product_tag","embeddable":true,"href":"https:\/\/partvietnam.com\/en\/wp-json\/wp\/v2\/product_tag?post=4335"},{"taxonomy":"product_brands","embeddable":true,"href":"https:\/\/partvietnam.com\/en\/wp-json\/wp\/v2\/product_brands?post=4335"}],"curies":[{"name":"wp","href":"https:\/\/api.w.org\/{rel}","templated":true}]}}