{"id":4338,"date":"2025-08-01T10:09:21","date_gmt":"2025-08-01T03:09:21","guid":{"rendered":"https:\/\/partvietnam.com\/?post_type=product&#038;p=4338"},"modified":"2025-08-01T10:09:21","modified_gmt":"2025-08-01T03:09:21","slug":"camera-ban-cau-trong-nha-ds-2cd1147g2h-liuf","status":"publish","type":"product","link":"https:\/\/partvietnam.com\/en\/product\/camera-ban-cau-trong-nha-ds-2cd1147g2h-liuf\/","title":{"rendered":"Camera b\u00e1n c\u1ea7u trong nh\u00e0 DS-2CD1147G2H-LIUF"},"content":{"rendered":"<?xml encoding=\"utf-8\" ?><p data-start=\"141\" data-end=\"576\">Camera IP b&aacute;n c&#7847;u HIKVISION DS-2CD1147G2H-LIUF l&agrave; d&ograve;ng camera ColorVu cao c&#7845;p, &#273;&#432;&#7907;c thi&#7871;t k&#7871; t&#7889;i &#432;u cho nhu c&#7847;u gi&aacute;m s&aacute;t trong nh&agrave; v&#7899;i ch&#7845;t l&#432;&#7907;ng h&igrave;nh &#7843;nh m&agrave;u s&#7855;c ch&acirc;n th&#7921;c 24\/7. Nh&#7901; c&#7843;m bi&#7871;n CMOS ti&ecirc;n ti&#7871;n c&ugrave;ng kh&#7849;u &#273;&#7897; l&#7899;n F1.0 v&agrave; &#273;&egrave;n LED tr&#7907; s&aacute;ng t&iacute;ch h&#7907;p, thi&#7871;t b&#7883; mang &#273;&#7871;n kh&#7843; n&#259;ng quan s&aacute;t ban &#273;&ecirc;m ho&agrave;n to&agrave;n b&#7857;ng m&agrave;u s&#7855;c, kh&ocirc;ng c&#7847;n h&#7891;ng ngo&#7841;i, gi&uacute;p t&#259;ng c&#432;&#7901;ng hi&#7879;u qu&#7843; gi&aacute;m s&aacute;t v&agrave; ph&aacute;t hi&#7879;n &#273;&#7889;i t&#432;&#7907;ng trong &#273;i&#7873;u ki&#7879;n &aacute;nh s&aacute;ng y&#7871;u.<\/p><p data-start=\"578\" data-end=\"899\">Camera c&oacute; &#273;&#7897; ph&acirc;n gi&#7843;i 4MP (2560 &times; 1440), cung c&#7845;p h&igrave;nh &#7843;nh s&#7855;c n&eacute;t, chi ti&#7871;t. C&ocirc;ng ngh&#7879; x&#7917; l&yacute; h&igrave;nh &#7843;nh th&ocirc;ng minh nh&#432; WDR 130dB, 3D DNR, BLC, HLC gi&uacute;p t&#7889;i &#432;u h&igrave;nh &#7843;nh trong m&ocirc;i tr&#432;&#7901;ng c&oacute; &aacute;nh s&aacute;ng ph&#7913;c t&#7841;p, ch&#7889;ng l&oacute;a hi&#7879;u qu&#7843;. Ngo&agrave;i ra, s&#7843;n ph&#7849;m t&iacute;ch h&#7907;p micro thu &acirc;m ch&#7845;t l&#432;&#7907;ng cao, h&#7895; tr&#7907; ghi h&igrave;nh k&egrave;m &acirc;m thanh r&otilde; r&agrave;ng<\/p><h3 data-start=\"415\" data-end=\"444\"><strong data-start=\"422\" data-end=\"442\">&#431;u &#273;i&#7875;m n&#7893;i b&#7853;t <a href=\"https:\/\/partvietnam.com\/san-pham\/\">s&#7843;n ph&#7849;m<\/a>:<\/strong><\/h3><p data-start=\"445\" data-end=\"933\">&nbsp;H&igrave;nh &#7843;nh m&agrave;u 24\/7 v&#7899;i c&ocirc;ng ngh&#7879; ColorVu v&agrave; &#273;&egrave;n LED tr&#7907; s&aacute;ng<br data-start=\"506\" data-end=\"509\">&nbsp;&#272;&#7897; ph&acirc;n gi&#7843;i 4MP cho h&igrave;nh &#7843;nh s&#7855;c n&eacute;t, chi ti&#7871;t cao<br data-start=\"562\" data-end=\"565\">&nbsp;H&#7895; tr&#7907; AI ph&aacute;t hi&#7879;n ng&#432;&#7901;i\/ph&#432;&#417;ng ti&#7879;n, gi&#7843;m b&aacute;o &#273;&#7897;ng gi&#7843;<br data-start=\"623\" data-end=\"626\">&nbsp;Micro t&iacute;ch h&#7907;p thu &acirc;m r&otilde; r&agrave;ng, h&#7895; tr&#7907; gi&aacute;m s&aacute;t &acirc;m thanh<br data-start=\"683\" data-end=\"686\">&nbsp;C&ocirc;ng ngh&#7879; WDR 130dB, BLC, HLC gi&uacute;p ch&#7889;ng l&oacute;a v&agrave; t&#7889;i &#432;u h&igrave;nh &#7843;nh<br data-start=\"751\" data-end=\"754\">&nbsp;Chu&#7849;n n&eacute;n H.265+ ti&#7871;t ki&#7879;m b&#259;ng th&ocirc;ng v&agrave; dung l&#432;&#7907;ng l&#432;u tr&#7919;<br data-start=\"815\" data-end=\"818\" data-is-only-node=\"\">&nbsp;Thi&#7871;t k&#7871; b&aacute;n c&#7847;u nh&#7887; g&#7885;n, th&#7849;m m&#7929;, ph&ugrave; h&#7907;p kh&ocirc;ng gian trong nh&agrave;<br data-start=\"883\" data-end=\"886\">&nbsp;H&#7895; tr&#7907; c&#7845;p ngu&#7891;n qua PoE ho&#7863;c 12VDC linh ho&#7841;t<\/p>\n","protected":false},"excerpt":{"rendered":"<p data-start=\"144\" data-end=\"408\">Camera IP b\u00e1n c\u1ea7u trong nh\u00e0 HIKVISION DS-2CD1147G2H-LIUF c\u00f3 \u0111\u1ed9 ph\u00e2n gi\u1ea3i 4MP, h\u1ed7 tr\u1ee3 ColorVu ghi h\u00ecnh m\u00e0u 24\/7, t\u00edch h\u1ee3p micro thu \u00e2m, AI ph\u00e1t hi\u1ec7n ng\u01b0\u1eddi\/ph\u01b0\u01a1ng ti\u1ec7n, th\u00edch h\u1ee3p cho v\u0103n ph\u00f2ng, c\u1eeda h\u00e0ng, s\u1ea3nh v\u00e0 khu v\u1ef1c trong nh\u00e0 c\u1ea7n gi\u00e1m s\u00e1t an ninh ch\u1ea5t l\u01b0\u1ee3ng cao.<\/p>\n","protected":false},"featured_media":4336,"comment_status":"open","ping_status":"closed","template":"","meta":{"_acf_changed":false,"_eb_attr":"","_bst_post_transparent":"default","_bst_post_title":"","_bst_post_layout":"default","_bst_post_sidebar_id":"","_bst_post_content_style":"default","_bst_post_vertical_padding":"default","_bst_post_feature":"","_bst_post_feature_position":"","_bst_post_header":false,"_bst_post_footer":false},"product_brand":[],"product_cat":[397],"product_tag":[],"product_brands":[],"class_list":{"0":"post-4338","1":"product","2":"type-product","3":"status-publish","4":"has-post-thumbnail","6":"product_cat-camera","8":"first","9":"instock","10":"shipping-taxable","11":"purchasable","12":"product-type-simple","13":"entry","14":"content-bg","15":"loop-entry"},"acf":[],"aioseo_notices":[],"_links":{"self":[{"href":"https:\/\/partvietnam.com\/en\/wp-json\/wp\/v2\/product\/4338","targetHints":{"allow":["GET"]}}],"collection":[{"href":"https:\/\/partvietnam.com\/en\/wp-json\/wp\/v2\/product"}],"about":[{"href":"https:\/\/partvietnam.com\/en\/wp-json\/wp\/v2\/types\/product"}],"replies":[{"embeddable":true,"href":"https:\/\/partvietnam.com\/en\/wp-json\/wp\/v2\/comments?post=4338"}],"wp:featuredmedia":[{"embeddable":true,"href":"https:\/\/partvietnam.com\/en\/wp-json\/wp\/v2\/media\/4336"}],"wp:attachment":[{"href":"https:\/\/partvietnam.com\/en\/wp-json\/wp\/v2\/media?parent=4338"}],"wp:term":[{"taxonomy":"product_brand","embeddable":true,"href":"https:\/\/partvietnam.com\/en\/wp-json\/wp\/v2\/product_brand?post=4338"},{"taxonomy":"product_cat","embeddable":true,"href":"https:\/\/partvietnam.com\/en\/wp-json\/wp\/v2\/product_cat?post=4338"},{"taxonomy":"product_tag","embeddable":true,"href":"https:\/\/partvietnam.com\/en\/wp-json\/wp\/v2\/product_tag?post=4338"},{"taxonomy":"product_brands","embeddable":true,"href":"https:\/\/partvietnam.com\/en\/wp-json\/wp\/v2\/product_brands?post=4338"}],"curies":[{"name":"wp","href":"https:\/\/api.w.org\/{rel}","templated":true}]}}