{"id":4342,"date":"2025-08-01T13:47:47","date_gmt":"2025-08-01T06:47:47","guid":{"rendered":"https:\/\/partvietnam.com\/?post_type=product&#038;p=4342"},"modified":"2025-08-01T13:54:38","modified_gmt":"2025-08-01T06:54:38","slug":"camera-ban-cau-vat-trong-nha-colorvu-ds-2cd1327g2h-liuf","status":"publish","type":"product","link":"https:\/\/partvietnam.com\/en\/product\/camera-ban-cau-vat-trong-nha-colorvu-ds-2cd1327g2h-liuf\/","title":{"rendered":"Camera b\u00e1n c\u1ea7u v\u00e1t trong nh\u00e0 ColorVu DS-2CD1327G2H-LIUF"},"content":{"rendered":"<?xml encoding=\"utf-8\" ?><p style=\"text-align: justify\" data-start=\"468\" data-end=\"802\"><span style=\"font-size: 14pt\">HIKVISION DS-2CD1327G2H-LIUF l&agrave; camera b&aacute;n c&#7847;u v&aacute;t trong nh&agrave; thu&#7897;c d&ograve;ng ColorVu n&#7893;i b&#7853;t v&#7899;i kh&#7843; n&#259;ng ghi h&igrave;nh m&agrave;u s&#7855;c 24\/7, nh&#7901; c&#7843;m bi&#7871;n &aacute;nh s&aacute;ng si&ecirc;u nh&#7841;y v&agrave; &#273;&egrave;n tr&#7907; s&aacute;ng tr&#7855;ng. Camera s&#7917; d&#7909;ng c&#7843;m bi&#7871;n CMOS 1\/2.8&Prime;, &#273;&#7897; ph&acirc;n gi&#7843;i 2MP (1920 &times; 1080) mang l&#7841;i h&igrave;nh &#7843;nh r&otilde; n&eacute;t, ch&acirc;n th&#7921;c trong m&#7885;i &#273;i&#7873;u ki&#7879;n &aacute;nh s&aacute;ng, &#273;&#7863;c bi&#7879;t v&agrave;o ban &#273;&ecirc;m.T&iacute;ch h&#7907;p micro thu &acirc;m cho ph&eacute;p ghi l&#7841;i &acirc;m thanh m&ocirc;i tr&#432;&#7901;ng xung quanh, gi&uacute;p gi&aacute;m s&aacute;t to&agrave;n di&#7879;n h&#417;n. Ngo&agrave;i ra, thi&#7871;t b&#7883; c&ograve;n &#273;&#432;&#7907;c trang b&#7883; c&ocirc;ng ngh&#7879; n&eacute;n video ti&ecirc;n ti&#7871;n H.265+ gi&uacute;p ti&#7871;t ki&#7879;m t&#7889;i &#273;a b&#259;ng th&ocirc;ng v&agrave; dung l&#432;&#7907;ng l&#432;u tr&#7919;.Camera h&#7895; tr&#7907; c&aacute;c t&iacute;nh n&#259;ng th&ocirc;ng minh d&#7921;a tr&ecirc;n AI nh&#432; ph&acirc;n bi&#7879;t ng&#432;&#7901;i\/ph&#432;&#417;ng ti&#7879;n, c&#7843;nh b&aacute;o video gi&#7843; m&#7841;o,&hellip; mang &#273;&#7871;n &#273;&#7897; ch&iacute;nh x&aacute;c cao, gi&#7843;m thi&#7875;u b&aacute;o &#273;&#7897;ng sai. Thi&#7871;t k&#7871; v&aacute;t g&#7885;n g&agrave;ng, th&#7849;m m&#7929;, d&#7877; d&agrave;ng l&#7855;p &#273;&#7863;t l&ecirc;n t&#432;&#7901;ng ho&#7863;c tr&#7847;n nh&agrave; trong kh&ocirc;ng gian n&#7897;i th&#7845;t hi&#7879;n &#273;&#7841;i.<\/span><\/p><p style=\"text-align: justify\" data-start=\"468\" data-end=\"802\"><span style=\"font-size: 14pt\"><strong data-start=\"1319\" data-end=\"1339\">&#431;u &#273;i&#7875;m n&#7893;i b&#7853;t <a href=\"https:\/\/partvietnam.com\/san-pham\/\">s&#7843;n ph&#7849;m<\/a>:<\/strong><\/span><\/p><p style=\"text-align: justify\" data-start=\"1342\" data-end=\"1855\"><span style=\"font-size: 14pt\"><strong data-start=\"1344\" data-end=\"1365\">C&ocirc;ng ngh&#7879; ColorVu<\/strong> &ndash; ghi h&igrave;nh m&agrave;u r&otilde; n&eacute;t c&#7843; ng&agrave;y v&agrave; &#273;&ecirc;m<\/span><br data-start=\"1402\" data-end=\"1405\"><span style=\"font-size: 14pt\"><strong data-start=\"1407\" data-end=\"1432\">T&iacute;ch h&#7907;p micro thu &acirc;m<\/strong> &ndash; h&#7895; tr&#7907; gi&aacute;m s&aacute;t b&#7857;ng &acirc;m thanh<\/span><br data-start=\"1464\" data-end=\"1467\"><span style=\"font-size: 14pt\"><strong data-start=\"1469\" data-end=\"1489\">Chu&#7849;n n&eacute;n H.265+<\/strong> &ndash; ti&#7871;t ki&#7879;m l&#432;u tr&#7919; v&agrave; b&#259;ng th&ocirc;ng<\/span><br data-start=\"1523\" data-end=\"1526\"><span style=\"font-size: 14pt\"><strong data-start=\"1528\" data-end=\"1552\">H&#7895; tr&#7907; AI th&ocirc;ng minh<\/strong> &ndash; ph&aacute;t hi&#7879;n ng&#432;&#7901;i, ph&#432;&#417;ng ti&#7879;n, gi&#7843;m b&aacute;o &#273;&#7897;ng gi&#7843;<\/span><br data-start=\"1602\" data-end=\"1605\"><span style=\"font-size: 14pt\"><strong data-start=\"1607\" data-end=\"1627\">Thi&#7871;t k&#7871; v&aacute;t g&#7885;n<\/strong> &ndash; d&#7877; l&#7855;p &#273;&#7863;t, t&#259;ng t&iacute;nh th&#7849;m m&#7929; trong nh&agrave;<\/span><br data-start=\"1669\" data-end=\"1672\"><span style=\"font-size: 14pt\"><strong data-start=\"1674\" data-end=\"1694\" data-is-only-node=\"\">&#272;&#7897; nh&#7841;y s&aacute;ng cao<\/strong> &ndash; ghi h&igrave;nh trong &#273;i&#7873;u ki&#7879;n &aacute;nh s&aacute;ng y&#7871;u<\/span><br data-start=\"1734\" data-end=\"1737\"><span style=\"font-size: 14pt\"><strong data-start=\"1739\" data-end=\"1767\">&#272;&egrave;n tr&#7907; s&aacute;ng ban &#273;&ecirc;m 30m<\/strong> &ndash; h&#7895; tr&#7907; h&igrave;nh &#7843;nh lu&ocirc;n s&aacute;ng r&otilde;<\/span><br data-start=\"1798\" data-end=\"1801\"><span style=\"font-size: 14pt\"><strong data-start=\"1803\" data-end=\"1824\">Ho&#7841;t &#273;&#7897;ng &#7893;n &#273;&#7883;nh<\/strong> &ndash; c&#7845;p ngu&#7891;n qua PoE ho&#7863;c 12VDC<\/span><\/p>\n","protected":false},"excerpt":{"rendered":"<p>Camera IP b\u00e1n c\u1ea7u v\u00e1t trong nh\u00e0 HIKVISION DS-2CD1327G2H-LIUF, \u0111\u1ed9 ph\u00e2n gi\u1ea3i 2MP, c\u00f4ng ngh\u1ec7 ColorVu ghi h\u00ecnh m\u00e0u 24\/7, t\u00edch h\u1ee3p micro thu \u00e2m, chu\u1ea9n n\u00e9n H.265+, h\u1ed7 tr\u1ee3 AI ph\u00e1t hi\u1ec7n ng\u01b0\u1eddi\/ph\u01b0\u01a1ng ti\u1ec7n, th\u00edch h\u1ee3p l\u1eafp \u0111\u1eb7t t\u1ea1i v\u0103n ph\u00f2ng, c\u1eeda h\u00e0ng, trung t\u00e2m th\u01b0\u01a1ng m\u1ea1i.<br \/>\nCamera b\u00e1n c\u1ea7u v\u00e1t trong nh\u00e0 2MP \u2013 Camera ColorVu ph\u00e1t hi\u1ec7n ng\u01b0\u1eddi ph\u01b0\u01a1ng ti\u1ec7n, c\u00f9ng Ch\u1ebf \u0111\u1ed9 \u0111\u00e8n th\u00f4ng minh<br \/>\n\u2022 Ca\u0309m bi\u00ea\u0301n 1\/2.8&#8243; progressive scan CMOS<br \/>\n\u2022 Chu\u00e2\u0309n ne\u0301n H.265 , H.265+ , H.264 , H.264+ ; H\u1ed7 tr\u1ee3 2 lu\u1ed3ng d\u1eef li\u1ec7u<br \/>\n\u2022 \u0110\u1ed9 nh\u1ea1y s\u00e1ng Color: 0.0005 Lux @ (F1.0, AGC ON)<br \/>\n\u2022 Ch\u1ed1ng ng\u01b0\u1ee3c s\u00e1ng WDR 120dB , BLC , 3D DNR<br \/>\n\u2022 H\u1ed7 tr\u1ee3 ch\u1ebf \u0111\u1ed9 \u0111\u00e8n th\u00f4ng minh Smart Hybrid Light<br \/>\n\u2022 T\u00ednh n\u0103ng ph\u00e1t hi\u1ec7n ng\u01b0\u1eddi v\u00e0 ph\u01b0\u01a1ng ti\u1ec7n<br \/>\n\u2022 \u0110\u1ed9 ph\u00e2n gi\u1ea3i t\u1ed1i \u0111a 1920 \u00d7 1080\/20fps<br \/>\n\u2022 \u00d4\u0301ng ki\u0301nh 2.8\/4mm<br \/>\n\u2022 T\u1ea7m xa h\u1ed3ng ngo\u1ea1i\/ \u00c1nh s\u00e1ng tr\u1eafng 30m<br \/>\n\u2022 H\u1ed7 tr\u1ee3 th\u1ebb nh\u1edb t\u1ed1i \u0111a 512GB , cho ph\u00e9p ghi video<br \/>\n\u2022 T\u00edch h\u1ee3p Micro.<br \/>\n\u2022 H\u1ed7 tr\u1ee3 d\u1ecbch v\u1ee5 Hik-connect, t\u00ean mi\u1ec1n CameraDDNS<br \/>\n\u2022 V\u1eadt li\u1ec7u : Kim lo\u1ea1i , Plastic<br \/>\n\u2022 Ti\u00eau chu\u1ea9n ch\u1ed1ng b\u1ee5i n\u01b0\u1edbc IP67 , IK08<br \/>\n\u2022 Ngu\u1ed3n 12V\/PoE chu\u1ea9n 802.03af<\/p>\n","protected":false},"featured_media":4343,"comment_status":"open","ping_status":"closed","template":"","meta":{"_acf_changed":false,"_eb_attr":"","_bst_post_transparent":"default","_bst_post_title":"","_bst_post_layout":"default","_bst_post_sidebar_id":"","_bst_post_content_style":"default","_bst_post_vertical_padding":"default","_bst_post_feature":"","_bst_post_feature_position":"","_bst_post_header":false,"_bst_post_footer":false},"product_brand":[],"product_cat":[397],"product_tag":[],"product_brands":[],"class_list":{"0":"post-4342","1":"product","2":"type-product","3":"status-publish","4":"has-post-thumbnail","6":"product_cat-camera","8":"first","9":"instock","10":"shipping-taxable","11":"purchasable","12":"product-type-simple","13":"entry","14":"content-bg","15":"loop-entry"},"acf":[],"aioseo_notices":[],"_links":{"self":[{"href":"https:\/\/partvietnam.com\/en\/wp-json\/wp\/v2\/product\/4342","targetHints":{"allow":["GET"]}}],"collection":[{"href":"https:\/\/partvietnam.com\/en\/wp-json\/wp\/v2\/product"}],"about":[{"href":"https:\/\/partvietnam.com\/en\/wp-json\/wp\/v2\/types\/product"}],"replies":[{"embeddable":true,"href":"https:\/\/partvietnam.com\/en\/wp-json\/wp\/v2\/comments?post=4342"}],"wp:featuredmedia":[{"embeddable":true,"href":"https:\/\/partvietnam.com\/en\/wp-json\/wp\/v2\/media\/4343"}],"wp:attachment":[{"href":"https:\/\/partvietnam.com\/en\/wp-json\/wp\/v2\/media?parent=4342"}],"wp:term":[{"taxonomy":"product_brand","embeddable":true,"href":"https:\/\/partvietnam.com\/en\/wp-json\/wp\/v2\/product_brand?post=4342"},{"taxonomy":"product_cat","embeddable":true,"href":"https:\/\/partvietnam.com\/en\/wp-json\/wp\/v2\/product_cat?post=4342"},{"taxonomy":"product_tag","embeddable":true,"href":"https:\/\/partvietnam.com\/en\/wp-json\/wp\/v2\/product_tag?post=4342"},{"taxonomy":"product_brands","embeddable":true,"href":"https:\/\/partvietnam.com\/en\/wp-json\/wp\/v2\/product_brands?post=4342"}],"curies":[{"name":"wp","href":"https:\/\/api.w.org\/{rel}","templated":true}]}}