{"id":4366,"date":"2025-08-02T10:13:31","date_gmt":"2025-08-02T03:13:31","guid":{"rendered":"https:\/\/partvietnam.com\/?post_type=product&#038;p=4366"},"modified":"2026-02-05T09:16:20","modified_gmt":"2026-02-05T02:16:20","slug":"camera-ip-ban-cau-vat-2mp-co-mau-24-7-ds-2cd1327g0-l","status":"publish","type":"product","link":"https:\/\/partvietnam.com\/en\/product\/camera-ip-ban-cau-vat-2mp-co-mau-24-7-ds-2cd1327g0-l\/","title":{"rendered":"Camera IP b\u00e1n c\u1ea7u v\u00e1t 2MP &#8211; C\u00f3 m\u00e0u 24\/7 DS-2CD1327G0-L"},"content":{"rendered":"<?xml encoding=\"utf-8\" ?><p style=\"text-align: justify\">Camera IP b&aacute;n c&#7847;u v&aacute;t 2MP &ndash; C&oacute; m&agrave;u 24\/7 DS-2CD1327G0-L d&ograve;ng camera IP v&#7899;i c&#7843;m bi&#7871;n CMOS k&iacute;ch th&#432;&#7899;c l&#7899;n 1\/2.8 inch, kh&#7849;u &#273;&#7897; F1.0, k&#7871;t h&#7907;p &#273;&egrave;n tr&#7907; s&aacute;ng tr&#7855;ng t&#7847;m xa 30m, camera ph&ugrave; h&#7907;p cho c&aacute;c khu v&#7921;c nh&#432;: h&agrave;nh lang, b&atilde;i xe, c&#7893;ng ra v&agrave;o, v&#259;n ph&ograve;ng, shop b&aacute;n l&#7867;&hellip; H&#7895; tr&#7907; chu&#7849;n n&eacute;n video H.265+, gi&uacute;p gi&#7843;m &#273;&aacute;ng k&#7875; b&#259;ng th&ocirc;ng v&agrave; dung l&#432;&#7907;ng l&#432;u tr&#7919;. C&aacute;c t&iacute;nh n&#259;ng x&#7917; l&yacute; h&igrave;nh &#7843;nh nh&#432; DWDR, BLC, 3D DNR &#273;&#7843;m b&#7843;o ch&#7845;t l&#432;&#7907;ng h&igrave;nh &#7843;nh r&otilde; r&agrave;ng trong nhi&#7873;u &#273;i&#7873;u ki&#7879;n &aacute;nh s&aacute;ng kh&aacute;c nhau. Camera c&#361;ng &#273;&#432;&#7907;c h&#7895; tr&#7907; d&#7883;ch v&#7909; Hik-Connect v&agrave; t&ecirc;n mi&#7873;n CameraDDNS, gi&uacute;p ng&#432;&#7901;i d&ugrave;ng d&#7877; d&agrave;ng gi&aacute;m s&aacute;t v&agrave; qu&#7843;n l&yacute; t&#7915; xa qua &#273;i&#7879;n tho&#7841;i di &#273;&#7897;ng ho&#7863;c tr&igrave;nh duy&#7879;t.<\/p><h2><strong>T&iacute;nh n&#259;ng n&#7893;i b&#7853;t <a href=\"https:\/\/partvietnam.com\/san-pham\/\">s&#7843;n ph&#7849;m<\/a><\/strong><\/h2><ul>\n<li data-start=\"224\" data-end=\"342\">\n<p data-start=\"226\" data-end=\"342\"><strong data-start=\"229\" data-end=\"253\">Ghi h&igrave;nh c&oacute; m&agrave;u 24\/7<\/strong> nh&#7901; c&ocirc;ng ngh&#7879; <strong data-start=\"268\" data-end=\"279\">ColorVu<\/strong> v&agrave; c&#7843;m bi&#7871;n nh&#7841;y s&aacute;ng cao, &#273;&#7897; nh&#7841;y ch&#7881; <strong data-start=\"319\" data-end=\"339\">0.001 Lux @ F1.0<\/strong>.<\/p>\n<\/li>\n<li data-start=\"343\" data-end=\"451\">\n<p data-start=\"345\" data-end=\"451\"><strong data-start=\"348\" data-end=\"379\">T&iacute;ch h&#7907;p &#273;&egrave;n &aacute;nh s&aacute;ng tr&#7855;ng<\/strong> t&#7847;m xa <strong data-start=\"387\" data-end=\"397\">30 m&eacute;t<\/strong>, thay th&#7871; h&#7891;ng ngo&#7841;i truy&#7873;n th&#7889;ng, gi&#7919; m&agrave;u ban &#273;&ecirc;m.<\/p>\n<\/li>\n<li data-start=\"452\" data-end=\"549\">\n<p data-start=\"454\" data-end=\"549\"><strong data-start=\"457\" data-end=\"492\">&#7888;ng k&iacute;nh c&#7889; &#273;&#7883;nh 2.8mm ho&#7863;c 4mm<\/strong>, cho g&oacute;c nh&igrave;n linh ho&#7841;t, ph&ugrave; h&#7907;p nhi&#7873;u v&#7883; tr&iacute; l&#7855;p &#273;&#7863;t.<\/p>\n<\/li>\n<li data-start=\"550\" data-end=\"643\">\n<p data-start=\"552\" data-end=\"643\"><strong data-start=\"555\" data-end=\"584\">Chu&#7849;n n&eacute;n H.265+ \/ H.264+<\/strong> gi&uacute;p ti&#7871;t ki&#7879;m &#273;&#7871;n 80% b&#259;ng th&ocirc;ng v&agrave; dung l&#432;&#7907;ng l&#432;u tr&#7919;.<\/p>\n<\/li>\n<li data-start=\"644\" data-end=\"782\">\n<p data-start=\"646\" data-end=\"782\"><strong data-start=\"650\" data-end=\"722\">Ch&#7889;ng ng&#432;&#7907;c s&aacute;ng k&#7929; thu&#7853;t s&#7889; (DWDR), b&ugrave; s&aacute;ng (BLC), l&#7885;c nhi&#7877;u 3D DNR<\/strong> &ndash; cho h&igrave;nh &#7843;nh r&otilde; n&eacute;t trong m&ocirc;i tr&#432;&#7901;ng &aacute;nh s&aacute;ng ph&#7913;c t&#7841;p.<\/p>\n<\/li>\n<li data-start=\"783\" data-end=\"871\">\n<p data-start=\"785\" data-end=\"871\"><strong data-start=\"788\" data-end=\"822\">H&#7895; tr&#7907; Hik-Connect, CameraDDNS<\/strong> &ndash; qu&#7843;n l&yacute; v&agrave; xem t&#7915; xa d&#7877; d&agrave;ng qua &#273;i&#7879;n tho&#7841;i.<\/p>\n<\/li>\n<li data-start=\"872\" data-end=\"982\">\n<p data-start=\"874\" data-end=\"982\"><strong data-start=\"878\" data-end=\"924\">Thi&#7871;t k&#7871; th&acirc;n kim lo&#7841;i, &#273;&#7871;\/khung b&#7857;ng nh&#7921;a<\/strong>, chu&#7849;n <strong data-start=\"932\" data-end=\"955\">IP67 ch&#7889;ng b&#7909;i n&#432;&#7899;c<\/strong>, ph&ugrave; h&#7907;p l&#7855;p ngo&agrave;i tr&#7901;i.<\/p>\n<\/li>\n<li data-start=\"983\" data-end=\"1069\">\n<p data-start=\"985\" data-end=\"1069\"><strong data-start=\"988\" data-end=\"1042\">Ngu&#7891;n c&#7845;p linh ho&#7841;t 12VDC ho&#7863;c PoE (chu&#7849;n 802.3af)<\/strong> &ndash; ti&#7879;n l&#7907;i khi tri&#7875;n khai.<\/p>\n<\/li>\n<\/ul>\n","protected":false},"excerpt":{"rendered":"<ul>\n<li data-start=\"3562\" data-end=\"3599\">\n<p data-start=\"3564\" data-end=\"3599\"><strong data-start=\"3564\" data-end=\"3581\">\u0110\u1ed9 ph\u00e2n gi\u1ea3i:<\/strong> 2MP (1920\u00d71080)<\/p>\n<\/li>\n<li data-start=\"3600\" data-end=\"3629\">\n<p data-start=\"3602\" data-end=\"3629\"><strong data-start=\"3602\" data-end=\"3615\">C\u1ea3m bi\u1ebfn:<\/strong> 1\/2.8&#8243; CMOS<\/p>\n<\/li>\n<li data-start=\"3630\" data-end=\"3662\">\n<p data-start=\"3632\" data-end=\"3662\"><strong data-start=\"3632\" data-end=\"3645\">\u1ed0ng k\u00ednh:<\/strong> 2.8mm ho\u1eb7c 4mm<\/p>\n<\/li>\n<li data-start=\"3663\" data-end=\"3701\">\n<p data-start=\"3665\" data-end=\"3701\"><strong data-start=\"3665\" data-end=\"3682\">\u0110\u1ed9 nh\u1ea1y s\u00e1ng:<\/strong> 0.001 Lux @ F1.0<\/p>\n<\/li>\n<li data-start=\"3702\" data-end=\"3754\">\n<p data-start=\"3704\" data-end=\"3754\"><strong data-start=\"3704\" data-end=\"3723\">T\u1ea7m xa ban \u0111\u00eam:<\/strong> 30m \u00e1nh s\u00e1ng tr\u1eafng (ColorVu)<\/p>\n<\/li>\n<li data-start=\"3755\" data-end=\"3780\">\n<p data-start=\"3757\" data-end=\"3780\"><strong data-start=\"3757\" data-end=\"3771\">Chu\u1ea9n n\u00e9n:<\/strong> H.265+<\/p>\n<\/li>\n<li data-start=\"3781\" data-end=\"3813\">\n<p data-start=\"3783\" data-end=\"3813\"><strong data-start=\"3783\" data-end=\"3796\">\u00c2m thanh:<\/strong> Kh\u00f4ng c\u00f3 micro<\/p>\n<\/li>\n<li data-start=\"3814\" data-end=\"3858\">\n<p data-start=\"3816\" data-end=\"3858\"><strong data-start=\"3816\" data-end=\"3835\">L\u01b0u tr\u1eef c\u1ee5c b\u1ed9:<\/strong> Kh\u00f4ng h\u1ed7 tr\u1ee3 th\u1ebb nh\u1edb<\/p>\n<\/li>\n<li data-start=\"3859\" data-end=\"3885\">\n<p data-start=\"3861\" data-end=\"3885\"><strong data-start=\"3861\" data-end=\"3878\">Chu\u1ea9n b\u1ea3o v\u1ec7:<\/strong> IP67<\/p>\n<\/li>\n<li data-start=\"3886\" data-end=\"3912\">\n<p data-start=\"3888\" data-end=\"3912\"><strong data-start=\"3888\" data-end=\"3898\">Ngu\u1ed3n:<\/strong> 12VDC \/ PoE<\/p>\n<\/li>\n<li data-start=\"3913\" data-end=\"3948\">\n<p data-start=\"3915\" data-end=\"3948\"><strong data-start=\"3915\" data-end=\"3931\">M\u00e3 s\u1ea3n ph\u1ea9m:<\/strong> DS-2CD1327G0-L<\/p>\n<\/li>\n<li data-start=\"3949\" data-end=\"3988\">\n<p data-start=\"3951\" data-end=\"3988\"><strong data-start=\"3951\" data-end=\"3964\">B\u1ea3o h\u00e0nh:<\/strong> <strong data-start=\"3965\" data-end=\"3988\">24 th\u00e1ng ch\u00ednh h\u00e3ng<\/strong><\/p>\n<\/li>\n<\/ul>\n","protected":false},"featured_media":4343,"comment_status":"open","ping_status":"closed","template":"","meta":{"_acf_changed":false,"_eb_attr":"","_bst_post_transparent":"default","_bst_post_title":"","_bst_post_layout":"default","_bst_post_sidebar_id":"","_bst_post_content_style":"default","_bst_post_vertical_padding":"default","_bst_post_feature":"","_bst_post_feature_position":"","_bst_post_header":false,"_bst_post_footer":false},"product_brand":[],"product_cat":[397],"product_tag":[],"product_brands":[],"class_list":{"0":"post-4366","1":"product","2":"type-product","3":"status-publish","4":"has-post-thumbnail","6":"product_cat-camera","8":"first","9":"instock","10":"shipping-taxable","11":"purchasable","12":"product-type-simple","13":"entry","14":"content-bg","15":"loop-entry"},"acf":[],"aioseo_notices":[],"_links":{"self":[{"href":"https:\/\/partvietnam.com\/en\/wp-json\/wp\/v2\/product\/4366","targetHints":{"allow":["GET"]}}],"collection":[{"href":"https:\/\/partvietnam.com\/en\/wp-json\/wp\/v2\/product"}],"about":[{"href":"https:\/\/partvietnam.com\/en\/wp-json\/wp\/v2\/types\/product"}],"replies":[{"embeddable":true,"href":"https:\/\/partvietnam.com\/en\/wp-json\/wp\/v2\/comments?post=4366"}],"wp:featuredmedia":[{"embeddable":true,"href":"https:\/\/partvietnam.com\/en\/wp-json\/wp\/v2\/media\/4343"}],"wp:attachment":[{"href":"https:\/\/partvietnam.com\/en\/wp-json\/wp\/v2\/media?parent=4366"}],"wp:term":[{"taxonomy":"product_brand","embeddable":true,"href":"https:\/\/partvietnam.com\/en\/wp-json\/wp\/v2\/product_brand?post=4366"},{"taxonomy":"product_cat","embeddable":true,"href":"https:\/\/partvietnam.com\/en\/wp-json\/wp\/v2\/product_cat?post=4366"},{"taxonomy":"product_tag","embeddable":true,"href":"https:\/\/partvietnam.com\/en\/wp-json\/wp\/v2\/product_tag?post=4366"},{"taxonomy":"product_brands","embeddable":true,"href":"https:\/\/partvietnam.com\/en\/wp-json\/wp\/v2\/product_brands?post=4366"}],"curies":[{"name":"wp","href":"https:\/\/api.w.org\/{rel}","templated":true}]}}