{"id":4593,"date":"2025-09-05T10:36:04","date_gmt":"2025-09-05T03:36:04","guid":{"rendered":"https:\/\/partvietnam.com\/?post_type=product&#038;p=4593"},"modified":"2026-04-15T23:11:41","modified_gmt":"2026-04-15T16:11:41","slug":"thiet-bi-bao-mat-juniper-srx320-services-gateway-srx320-sys-jb","status":"publish","type":"product","link":"https:\/\/partvietnam.com\/en\/product\/thiet-bi-bao-mat-juniper-srx320-services-gateway-srx320-sys-jb\/","title":{"rendered":"Thi\u1ebft b\u1ecb b\u1ea3o m\u1eadt Juniper SRX320 Services Gateway -SRX320-SYS-JB"},"content":{"rendered":"<?xml encoding=\"utf-8\" ?><p style=\"text-align: justify;\">Thi&#7871;t b&#7883; b&#7843;o m&#7853;t Juniper SRX320 Services Gateway -SRX320-SYS-JB l&agrave; <a href=\"https:\/\/partvietnam.com\/product-category\/thiet-bi-bao-mat\/\">thi&#7871;t b&#7883; t&#432;&#7901;ng l&#7917;a<\/a> th&#7871; h&#7879; m&#7899;i (Next-Generation Firewall &ndash; NGFW) thu&#7897;c d&ograve;ng SRX Series, &#273;&#432;&#7907;c thi&#7871;t k&#7871; d&agrave;nh cho chi nh&aacute;nh doanh nghi&#7879;p, v&#259;n ph&ograve;ng nh&#7887; v&agrave; m&ocirc;i tr&#432;&#7901;ng m&#7841;ng ph&acirc;n t&aacute;n. Thi&#7871;t b&#7883; cung c&#7845;p s&#7921; k&#7871;t h&#7907;p m&#7841;nh m&#7869; gi&#7919;a b&#7843;o m&#7853;t, &#273;&#7883;nh tuy&#7871;n, chuy&#7875;n m&#7841;ch v&agrave; d&#7883;ch v&#7909; WAN, t&#7845;t c&#7843; trong m&#7897;t n&#7873;n t&#7843;ng g&#7885;n nh&#7865;, hi&#7879;u n&#259;ng cao.<\/p><h2 style=\"text-align: justify;\">SRX320 &#273;i k&egrave;m &#273;&#7847;y &#273;&#7911; ph&#7847;n c&#7913;ng v&agrave; ph&#7847;n m&#7873;m c&#417; b&#7843;n:<\/h2><ul style=\"text-align: justify;\">\n<li>8 c&#7893;ng Gigabit Ethernet (GE) cho k&#7871;t n&#7889;i linh ho&#7841;t.<\/li>\n<li>2 khe c&#7855;m Mini-PIM (MPIM) m&#7903; r&#7897;ng cho c&aacute;c module b&#7893; sung.<\/li>\n<li>B&#7897; nh&#7899; 4 GB RAM v&agrave; 8 GB Flash.<\/li>\n<li>Bao g&#7891;m adapter v&agrave; d&acirc;y ngu&#7891;n.<\/li>\n<li>T&iacute;ch h&#7907;p h&#7879; &#273;i&#7873;u h&agrave;nh Junos OS v&#7899;i &#273;&#7847;y &#273;&#7911; t&iacute;nh n&#259;ng: Firewall, NAT, IPSec VPN, &#273;&#7883;nh tuy&#7871;n, MPLS v&agrave; switching.<\/li>\n<li>V&#7899;i kh&#7843; n&#259;ng b&#7843;o m&#7853;t to&agrave;n di&#7879;n, hi&#7879;u su&#7845;t v&#432;&#7907;t tr&#7897;i v&agrave; qu&#7843;n l&yacute; t&#7853;p trung, Juniper SRX320 gi&uacute;p doanh nghi&#7879;p b&#7843;o v&#7879; h&#7879; th&#7889;ng m&#7841;ng kh&#7887;i c&aacute;c m&#7889;i &#273;e d&#7885;a ng&agrave;y c&agrave;ng tinh vi, &#273;&#7891;ng th&#7901;i gi&#7843;m chi ph&iacute; &#273;&#7847;u t&#432; v&agrave; v&#7853;n h&agrave;nh.<\/li>\n<\/ul><h2 style=\"text-align: justify;\">&#272;&#7863;c &#273;i&#7875;m n&#7893;i b&#7853;t<\/h2><h3 style=\"text-align: justify;\">B&#7843;o m&#7853;t to&agrave;n di&#7879;n<\/h3><ul style=\"text-align: justify;\">\n<li>T&#432;&#7901;ng l&#7917;a th&#7871; h&#7879; m&#7899;i t&iacute;ch h&#7907;p s&#7861;n Firewall, NAT, IPSec VPN.<\/li>\n<li>H&#7895; tr&#7907; l&#7885;c g&oacute;i, ki&#7875;m so&aacute;t &#7913;ng d&#7909;ng v&agrave; b&#7843;o v&#7879; tr&#432;&#7899;c c&aacute;c m&#7889;i &#273;e d&#7885;a.<\/li>\n<li>C&oacute; th&#7875; b&#7893; sung t&iacute;nh n&#259;ng IPS, Antivirus, Web Filtering, Application Visibility &amp; Control.<\/li>\n<\/ul><h3 style=\"text-align: justify;\">Hi&#7879;u n&#259;ng m&#7841;nh m&#7869;<\/h3><ul style=\"text-align: justify;\">\n<li>Firewall throughput l&ecirc;n &#273;&#7871;n 1 Gbps.<\/li>\n<li>VPN throughput kho&#7843;ng 300 Mbps, ph&ugrave; h&#7907;p cho k&#7871;t n&#7889;i chi nh&aacute;nh.<\/li>\n<li>Kh&#7843; n&#259;ng x&#7917; l&yacute; &#273;&#7891;ng th&#7901;i h&agrave;ng tr&#259;m ngh&igrave;n phi&ecirc;n k&#7871;t n&#7889;i.<\/li>\n<\/ul><h3 style=\"text-align: justify;\">K&#7871;t n&#7889;i linh ho&#7841;t v&agrave; m&#7903; r&#7897;ng d&#7877; d&agrave;ng<\/h3><ul style=\"text-align: justify;\">\n<li>8 x Gigabit Ethernet cho m&#7841;ng LAN\/WAN.<\/li>\n<li>2 khe MPIM h&#7895; tr&#7907; module m&#7903; r&#7897;ng (WAN, 4G\/LTE, ho&#7863;c c&#7893;ng b&#7893; sung).<\/li>\n<li>T&iacute;ch h&#7907;p switching Layer 2, routing Layer 3, MPLS v&agrave; multicast.<\/li>\n<\/ul><h3 style=\"text-align: justify;\">Qu&#7843;n l&yacute; &#273;&#417;n gi&#7843;n, v&#7853;n h&agrave;nh &#7893;n &#273;&#7883;nh<\/h3><ul style=\"text-align: justify;\">\n<li>Ch&#7841;y h&#7879; &#273;i&#7873;u h&agrave;nh Junos OS, th&#7889;ng nh&#7845;t tr&ecirc;n to&agrave;n b&#7897; s&#7843;n ph&#7849;m Juniper.<\/li>\n<li>H&#7895; tr&#7907; qu&#7843;n l&yacute; qua CLI, Web GUI, SNMP v&agrave; Junos Space Security Director.<\/li>\n<li>D&#7877; d&agrave;ng tri&#7875;n khai Zero-Touch Provisioning cho chi nh&aacute;nh t&#7915; xa.<\/li>\n<\/ul><h3 style=\"text-align: justify;\">Thi&#7871;t k&#7871; nh&#7887; g&#7885;n, ti&#7871;t ki&#7879;m kh&ocirc;ng gian<\/h3><ul style=\"text-align: justify;\">\n<li>K&iacute;ch th&#432;&#7899;c ph&ugrave; h&#7907;p cho v&#259;n ph&ograve;ng ho&#7863;c t&#7911; m&#7841;ng nh&#7887;.<\/li>\n<li>Bao g&#7891;m ngu&#7891;n v&agrave; d&acirc;y c&aacute;p, d&#7877; d&agrave;ng tri&#7875;n khai ngay.<\/li>\n<\/ul><h3 style=\"text-align: justify;\">&#7912;ng d&#7909;ng th&#7921;c t&#7871;<\/h3><ul style=\"text-align: justify;\">\n<li>V&#259;n ph&ograve;ng chi nh&aacute;nh doanh nghi&#7879;p c&#7847;n gi&#7843;i ph&aacute;p b&#7843;o m&#7853;t v&agrave; VPN k&#7871;t n&#7889;i v&#7873; trung t&acirc;m.<\/li>\n<li>Doanh nghi&#7879;p v&#7915;a v&agrave; nh&#7887; mu&#7889;n t&iacute;ch h&#7907;p b&#7843;o m&#7853;t + &#273;&#7883;nh tuy&#7871;n + switching trong m&#7897;t thi&#7871;t b&#7883; duy nh&#7845;t.<\/li>\n<li>M&ocirc;i tr&#432;&#7901;ng ph&acirc;n t&aacute;n (chu&#7895;i c&#7917;a h&agrave;ng, h&#7879; th&#7889;ng gi&aacute;o d&#7909;c, y t&#7871;) c&#7847;n qu&#7843;n l&yacute; t&#7853;p trung v&agrave; b&#7843;o m&#7853;t &#273;&#7891;ng b&#7897;.<\/li>\n<li>K&#7871;t n&#7889;i WAN an to&agrave;n v&#7899;i IPSec VPN v&agrave; h&#7895; tr&#7907; MPLS.<\/li>\n<\/ul><p style=\"text-align: justify;\">V&#7899;i s&#7921; k&#7871;t h&#7907;p c&#7911;a t&#432;&#7901;ng l&#7917;a th&#7871; h&#7879; m&#7899;i, VPN, &#273;&#7883;nh tuy&#7871;n v&agrave; switching, Juniper SRX320 Services Gateway l&agrave; l&#7921;a ch&#7885;n t&#7889;i &#432;u cho doanh nghi&#7879;p mu&#7889;n tri&#7875;n khai m&#7897;t gi&#7843;i ph&aacute;p b&#7843;o m&#7853;t g&#7885;n nh&#7865;, m&#7841;nh m&#7869; v&agrave; d&#7877; qu&#7843;n l&yacute; cho chi nh&aacute;nh ho&#7863;c v&#259;n ph&ograve;ng quy m&ocirc; nh&#7887;.<\/p>\n","protected":false},"excerpt":{"rendered":"<ul>\n<li data-start=\"109\" data-end=\"170\">\n<p style=\"text-align: justify;\" data-start=\"111\" data-end=\"170\">8 c\u1ed5ng Gigabit Ethernet, 2 khe m\u1edf r\u1ed9ng Mini-PIM linh ho\u1ea1t<\/p>\n<\/li>\n<li style=\"text-align: justify;\" data-start=\"171\" data-end=\"248\">\n<p data-start=\"173\" data-end=\"248\">T\u00edch h\u1ee3p firewall, NAT, VPN, routing, MPLS v\u00e0 switching tr\u00ean n\u1ec1n Junos OS<\/p>\n<\/li>\n<li style=\"text-align: justify;\" data-start=\"249\" data-end=\"313\">\n<p data-start=\"251\" data-end=\"313\">Hi\u1ec7u n\u0103ng firewall t\u1ed1i \u0111a 1 Gbps, VPN IPSec l\u00ean \u0111\u1ebfn 300 Mbps<\/p>\n<\/li>\n<li style=\"text-align: justify;\" data-start=\"314\" data-end=\"368\">\n<p data-start=\"316\" data-end=\"368\">B\u1ed9 nh\u1edb 4 GB RAM, 8 GB Flash, \u0111\u1ea3m b\u1ea3o x\u1eed l\u00fd \u1ed5n \u0111\u1ecbnh<\/p>\n<\/li>\n<li data-start=\"369\" data-end=\"432\">\n<p style=\"text-align: justify;\" data-start=\"371\" data-end=\"432\">Thi\u1ebft k\u1ebf nh\u1ecf g\u1ecdn, ph\u00f9 h\u1ee3p cho SMB v\u00e0 chi nh\u00e1nh doanh nghi\u1ec7p<\/p>\n<\/li>\n<\/ul>\n","protected":false},"featured_media":4594,"comment_status":"open","ping_status":"closed","template":"","meta":{"_acf_changed":false,"_eb_attr":"","_bst_post_transparent":"default","_bst_post_title":"","_bst_post_layout":"default","_bst_post_sidebar_id":"","_bst_post_content_style":"default","_bst_post_vertical_padding":"default","_bst_post_feature":"","_bst_post_feature_position":"","_bst_post_header":false,"_bst_post_footer":false},"product_brand":[],"product_cat":[116,304,15],"product_tag":[],"product_brands":[],"class_list":{"0":"post-4593","1":"product","2":"type-product","3":"status-publish","4":"has-post-thumbnail","6":"product_cat-thiet-bi-bao-mat","7":"product_cat-thiet-bi-bao-mat-juniper","8":"product_cat-uncategorized","10":"first","11":"instock","12":"shipping-taxable","13":"purchasable","14":"product-type-simple","15":"entry","16":"content-bg","17":"loop-entry"},"acf":[],"aioseo_notices":[],"_links":{"self":[{"href":"https:\/\/partvietnam.com\/en\/wp-json\/wp\/v2\/product\/4593","targetHints":{"allow":["GET"]}}],"collection":[{"href":"https:\/\/partvietnam.com\/en\/wp-json\/wp\/v2\/product"}],"about":[{"href":"https:\/\/partvietnam.com\/en\/wp-json\/wp\/v2\/types\/product"}],"replies":[{"embeddable":true,"href":"https:\/\/partvietnam.com\/en\/wp-json\/wp\/v2\/comments?post=4593"}],"wp:featuredmedia":[{"embeddable":true,"href":"https:\/\/partvietnam.com\/en\/wp-json\/wp\/v2\/media\/4594"}],"wp:attachment":[{"href":"https:\/\/partvietnam.com\/en\/wp-json\/wp\/v2\/media?parent=4593"}],"wp:term":[{"taxonomy":"product_brand","embeddable":true,"href":"https:\/\/partvietnam.com\/en\/wp-json\/wp\/v2\/product_brand?post=4593"},{"taxonomy":"product_cat","embeddable":true,"href":"https:\/\/partvietnam.com\/en\/wp-json\/wp\/v2\/product_cat?post=4593"},{"taxonomy":"product_tag","embeddable":true,"href":"https:\/\/partvietnam.com\/en\/wp-json\/wp\/v2\/product_tag?post=4593"},{"taxonomy":"product_brands","embeddable":true,"href":"https:\/\/partvietnam.com\/en\/wp-json\/wp\/v2\/product_brands?post=4593"}],"curies":[{"name":"wp","href":"https:\/\/api.w.org\/{rel}","templated":true}]}}